{"id":1177,"date":"2024-01-28T14:09:28","date_gmt":"2024-01-28T13:09:28","guid":{"rendered":"https:\/\/gppb.eu\/?page_id=1177"},"modified":"2024-01-28T14:09:29","modified_gmt":"2024-01-28T13:09:29","slug":"121-prowokacja-styczen-2024-podsumowanie","status":"publish","type":"page","link":"https:\/\/gppb.eu\/index.php\/121-prowokacja-styczen-2024-podsumowanie\/","title":{"rendered":"121 Prowokacja (stycze\u0144 2024) &#8211; podsumowanie"},"content":{"rendered":"\n<p>Mimo nie najlepszej pogody, kolorowe stroje i energia uczestnik\u00f3w sprawi\u0142y \u017ce znowu w parku kultury i wypoczynku w Gliwicach przy ul. Chorzowskiej zrobi\u0142o si\u0119 gor\u0105co!<\/p>\n\n\n\n<figure class=\"wp-block-gallery has-nested-images columns-default is-cropped wp-block-gallery-1 is-layout-flex wp-block-gallery-is-layout-flex\">\n<figure class=\"wp-block-image size-large\"><img fetchpriority=\"high\" decoding=\"async\" width=\"1024\" height=\"577\" data-id=\"1190\" src=\"https:\/\/gppb.eu\/wp-content\/uploads\/2024\/01\/421830476_881727380622469_1556362954172296371_n-1024x577.jpg\" alt=\"\" class=\"wp-image-1190\" srcset=\"https:\/\/gppb.eu\/wp-content\/uploads\/2024\/01\/421830476_881727380622469_1556362954172296371_n-1024x577.jpg 1024w, https:\/\/gppb.eu\/wp-content\/uploads\/2024\/01\/421830476_881727380622469_1556362954172296371_n-300x169.jpg 300w, https:\/\/gppb.eu\/wp-content\/uploads\/2024\/01\/421830476_881727380622469_1556362954172296371_n-768x432.jpg 768w, https:\/\/gppb.eu\/wp-content\/uploads\/2024\/01\/421830476_881727380622469_1556362954172296371_n-1536x865.jpg 1536w, https:\/\/gppb.eu\/wp-content\/uploads\/2024\/01\/421830476_881727380622469_1556362954172296371_n-24x14.jpg 24w, https:\/\/gppb.eu\/wp-content\/uploads\/2024\/01\/421830476_881727380622469_1556362954172296371_n-36x20.jpg 36w, https:\/\/gppb.eu\/wp-content\/uploads\/2024\/01\/421830476_881727380622469_1556362954172296371_n-48x27.jpg 48w, https:\/\/gppb.eu\/wp-content\/uploads\/2024\/01\/421830476_881727380622469_1556362954172296371_n.jpg 2048w\" sizes=\"(max-width: 1024px) 100vw, 1024px\" \/><\/figure>\n\n\n\n<figure class=\"wp-block-image size-large\"><img decoding=\"async\" width=\"1024\" height=\"577\" data-id=\"1192\" src=\"https:\/\/gppb.eu\/wp-content\/uploads\/2024\/01\/421831761_881726363955904_3066295462465854735_n-1024x577.jpg\" alt=\"\" class=\"wp-image-1192\" srcset=\"https:\/\/gppb.eu\/wp-content\/uploads\/2024\/01\/421831761_881726363955904_3066295462465854735_n-1024x577.jpg 1024w, https:\/\/gppb.eu\/wp-content\/uploads\/2024\/01\/421831761_881726363955904_3066295462465854735_n-300x169.jpg 300w, https:\/\/gppb.eu\/wp-content\/uploads\/2024\/01\/421831761_881726363955904_3066295462465854735_n-768x432.jpg 768w, https:\/\/gppb.eu\/wp-content\/uploads\/2024\/01\/421831761_881726363955904_3066295462465854735_n-1536x865.jpg 1536w, https:\/\/gppb.eu\/wp-content\/uploads\/2024\/01\/421831761_881726363955904_3066295462465854735_n-24x14.jpg 24w, https:\/\/gppb.eu\/wp-content\/uploads\/2024\/01\/421831761_881726363955904_3066295462465854735_n-36x20.jpg 36w, https:\/\/gppb.eu\/wp-content\/uploads\/2024\/01\/421831761_881726363955904_3066295462465854735_n-48x27.jpg 48w, https:\/\/gppb.eu\/wp-content\/uploads\/2024\/01\/421831761_881726363955904_3066295462465854735_n.jpg 2048w\" sizes=\"(max-width: 1024px) 100vw, 1024px\" \/><\/figure>\n\n\n\n<figure class=\"wp-block-image size-large\"><img decoding=\"async\" width=\"1024\" height=\"577\" data-id=\"1186\" src=\"https:\/\/gppb.eu\/wp-content\/uploads\/2024\/01\/421848717_881722607289613_6107564415588801316_n-1024x577.jpg\" alt=\"\" class=\"wp-image-1186\" srcset=\"https:\/\/gppb.eu\/wp-content\/uploads\/2024\/01\/421848717_881722607289613_6107564415588801316_n-1024x577.jpg 1024w, https:\/\/gppb.eu\/wp-content\/uploads\/2024\/01\/421848717_881722607289613_6107564415588801316_n-300x169.jpg 300w, https:\/\/gppb.eu\/wp-content\/uploads\/2024\/01\/421848717_881722607289613_6107564415588801316_n-768x432.jpg 768w, https:\/\/gppb.eu\/wp-content\/uploads\/2024\/01\/421848717_881722607289613_6107564415588801316_n-1536x865.jpg 1536w, https:\/\/gppb.eu\/wp-content\/uploads\/2024\/01\/421848717_881722607289613_6107564415588801316_n-24x14.jpg 24w, https:\/\/gppb.eu\/wp-content\/uploads\/2024\/01\/421848717_881722607289613_6107564415588801316_n-36x20.jpg 36w, https:\/\/gppb.eu\/wp-content\/uploads\/2024\/01\/421848717_881722607289613_6107564415588801316_n-48x27.jpg 48w, https:\/\/gppb.eu\/wp-content\/uploads\/2024\/01\/421848717_881722607289613_6107564415588801316_n.jpg 2048w\" sizes=\"(max-width: 1024px) 100vw, 1024px\" \/><\/figure>\n\n\n\n<figure class=\"wp-block-image size-large\"><img loading=\"lazy\" decoding=\"async\" width=\"1024\" height=\"577\" data-id=\"1191\" src=\"https:\/\/gppb.eu\/wp-content\/uploads\/2024\/01\/421935649_881723090622898_2195289548526234214_n-1-1024x577.jpg\" alt=\"\" class=\"wp-image-1191\" srcset=\"https:\/\/gppb.eu\/wp-content\/uploads\/2024\/01\/421935649_881723090622898_2195289548526234214_n-1-1024x577.jpg 1024w, https:\/\/gppb.eu\/wp-content\/uploads\/2024\/01\/421935649_881723090622898_2195289548526234214_n-1-300x169.jpg 300w, https:\/\/gppb.eu\/wp-content\/uploads\/2024\/01\/421935649_881723090622898_2195289548526234214_n-1-768x432.jpg 768w, https:\/\/gppb.eu\/wp-content\/uploads\/2024\/01\/421935649_881723090622898_2195289548526234214_n-1-1536x865.jpg 1536w, https:\/\/gppb.eu\/wp-content\/uploads\/2024\/01\/421935649_881723090622898_2195289548526234214_n-1-24x14.jpg 24w, https:\/\/gppb.eu\/wp-content\/uploads\/2024\/01\/421935649_881723090622898_2195289548526234214_n-1-36x20.jpg 36w, https:\/\/gppb.eu\/wp-content\/uploads\/2024\/01\/421935649_881723090622898_2195289548526234214_n-1-48x27.jpg 48w, https:\/\/gppb.eu\/wp-content\/uploads\/2024\/01\/421935649_881723090622898_2195289548526234214_n-1.jpg 2048w\" sizes=\"(max-width: 1024px) 100vw, 1024px\" \/><\/figure>\n\n\n\n<figure class=\"wp-block-image size-large\"><img loading=\"lazy\" decoding=\"async\" width=\"1024\" height=\"577\" data-id=\"1188\" src=\"https:\/\/gppb.eu\/wp-content\/uploads\/2024\/01\/421942484_881724840622723_6195425981037444706_n-1024x577.jpg\" alt=\"\" class=\"wp-image-1188\" srcset=\"https:\/\/gppb.eu\/wp-content\/uploads\/2024\/01\/421942484_881724840622723_6195425981037444706_n-1024x577.jpg 1024w, https:\/\/gppb.eu\/wp-content\/uploads\/2024\/01\/421942484_881724840622723_6195425981037444706_n-300x169.jpg 300w, https:\/\/gppb.eu\/wp-content\/uploads\/2024\/01\/421942484_881724840622723_6195425981037444706_n-768x432.jpg 768w, https:\/\/gppb.eu\/wp-content\/uploads\/2024\/01\/421942484_881724840622723_6195425981037444706_n-1536x865.jpg 1536w, https:\/\/gppb.eu\/wp-content\/uploads\/2024\/01\/421942484_881724840622723_6195425981037444706_n-24x14.jpg 24w, https:\/\/gppb.eu\/wp-content\/uploads\/2024\/01\/421942484_881724840622723_6195425981037444706_n-36x20.jpg 36w, https:\/\/gppb.eu\/wp-content\/uploads\/2024\/01\/421942484_881724840622723_6195425981037444706_n-48x27.jpg 48w, https:\/\/gppb.eu\/wp-content\/uploads\/2024\/01\/421942484_881724840622723_6195425981037444706_n.jpg 2048w\" sizes=\"(max-width: 1024px) 100vw, 1024px\" \/><\/figure>\n\n\n\n<figure class=\"wp-block-image size-large\"><img loading=\"lazy\" decoding=\"async\" width=\"1024\" height=\"577\" data-id=\"1187\" src=\"https:\/\/gppb.eu\/wp-content\/uploads\/2024\/01\/421961947_881723943956146_6516484478074742449_n-1024x577.jpg\" alt=\"\" class=\"wp-image-1187\" srcset=\"https:\/\/gppb.eu\/wp-content\/uploads\/2024\/01\/421961947_881723943956146_6516484478074742449_n-1024x577.jpg 1024w, https:\/\/gppb.eu\/wp-content\/uploads\/2024\/01\/421961947_881723943956146_6516484478074742449_n-300x169.jpg 300w, https:\/\/gppb.eu\/wp-content\/uploads\/2024\/01\/421961947_881723943956146_6516484478074742449_n-768x432.jpg 768w, https:\/\/gppb.eu\/wp-content\/uploads\/2024\/01\/421961947_881723943956146_6516484478074742449_n-1536x865.jpg 1536w, https:\/\/gppb.eu\/wp-content\/uploads\/2024\/01\/421961947_881723943956146_6516484478074742449_n-24x14.jpg 24w, https:\/\/gppb.eu\/wp-content\/uploads\/2024\/01\/421961947_881723943956146_6516484478074742449_n-36x20.jpg 36w, https:\/\/gppb.eu\/wp-content\/uploads\/2024\/01\/421961947_881723943956146_6516484478074742449_n-48x27.jpg 48w, https:\/\/gppb.eu\/wp-content\/uploads\/2024\/01\/421961947_881723943956146_6516484478074742449_n.jpg 2048w\" sizes=\"(max-width: 1024px) 100vw, 1024px\" \/><\/figure>\n<\/figure>\n\n\n\n<p>W styczniowej prowokacji w parku stawi\u0142o si\u0119 <span style=\"font-size: large; font-weight: bold; color: red;\">317<\/span> uczestnik\u00f3w (230 biegaczy i 87 NW)! Pokonali\u015bmy wsp\u00f3lnie <span style=\"font-size: large; font-weight: bold; color: red;\">554<\/span> okr\u0105\u017cenia (443 biegiem i 111 NW) co daje w sumie imponuj\u0105ce <span style=\"font-size: large; font-weight: bold; color: red; white-space: nowrap;\">2 337 km<\/span> (1 869 km biegacze oraz 468 km NW). Przy takiej frekwencji to mo\u017ce by\u0107 rekordowy rok pod wzgl\u0119dem sprowokowanych os\u00f3b! W lutym liczymy na jeszcze wy\u017csz\u0105 frekwencj\u0119! Jeste\u015bcie wspaniali!<\/p>\n\n\n\n<p><strong>Galerie zdj\u0119\u0107<\/strong>: <a href=\"https:\/\/www.facebook.com\/media\/set\/?vanity=januszdadasfotografia&amp;set=a.881734790621728\" data-type=\"link\" data-id=\"https:\/\/www.facebook.com\/media\/set\/?vanity=januszdadasfotografia&amp;set=a.881734790621728\">Janusz Dada\u015b<\/a>, <a href=\"https:\/\/www.facebook.com\/media\/set\/?vanity=prowokacjabiegowa&amp;set=a.717001807087014\">Dominik B\u0142aszczyk<\/a>, <a href=\"https:\/\/dziennikzachodni.pl\/gliwicka-parkowa-prowokacja-biegowa-w-gliwicach-biegli-w-karnawalowych-przebraniach-zdjecia\/ar\/c2-18267301?fbclid=IwAR1ZijLWaxckcun-zCHvo61wlt6PpGan4WuS3eQfOhkumu-1N4Op1pPJ2U8\">Dziennik Zchodni<\/a> &#8211; dzi\u0119kujemy wszystkim za wspania\u0142e zdj\u0119cia!<\/p>\n\n\n\n<p><\/p>\n\n\n\n<p><strong>INFORMACJA DLA SP\u00d3\u0179NIALSKICH<\/strong><\/p>\n\n\n\n<p>Je\u017celi chcecie powalczy\u0107 o z\u0142ot\u0105, prowokacyjn\u0105 statuetk\u0119 2024 a przegapili\u015bcie zawody w parku (a mo\u017ce chcecie sprowokowa\u0107 jakiego\u015b znajomego do walki z lenistwem?) to jeszcze nic straconego. Zapiszcie si\u0119 na prowokacj\u0119 i do niedzieli do p\u00f3\u0142nocy wy\u015blijcie swoj\u0105 aktywno\u015b\u0107 w ramach e-prowokacji.. To kto jeszcze do\u0142\u0105czy i powalczy o prowokacyjn\u0105 statuetk\u0119 2024?<\/p>\n","protected":false},"excerpt":{"rendered":"<p>Mimo nie najlepszej pogody, kolorowe stroje i energia uczestnik\u00f3w sprawi\u0142y \u017ce znowu w parku kultury i wypoczynku w Gliwicach przy ul. Chorzowskiej zrobi\u0142o si\u0119 gor\u0105co! W styczniowej prowokacji w parku stawi\u0142o si\u0119 317 uczestnik\u00f3w (230 biegaczy i 87 NW)! Pokonali\u015bmy wsp\u00f3lnie 554 okr\u0105\u017cenia (443 biegiem i 111 NW) co daje w sumie imponuj\u0105ce 2 337 [&hellip;]<\/p>\n","protected":false},"author":2,"featured_media":0,"parent":0,"menu_order":0,"comment_status":"closed","ping_status":"closed","template":"","meta":{"site-sidebar-layout":"default","site-content-layout":"","ast-site-content-layout":"default","site-content-style":"default","site-sidebar-style":"default","ast-global-header-display":"","ast-banner-title-visibility":"","ast-main-header-display":"","ast-hfb-above-header-display":"","ast-hfb-below-header-display":"","ast-hfb-mobile-header-display":"","site-post-title":"","ast-breadcrumbs-content":"","ast-featured-img":"","footer-sml-layout":"","ast-disable-related-posts":"","theme-transparent-header-meta":"","adv-header-id-meta":"","stick-header-meta":"","header-above-stick-meta":"","header-main-stick-meta":"","header-below-stick-meta":"","astra-migrate-meta-layouts":"set","ast-page-background-enabled":"default","ast-page-background-meta":{"desktop":{"background-color":"var(--ast-global-color-4)","background-image":"","background-repeat":"repeat","background-position":"center center","background-size":"auto","background-attachment":"scroll","background-type":"","background-media":"","overlay-type":"","overlay-color":"","overlay-opacity":"","overlay-gradient":""},"tablet":{"background-color":"","background-image":"","background-repeat":"repeat","background-position":"center center","background-size":"auto","background-attachment":"scroll","background-type":"","background-media":"","overlay-type":"","overlay-color":"","overlay-opacity":"","overlay-gradient":""},"mobile":{"background-color":"","background-image":"","background-repeat":"repeat","background-position":"center center","background-size":"auto","background-attachment":"scroll","background-type":"","background-media":"","overlay-type":"","overlay-color":"","overlay-opacity":"","overlay-gradient":""}},"ast-content-background-meta":{"desktop":{"background-color":"var(--ast-global-color-5)","background-image":"","background-repeat":"repeat","background-position":"center center","background-size":"auto","background-attachment":"scroll","background-type":"","background-media":"","overlay-type":"","overlay-color":"","overlay-opacity":"","overlay-gradient":""},"tablet":{"background-color":"var(--ast-global-color-5)","background-image":"","background-repeat":"repeat","background-position":"center center","background-size":"auto","background-attachment":"scroll","background-type":"","background-media":"","overlay-type":"","overlay-color":"","overlay-opacity":"","overlay-gradient":""},"mobile":{"background-color":"var(--ast-global-color-5)","background-image":"","background-repeat":"repeat","background-position":"center center","background-size":"auto","background-attachment":"scroll","background-type":"","background-media":"","overlay-type":"","overlay-color":"","overlay-opacity":"","overlay-gradient":""}},"footnotes":""},"class_list":["post-1177","page","type-page","status-publish","hentry"],"_links":{"self":[{"href":"https:\/\/gppb.eu\/index.php\/wp-json\/wp\/v2\/pages\/1177","targetHints":{"allow":["GET"]}}],"collection":[{"href":"https:\/\/gppb.eu\/index.php\/wp-json\/wp\/v2\/pages"}],"about":[{"href":"https:\/\/gppb.eu\/index.php\/wp-json\/wp\/v2\/types\/page"}],"author":[{"embeddable":true,"href":"https:\/\/gppb.eu\/index.php\/wp-json\/wp\/v2\/users\/2"}],"replies":[{"embeddable":true,"href":"https:\/\/gppb.eu\/index.php\/wp-json\/wp\/v2\/comments?post=1177"}],"version-history":[{"count":1,"href":"https:\/\/gppb.eu\/index.php\/wp-json\/wp\/v2\/pages\/1177\/revisions"}],"predecessor-version":[{"id":1204,"href":"https:\/\/gppb.eu\/index.php\/wp-json\/wp\/v2\/pages\/1177\/revisions\/1204"}],"wp:attachment":[{"href":"https:\/\/gppb.eu\/index.php\/wp-json\/wp\/v2\/media?parent=1177"}],"curies":[{"name":"wp","href":"https:\/\/api.w.org\/{rel}","templated":true}]}}