{"id":1927,"date":"2024-06-30T17:22:42","date_gmt":"2024-06-30T15:22:42","guid":{"rendered":"https:\/\/gppb.eu\/?page_id=1927"},"modified":"2024-06-30T18:01:09","modified_gmt":"2024-06-30T16:01:09","slug":"vi-maraton-pedziwiatra-wyniki","status":"publish","type":"page","link":"https:\/\/gppb.eu\/index.php\/vi-maraton-pedziwiatra-wyniki\/","title":{"rendered":"VI Maraton P\u0119dziwiatra -wyniki"},"content":{"rendered":"\t\t<div data-elementor-type=\"wp-page\" data-elementor-id=\"1927\" class=\"elementor elementor-1927\">\n\t\t\t\t\t\t<section class=\"elementor-section elementor-top-section elementor-element elementor-element-3b25c050 elementor-section-boxed elementor-section-height-default elementor-section-height-default\" data-id=\"3b25c050\" data-element_type=\"section\" data-e-type=\"section\">\n\t\t\t\t\t\t<div class=\"elementor-container elementor-column-gap-default\">\n\t\t\t\t\t<div class=\"elementor-column elementor-col-100 elementor-top-column elementor-element elementor-element-37aaf5f3\" data-id=\"37aaf5f3\" data-element_type=\"column\" data-e-type=\"column\">\n\t\t\t<div class=\"elementor-widget-wrap elementor-element-populated\">\n\t\t\t\t\t\t<div class=\"elementor-element elementor-element-2f6d075f elementor-widget elementor-widget-text-editor\" data-id=\"2f6d075f\" data-element_type=\"widget\" data-e-type=\"widget\" data-widget_type=\"text-editor.default\">\n\t\t\t\t<div class=\"elementor-widget-container\">\n\t\t\t\t\t\t\t\t\t\n<figure class=\"wp-block-image size-large\"><img fetchpriority=\"high\" decoding=\"async\" width=\"1024\" height=\"557\" src=\"https:\/\/gppb.eu\/wp-content\/uploads\/2024\/06\/VIMP-indywidualnie-1024x557.jpg\" alt=\"\" class=\"wp-image-1928\" srcset=\"https:\/\/gppb.eu\/wp-content\/uploads\/2024\/06\/VIMP-indywidualnie-1024x557.jpg 1024w, https:\/\/gppb.eu\/wp-content\/uploads\/2024\/06\/VIMP-indywidualnie-300x163.jpg 300w, https:\/\/gppb.eu\/wp-content\/uploads\/2024\/06\/VIMP-indywidualnie-768x418.jpg 768w, https:\/\/gppb.eu\/wp-content\/uploads\/2024\/06\/VIMP-indywidualnie-24x13.jpg 24w, https:\/\/gppb.eu\/wp-content\/uploads\/2024\/06\/VIMP-indywidualnie-36x20.jpg 36w, https:\/\/gppb.eu\/wp-content\/uploads\/2024\/06\/VIMP-indywidualnie-48x26.jpg 48w, https:\/\/gppb.eu\/wp-content\/uploads\/2024\/06\/VIMP-indywidualnie.jpg 1197w\" sizes=\"(max-width: 1024px) 100vw, 1024px\" \/><\/figure>\n\n\n\n<figure class=\"wp-block-image size-full\"><img decoding=\"async\" width=\"957\" height=\"551\" src=\"https:\/\/gppb.eu\/wp-content\/uploads\/2024\/06\/VIMP-okrazenia.jpg\" alt=\"\" class=\"wp-image-1929\" srcset=\"https:\/\/gppb.eu\/wp-content\/uploads\/2024\/06\/VIMP-okrazenia.jpg 957w, https:\/\/gppb.eu\/wp-content\/uploads\/2024\/06\/VIMP-okrazenia-300x173.jpg 300w, https:\/\/gppb.eu\/wp-content\/uploads\/2024\/06\/VIMP-okrazenia-768x442.jpg 768w, https:\/\/gppb.eu\/wp-content\/uploads\/2024\/06\/VIMP-okrazenia-24x14.jpg 24w, https:\/\/gppb.eu\/wp-content\/uploads\/2024\/06\/VIMP-okrazenia-36x21.jpg 36w, https:\/\/gppb.eu\/wp-content\/uploads\/2024\/06\/VIMP-okrazenia-48x28.jpg 48w\" sizes=\"(max-width: 957px) 100vw, 957px\" \/><\/figure>\n\n\n\n<h2 class=\"wp-block-heading\">Sztafety<\/h2>\n\n\n\n<figure class=\"wp-block-image size-full\"><img decoding=\"async\" width=\"959\" height=\"548\" src=\"https:\/\/gppb.eu\/wp-content\/uploads\/2024\/06\/VIMP-sztafety.jpg\" alt=\"\" class=\"wp-image-1930\" srcset=\"https:\/\/gppb.eu\/wp-content\/uploads\/2024\/06\/VIMP-sztafety.jpg 959w, https:\/\/gppb.eu\/wp-content\/uploads\/2024\/06\/VIMP-sztafety-300x171.jpg 300w, https:\/\/gppb.eu\/wp-content\/uploads\/2024\/06\/VIMP-sztafety-768x439.jpg 768w, https:\/\/gppb.eu\/wp-content\/uploads\/2024\/06\/VIMP-sztafety-24x14.jpg 24w, https:\/\/gppb.eu\/wp-content\/uploads\/2024\/06\/VIMP-sztafety-36x21.jpg 36w, https:\/\/gppb.eu\/wp-content\/uploads\/2024\/06\/VIMP-sztafety-48x27.jpg 48w\" sizes=\"(max-width: 959px) 100vw, 959px\" \/><\/figure>\n\n\n\n<p><\/p>\n\t\t\t\t\t\t\t\t<\/div>\n\t\t\t\t<\/div>\n\t\t\t\t\t<\/div>\n\t\t<\/div>\n\t\t\t\t\t<\/div>\n\t\t<\/section>\n\t\t\t\t<section class=\"elementor-section elementor-top-section elementor-element elementor-element-9008ba0 elementor-section-boxed elementor-section-height-default elementor-section-height-default\" data-id=\"9008ba0\" data-element_type=\"section\" data-e-type=\"section\">\n\t\t\t\t\t\t<div class=\"elementor-container elementor-column-gap-default\">\n\t\t\t\t\t<div class=\"elementor-column elementor-col-100 elementor-top-column elementor-element elementor-element-43745ee\" data-id=\"43745ee\" data-element_type=\"column\" data-e-type=\"column\">\n\t\t\t<div class=\"elementor-widget-wrap elementor-element-populated\">\n\t\t\t\t\t\t<div class=\"elementor-element elementor-element-d9a6509 elementor-widget elementor-widget-heading\" data-id=\"d9a6509\" data-element_type=\"widget\" data-e-type=\"widget\" data-widget_type=\"heading.default\">\n\t\t\t\t<div class=\"elementor-widget-container\">\n\t\t\t\t\t<h2 class=\"elementor-heading-title elementor-size-default\">Nagrodzeni<\/h2>\t\t\t\t<\/div>\n\t\t\t\t<\/div>\n\t\t\t\t\t<\/div>\n\t\t<\/div>\n\t\t\t\t\t<\/div>\n\t\t<\/section>\n\t\t\t\t<section class=\"elementor-section elementor-top-section elementor-element elementor-element-f8e1ade elementor-section-boxed elementor-section-height-default elementor-section-height-default\" data-id=\"f8e1ade\" data-element_type=\"section\" data-e-type=\"section\">\n\t\t\t\t\t\t<div class=\"elementor-container elementor-column-gap-default\">\n\t\t\t\t\t<div class=\"elementor-column elementor-col-100 elementor-top-column elementor-element elementor-element-e5053ab\" data-id=\"e5053ab\" data-element_type=\"column\" data-e-type=\"column\">\n\t\t\t<div class=\"elementor-widget-wrap elementor-element-populated\">\n\t\t\t\t\t\t<div class=\"elementor-element elementor-element-92cee11 elementor-widget elementor-widget-text-editor\" data-id=\"92cee11\" data-element_type=\"widget\" data-e-type=\"widget\" data-widget_type=\"text-editor.default\">\n\t\t\t\t<div class=\"elementor-widget-container\">\n\t\t\t\t\t\t\t\t\t<p><span style=\"text-decoration: underline;\">Open -kobiety<\/span><\/p>\n<ol>\n<li><strong>Alicja Szkamruk<\/strong> -400 z\u0142 bon do Forum Gliwice<\/li>\n<\/ol>\n<p><span style=\"text-decoration: underline;\">Open m\u0119\u017cczy\u017ani<\/span><\/p>\n<ol>\n<li><strong>Arkadiusz Jajuga<\/strong> -400 z\u0142 bon do Outletu Factory w Gliwicach<\/li>\n<li><strong>Artur Wro\u0144ski<\/strong> -300 z\u0142 bon do Outletu Factory w Gliwicach<\/li>\n<li><strong>Janusz Siekierka<\/strong> -200 z\u0142 bon do Outletu Factory w Gliwicach<\/li>\n<\/ol>\n<p><span style=\"text-decoration: underline;\">Kategorie wiekowe <\/span>(bony do Decathlonu ufundowane przez AKMB P\u0119dziwiatr Gliwice)<\/p>\n<ul>\n<li>K 30<br \/>1. <strong>Alicja Szkamruk<\/strong> -(nagroda open)<\/li>\n<li>M 30<br \/>1.\u00a0<strong>Robert Susek<\/strong> -100 z\u0142<br \/>2.\u00a0<strong>Micha\u0142 Pogorzelski<\/strong> -100 z\u0142<br \/>3.\u00a0<strong>Piotr Kuchaj<\/strong> -100 z\u0142<\/li>\n<li>M 40<br \/>1.\u00a0<strong>Artur Wro\u0144ski<\/strong> -(nagroda open)<br \/>2.\u00a0<strong>Janusz Siekierka<\/strong> -(nagroda open)<br \/>3.\u00a0<strong>Jaros\u0142aw Michalski<\/strong> -100 z\u0142<br \/>4.\u00a0<strong>Sebastian Dudziak<\/strong> -100 z\u0142<br \/>5.\u00a0<strong>Piotr Borowiak<\/strong> -100 z\u0142<\/li>\n<li>M 50<br \/>1.\u00a0<strong>Arkadiusz Jajuga<\/strong> -(nagroda open)<br \/>2. <strong>Krzysztof Wojakowski<\/strong> -100 z\u0142<br \/>3.\u00a0<strong>Piotr Malara<\/strong> -100 z\u0142<br \/>4.\u00a0<strong>Krzysztof Dobosz<\/strong> -100 z\u0142<\/li>\n<li>M 60<br \/>1.\u00a0<strong>Janusz Gawe\u0142ko<\/strong> -100 z\u0142<\/li>\n<li>M 70<br \/>1.\u00a0<strong>Tadeusz Nazim<\/strong> -100 z\u0142<br \/>2.\u00a0<strong>Drago Boroja<\/strong> -100 z\u0142<\/li>\n<\/ul>\n<p><span style=\"text-decoration: underline;\">Sztafety<\/span><\/p>\n<ol>\n<li><strong>Bobasy Rados\u0142awa Kasprzaka<\/strong> -400 z\u0142 bon do Outletu Factory w Gliwicach<\/li>\n<li><strong>Klub Weso\u0142ego Szampana<\/strong><\/li>\n<li>\u00a0<strong>P\u0119dziwiatr 4A<\/strong><\/li>\n<li>\u00a0<strong>La Familia<\/strong> -300 z\u0142 voucher do Restauracji Pocztowej w Gliwicach (z losowania)<\/li>\n<\/ol>\t\t\t\t\t\t\t\t<\/div>\n\t\t\t\t<\/div>\n\t\t\t\t\t<\/div>\n\t\t<\/div>\n\t\t\t\t\t<\/div>\n\t\t<\/section>\n\t\t\t\t<\/div>\n\t\t","protected":false},"excerpt":{"rendered":"<p>Sztafety Nagrodzeni Open -kobiety Alicja Szkamruk -400 z\u0142 bon do Forum Gliwice Open m\u0119\u017cczy\u017ani Arkadiusz Jajuga -400 z\u0142 bon do Outletu Factory w Gliwicach Artur Wro\u0144ski -300 z\u0142 bon do Outletu Factory w Gliwicach Janusz Siekierka -200 z\u0142 bon do Outletu Factory w Gliwicach Kategorie wiekowe (bony do Decathlonu ufundowane przez AKMB P\u0119dziwiatr Gliwice) K [&hellip;]<\/p>\n","protected":false},"author":1,"featured_media":0,"parent":0,"menu_order":0,"comment_status":"closed","ping_status":"closed","template":"","meta":{"site-sidebar-layout":"default","site-content-layout":"","ast-site-content-layout":"default","site-content-style":"default","site-sidebar-style":"default","ast-global-header-display":"","ast-banner-title-visibility":"","ast-main-header-display":"","ast-hfb-above-header-display":"","ast-hfb-below-header-display":"","ast-hfb-mobile-header-display":"","site-post-title":"","ast-breadcrumbs-content":"","ast-featured-img":"","footer-sml-layout":"","ast-disable-related-posts":"","theme-transparent-header-meta":"","adv-header-id-meta":"","stick-header-meta":"","header-above-stick-meta":"","header-main-stick-meta":"","header-below-stick-meta":"","astra-migrate-meta-layouts":"set","ast-page-background-enabled":"default","ast-page-background-meta":{"desktop":{"background-color":"var(--ast-global-color-4)","background-image":"","background-repeat":"repeat","background-position":"center center","background-size":"auto","background-attachment":"scroll","background-type":"","background-media":"","overlay-type":"","overlay-color":"","overlay-opacity":"","overlay-gradient":""},"tablet":{"background-color":"","background-image":"","background-repeat":"repeat","background-position":"center center","background-size":"auto","background-attachment":"scroll","background-type":"","background-media":"","overlay-type":"","overlay-color":"","overlay-opacity":"","overlay-gradient":""},"mobile":{"background-color":"","background-image":"","background-repeat":"repeat","background-position":"center center","background-size":"auto","background-attachment":"scroll","background-type":"","background-media":"","overlay-type":"","overlay-color":"","overlay-opacity":"","overlay-gradient":""}},"ast-content-background-meta":{"desktop":{"background-color":"var(--ast-global-color-5)","background-image":"","background-repeat":"repeat","background-position":"center center","background-size":"auto","background-attachment":"scroll","background-type":"","background-media":"","overlay-type":"","overlay-color":"","overlay-opacity":"","overlay-gradient":""},"tablet":{"background-color":"var(--ast-global-color-5)","background-image":"","background-repeat":"repeat","background-position":"center center","background-size":"auto","background-attachment":"scroll","background-type":"","background-media":"","overlay-type":"","overlay-color":"","overlay-opacity":"","overlay-gradient":""},"mobile":{"background-color":"var(--ast-global-color-5)","background-image":"","background-repeat":"repeat","background-position":"center center","background-size":"auto","background-attachment":"scroll","background-type":"","background-media":"","overlay-type":"","overlay-color":"","overlay-opacity":"","overlay-gradient":""}},"footnotes":""},"class_list":["post-1927","page","type-page","status-publish","hentry"],"_links":{"self":[{"href":"https:\/\/gppb.eu\/index.php\/wp-json\/wp\/v2\/pages\/1927","targetHints":{"allow":["GET"]}}],"collection":[{"href":"https:\/\/gppb.eu\/index.php\/wp-json\/wp\/v2\/pages"}],"about":[{"href":"https:\/\/gppb.eu\/index.php\/wp-json\/wp\/v2\/types\/page"}],"author":[{"embeddable":true,"href":"https:\/\/gppb.eu\/index.php\/wp-json\/wp\/v2\/users\/1"}],"replies":[{"embeddable":true,"href":"https:\/\/gppb.eu\/index.php\/wp-json\/wp\/v2\/comments?post=1927"}],"version-history":[{"count":4,"href":"https:\/\/gppb.eu\/index.php\/wp-json\/wp\/v2\/pages\/1927\/revisions"}],"predecessor-version":[{"id":1935,"href":"https:\/\/gppb.eu\/index.php\/wp-json\/wp\/v2\/pages\/1927\/revisions\/1935"}],"wp:attachment":[{"href":"https:\/\/gppb.eu\/index.php\/wp-json\/wp\/v2\/media?parent=1927"}],"curies":[{"name":"wp","href":"https:\/\/api.w.org\/{rel}","templated":true}]}}