{"id":2255,"date":"2024-12-18T06:06:30","date_gmt":"2024-12-18T05:06:30","guid":{"rendered":"https:\/\/gppb.eu\/?page_id=2255"},"modified":"2024-12-19T22:02:24","modified_gmt":"2024-12-19T21:02:24","slug":"gppb-2025-najwazniejsze-informacje","status":"publish","type":"page","link":"https:\/\/gppb.eu\/index.php\/gppb-2025-najwazniejsze-informacje\/","title":{"rendered":"GPPB 2025 -najwa\u017cniejsze informacje"},"content":{"rendered":"\t\t<div data-elementor-type=\"wp-page\" data-elementor-id=\"2255\" class=\"elementor elementor-2255\">\n\t\t\t\t\t\t<section class=\"elementor-section elementor-top-section elementor-element elementor-element-cd4e82e elementor-section-boxed elementor-section-height-default elementor-section-height-default\" data-id=\"cd4e82e\" data-element_type=\"section\" data-e-type=\"section\">\n\t\t\t\t\t\t<div class=\"elementor-container elementor-column-gap-default\">\n\t\t\t\t\t<div class=\"elementor-column elementor-col-100 elementor-top-column elementor-element elementor-element-267a0ff\" data-id=\"267a0ff\" data-element_type=\"column\" data-e-type=\"column\">\n\t\t\t<div class=\"elementor-widget-wrap elementor-element-populated\">\n\t\t\t\t\t\t<div class=\"elementor-element elementor-element-b7798f4 elementor-widget elementor-widget-text-editor\" data-id=\"b7798f4\" data-element_type=\"widget\" data-e-type=\"widget\" data-widget_type=\"text-editor.default\">\n\t\t\t\t<div class=\"elementor-widget-container\">\n\t\t\t\t\t\t\t\t\t<h2><b>GPPB 2025 -najwa\u017cniejsze informacje<\/b><\/h2><p>\u00a0<\/p><p><b>ZAPISY I OP\u0141ATY<\/b><\/p><ul><li style=\"list-style-type: none;\"><ul><li style=\"font-weight: 400;\" aria-level=\"1\"><b>zapisy<\/b><span style=\"font-weight: 400;\"> s\u0105 prowadzone internetowo na stronie: <\/span><span style=\"font-weight: 400;\"><br \/><\/span> <a href=\"https:\/\/my.raceresult.com\/321113\/registration\"><span style=\"font-weight: 400;\">https:\/\/my.raceresult.com\/321113\/registration<\/span><\/a><\/li><li style=\"font-weight: 400;\" aria-level=\"1\"><span style=\"font-weight: 400;\">zapisujemy si\u0119 tylko raz na ca\u0142y rok<\/span><\/li><\/ul><\/li><\/ul><ul><li aria-level=\"1\"><b>op\u0142ata za ka\u017cdy start:<\/b><\/li><\/ul><ul><li style=\"list-style-type: none;\"><ul><li style=\"font-weight: 400;\" aria-level=\"2\"><b>15 z\u0142<\/b><span style=\"font-weight: 400;\"> -roczniki 2006-2025<\/span><\/li><li style=\"font-weight: 400;\" aria-level=\"2\"><b>20 z\u0142 &#8211;<\/b><span style=\"font-weight: 400;\">roczniki 1926-1955<\/span><\/li><li style=\"font-weight: 400;\" aria-level=\"2\"><b>35 z\u0142<\/b><span style=\"font-weight: 400;\"> -roczniki 1956-2005\u00a0<\/span><\/li><li style=\"font-weight: 400;\" aria-level=\"2\"><span style=\"font-weight: 400;\">Uwaga: op\u0142aty mog\u0105 si\u0119 zmieni\u0107 w trakcie roku z powodu inflacji!<\/span><\/li><\/ul><\/li><li style=\"font-weight: 400;\" aria-level=\"1\"><b>op\u0142ata za ca\u0142y rok z bezp\u0142atn\u0105 koszulk\u0105<\/b><span style=\"font-weight: 400;\"> -dost\u0119pne do 12 stycznia 2025 r. na stronie <\/span><a href=\"https:\/\/zrzutka.pl\/2tysp9\"><span style=\"font-weight: 400;\">Zrzutka.pl<\/span><\/a><\/li><li style=\"font-weight: 400;\" aria-level=\"1\"><b>op\u0142aty<\/b><span style=\"font-weight: 400;\"> s\u0105 przyjmowane tylko internetowo <\/span><b>po klikni\u0119ciu na numer startowy<\/b><span style=\"font-weight: 400;\"> zawodnika: <\/span><a href=\"https:\/\/my.raceresult.com\/321113\/participants\"><span style=\"font-weight: 400;\">https:\/\/my.raceresult.com\/321113\/participants<\/span><\/a> <span style=\"font-weight: 400;\">oraz na stronie <\/span><a href=\"https:\/\/zrzutka.pl\/2tysp9\"><span style=\"font-weight: 400;\">Zrzutka.pl<\/span><\/a><\/li><li style=\"font-weight: 400;\" aria-level=\"1\"><span style=\"font-weight: 400;\">mo\u017cna op\u0142aci\u0107 kilka start\u00f3w z g\u00f3ry; niewykorzystane op\u0142aty przechodz\u0105 na kolejny miesi\u0105c a\u017c do grudnia; dopiero po zawodach grudniowych niewykorzystane op\u0142aty przepadaj\u0105 i zostan\u0105 zagospodarowane na cele organizacyjne GPPB<\/span><\/li><li style=\"font-weight: 400;\" aria-level=\"1\"><span style=\"font-weight: 400;\">numery startowe s\u0105 na ca\u0142y rok -po ka\u017cdych zawodach w parku nale\u017cy je odda\u0107 do biura zawod\u00f3w<\/span><\/li><li style=\"font-weight: 400;\" aria-level=\"1\"><span style=\"font-weight: 400;\">za e-Prowokacj\u0119 op\u0142ata wynosi jak za zawody w parku<\/span><\/li><li style=\"font-weight: 400;\" aria-level=\"1\"><span style=\"font-weight: 400;\">przy zmianie konkurencji (z biegu na Nordic Walking lub odwrotnie) nale\u017cy z\u0142o\u017cy\u0107 nowe zg\u0142oszenie i pobra\u0107 nowy numer startowy.<\/span><\/li><li style=\"font-weight: 400;\" aria-level=\"1\"><a href=\"https:\/\/docs.google.com\/document\/d\/1r9nCIXmfZ7L4AiYBFGxPp3vhx6n_c8Cwc4Pw0Pr9oqM\/edit?usp=sharing\"><span style=\"font-weight: 400;\">terminy zawod\u00f3w<\/span><\/a><\/li><\/ul><p>\u00a0<\/p><h2><b>CO JESZCZE TRZEBA WIEDZIE\u0106?<\/b><\/h2><ul><li style=\"font-weight: 400;\" aria-level=\"1\"><span style=\"font-weight: 400;\">dystans: od 1 do 5 okr\u0105\u017ce\u0144 po <\/span><b>4219,5 m<\/b><span style=\"font-weight: 400;\"> ka\u017cde okr\u0105\u017cenie, czyli od 1\/10 do 1\/2 maratonu<\/span><\/li><li style=\"font-weight: 400;\" aria-level=\"1\"><span style=\"font-weight: 400;\">konkurencje: bieg i Nordic Walking, a w e-Prowokacji dowolna aktywno\u015b\u0107<\/span><\/li><li style=\"font-weight: 400;\" aria-level=\"1\"><span style=\"font-weight: 400;\">limit czasowy: <\/span><b>3 godziny<\/b><span style=\"font-weight: 400;\"> dla ka\u017cdej z konkurencji, e-Prowokacja bez limitu<\/span><\/li><li style=\"font-weight: 400;\" aria-level=\"1\"><span style=\"font-weight: 400;\">klasyfikacja <\/span><b>&#8222;wytrwali&#8221;<\/b><span style=\"font-weight: 400;\">\u00a0 &#8211;<\/span><b>wed\u0142ug ilo\u015bci start\u00f3w, mo\u017cna \u0142\u0105czy\u0107 konkurencje <\/b><span style=\"font-weight: 400;\">(np. 3x bieg + 6 razy NW)<\/span><\/li><li style=\"font-weight: 400;\" aria-level=\"1\"><span style=\"font-weight: 400;\">kategorie wiekowe:<\/span><ul><li style=\"font-weight: 400;\" aria-level=\"2\"><span style=\"font-weight: 400;\">kat. 01 \u00a0 (2025-2016)<\/span><\/li><li style=\"font-weight: 400;\" aria-level=\"2\"><span style=\"font-weight: 400;\">kat. 10 \u00a0 (2015-2006)<\/span><\/li><li style=\"font-weight: 400;\" aria-level=\"2\"><span style=\"font-weight: 400;\">kat. 20 \u00a0 (2005-1996)<\/span><\/li><li style=\"font-weight: 400;\" aria-level=\"2\"><span style=\"font-weight: 400;\">kat. 30 \u00a0 (1995-1986)<\/span><\/li><li style=\"font-weight: 400;\" aria-level=\"2\"><span style=\"font-weight: 400;\">kat. 40 \u00a0 (1985-1976)<\/span><\/li><li style=\"font-weight: 400;\" aria-level=\"2\"><span style=\"font-weight: 400;\">kat. 50 \u00a0 (1975-1966)<\/span><\/li><li style=\"font-weight: 400;\" aria-level=\"2\"><span style=\"font-weight: 400;\">kat. 60 \u00a0 (1965-1956)<\/span><\/li><li style=\"font-weight: 400;\" aria-level=\"2\"><span style=\"font-weight: 400;\">kat. 70 \u00a0 (1955-1946)<\/span><\/li><li style=\"font-weight: 400;\" aria-level=\"2\"><span style=\"font-weight: 400;\">kat. 80 \u00a0 (1945-1936)<\/span><\/li><li style=\"font-weight: 400;\" aria-level=\"2\"><span style=\"font-weight: 400;\">kat. 90 \u00a0 (1935-1926)<\/span><\/li><\/ul><\/li><\/ul><ul><li style=\"font-weight: 400;\" aria-level=\"1\"><span style=\"font-weight: 400;\">statuetka b\u0119dzie wr\u0119czana za co najmniej <\/span><b>9 start\u00f3w<\/b><span style=\"font-weight: 400;\"> na dowolnym dystansie, mo\u017cna \u0142\u0105czy\u0107 konkurencje<\/span><\/li><li style=\"font-weight: 400;\" aria-level=\"1\"><span style=\"font-weight: 400;\">ka\u017cdy zawodnik ma osobist\u0105 stron\u0119 internetow\u0105 ze wszystkimi swoimi wynikami z sezonu i z dyplomem do samodzielnego wydruku z ka\u017cdych zawod\u00f3w i na koniec cyklu -mo\u017cna j\u0105 zobaczy\u0107 <\/span><b>po klikni\u0119ciu na nazwisko<\/b><span style=\"font-weight: 400;\"> zawodnika w tabeli wynik\u00f3w na stronie: <\/span><a href=\"https:\/\/my.raceresult.com\/321113\/results\"><span style=\"font-weight: 400;\">https:\/\/my.raceresult.com\/321113\/results<\/span><\/a><\/li><li style=\"font-weight: 400;\" aria-level=\"1\"><span style=\"font-weight: 400;\">po zawodach nale\u017cy odda\u0107 numer startowy w Biurze Zawod\u00f3w i odebra\u0107:<\/span><ul><li style=\"font-weight: 400;\" aria-level=\"2\"><span style=\"font-weight: 400;\">nap\u00f3j, kie\u0142bas\u0119 lub banana, w zale\u017cno\u015bci od warunk\u00f3w atmosferycznych i epidemicznych<\/span><\/li><li style=\"font-weight: 400;\" aria-level=\"2\"><span style=\"font-weight: 400;\">batonik -losowanie nagr\u00f3d (wygrywa batonik czarny lub zielony), je\u015bli przepisy sanitarne pozwol\u0105<\/span><\/li><\/ul><\/li><li style=\"font-weight: 400;\" aria-level=\"1\"><span style=\"font-weight: 400;\">organizatorem zawod\u00f3w jest <\/span><a href=\"http:\/\/www.pedziwiatr.gliwice.pl\/\"><span style=\"font-weight: 400;\">AKMB P\u0119dziwiatr Gliwice<\/span><\/a><\/li><li style=\"font-weight: 400;\" aria-level=\"1\"><span style=\"font-weight: 400;\">szefem zawod\u00f3w jest Andrzej Szelka, e-mail: <\/span><span style=\"font-weight: 400;\">biuro@gppb.eu<\/span><\/li><\/ul><p><span style=\"font-weight: 400;\">I na koniec przypominamy zawo\u0142anie naszych zawod\u00f3w:<\/span><span style=\"font-weight: 400;\"><br \/><\/span><b>&#8222;Daj si\u0119 sprowokowa\u0107 do walki z lenistwem!&#8221;<\/b><\/p>\t\t\t\t\t\t\t\t<\/div>\n\t\t\t\t<\/div>\n\t\t\t\t\t<\/div>\n\t\t<\/div>\n\t\t\t\t\t<\/div>\n\t\t<\/section>\n\t\t\t\t<\/div>\n\t\t","protected":false},"excerpt":{"rendered":"<p>GPPB 2025 -najwa\u017cniejsze informacje \u00a0 ZAPISY I OP\u0141ATY zapisy s\u0105 prowadzone internetowo na stronie: https:\/\/my.raceresult.com\/321113\/registration zapisujemy si\u0119 tylko raz na ca\u0142y rok op\u0142ata za ka\u017cdy start: 15 z\u0142 -roczniki 2006-2025 20 z\u0142 &#8211;roczniki 1926-1955 35 z\u0142 -roczniki 1956-2005\u00a0 Uwaga: op\u0142aty mog\u0105 si\u0119 zmieni\u0107 w trakcie roku z powodu inflacji! op\u0142ata za ca\u0142y rok z bezp\u0142atn\u0105 [&hellip;]<\/p>\n","protected":false},"author":1,"featured_media":0,"parent":0,"menu_order":0,"comment_status":"closed","ping_status":"closed","template":"","meta":{"site-sidebar-layout":"no-sidebar","site-content-layout":"page-builder","ast-site-content-layout":"full-width-container","site-content-style":"default","site-sidebar-style":"default","ast-global-header-display":"","ast-banner-title-visibility":"","ast-main-header-display":"","ast-hfb-above-header-display":"","ast-hfb-below-header-display":"","ast-hfb-mobile-header-display":"","site-post-title":"disabled","ast-breadcrumbs-content":"","ast-featured-img":"disabled","footer-sml-layout":"","ast-disable-related-posts":"","theme-transparent-header-meta":"","adv-header-id-meta":"","stick-header-meta":"","header-above-stick-meta":"","header-main-stick-meta":"","header-below-stick-meta":"","astra-migrate-meta-layouts":"set","ast-page-background-enabled":"default","ast-page-background-meta":{"desktop":{"background-color":"var(--ast-global-color-4)","background-image":"","background-repeat":"repeat","background-position":"center center","background-size":"auto","background-attachment":"scroll","background-type":"","background-media":"","overlay-type":"","overlay-color":"","overlay-gradient":""},"tablet":{"background-color":"","background-image":"","background-repeat":"repeat","background-position":"center center","background-size":"auto","background-attachment":"scroll","background-type":"","background-media":"","overlay-type":"","overlay-color":"","overlay-gradient":""},"mobile":{"background-color":"","background-image":"","background-repeat":"repeat","background-position":"center center","background-size":"auto","background-attachment":"scroll","background-type":"","background-media":"","overlay-type":"","overlay-color":"","overlay-gradient":""}},"ast-content-background-meta":{"desktop":{"background-color":"var(--ast-global-color-5)","background-image":"","background-repeat":"repeat","background-position":"center center","background-size":"auto","background-attachment":"scroll","background-type":"","background-media":"","overlay-type":"","overlay-color":"","overlay-gradient":""},"tablet":{"background-color":"var(--ast-global-color-5)","background-image":"","background-repeat":"repeat","background-position":"center center","background-size":"auto","background-attachment":"scroll","background-type":"","background-media":"","overlay-type":"","overlay-color":"","overlay-gradient":""},"mobile":{"background-color":"var(--ast-global-color-5)","background-image":"","background-repeat":"repeat","background-position":"center center","background-size":"auto","background-attachment":"scroll","background-type":"","background-media":"","overlay-type":"","overlay-color":"","overlay-gradient":""}},"footnotes":""},"class_list":["post-2255","page","type-page","status-publish","hentry"],"_links":{"self":[{"href":"https:\/\/gppb.eu\/index.php\/wp-json\/wp\/v2\/pages\/2255","targetHints":{"allow":["GET"]}}],"collection":[{"href":"https:\/\/gppb.eu\/index.php\/wp-json\/wp\/v2\/pages"}],"about":[{"href":"https:\/\/gppb.eu\/index.php\/wp-json\/wp\/v2\/types\/page"}],"author":[{"embeddable":true,"href":"https:\/\/gppb.eu\/index.php\/wp-json\/wp\/v2\/users\/1"}],"replies":[{"embeddable":true,"href":"https:\/\/gppb.eu\/index.php\/wp-json\/wp\/v2\/comments?post=2255"}],"version-history":[{"count":4,"href":"https:\/\/gppb.eu\/index.php\/wp-json\/wp\/v2\/pages\/2255\/revisions"}],"predecessor-version":[{"id":2380,"href":"https:\/\/gppb.eu\/index.php\/wp-json\/wp\/v2\/pages\/2255\/revisions\/2380"}],"wp:attachment":[{"href":"https:\/\/gppb.eu\/index.php\/wp-json\/wp\/v2\/media?parent=2255"}],"curies":[{"name":"wp","href":"https:\/\/api.w.org\/{rel}","templated":true}]}}