{"id":2349,"date":"2024-12-19T21:34:38","date_gmt":"2024-12-19T20:34:38","guid":{"rendered":"https:\/\/gppb.eu\/?page_id=2349"},"modified":"2026-01-06T09:55:37","modified_gmt":"2026-01-06T08:55:37","slug":"rodo","status":"publish","type":"page","link":"https:\/\/gppb.eu\/index.php\/rodo\/","title":{"rendered":"RODO"},"content":{"rendered":"\t\t<div data-elementor-type=\"wp-page\" data-elementor-id=\"2349\" class=\"elementor elementor-2349\">\n\t\t\t\t\t\t<section class=\"elementor-section elementor-top-section elementor-element elementor-element-262e0a6e elementor-section-boxed elementor-section-height-default elementor-section-height-default\" data-id=\"262e0a6e\" data-element_type=\"section\" data-e-type=\"section\">\n\t\t\t\t\t\t<div class=\"elementor-container elementor-column-gap-default\">\n\t\t\t\t\t<div class=\"elementor-column elementor-col-100 elementor-top-column elementor-element elementor-element-44faa36d\" data-id=\"44faa36d\" data-element_type=\"column\" data-e-type=\"column\">\n\t\t\t<div class=\"elementor-widget-wrap elementor-element-populated\">\n\t\t\t\t\t\t<div class=\"elementor-element elementor-element-603347de elementor-widget elementor-widget-text-editor\" data-id=\"603347de\" data-element_type=\"widget\" data-e-type=\"widget\" data-widget_type=\"text-editor.default\">\n\t\t\t\t<div class=\"elementor-widget-container\">\n\t\t\t\t\t\t\t\t\t<p><span style=\"font-weight: 400;\">Za\u0142\u0105cznik nr 1 do<\/span><span style=\"font-weight: 400;\"><br \/><\/span><span style=\"font-weight: 400;\">Regulaminu Gliwickiej Parkowej Prowokacji Biegowej 2026<\/span><span style=\"font-weight: 400;\"><br \/><\/span><span style=\"font-weight: 400;\"><br \/><\/span> <span style=\"font-weight: 400;\"><br \/><\/span><span style=\"font-weight: 400;\"><br \/><\/span><span style=\"font-weight: 400;\">KLAUZULA INFORMACYJNA RODO <\/span><span style=\"font-weight: 400;\"><br \/><\/span><span style=\"font-weight: 400;\"><br \/><\/span><b>Kto jest administratorem Twoich danych osobowych?<\/b><b><br \/><\/b><span style=\"font-weight: 400;\"><br \/><\/span><span style=\"font-weight: 400;\">Administratorem Twoich danych osobowych jest Stowarzyszenie Rozwoju Czechowic z siedzib\u0105 w Gliwicach przy ul. Nad \u0141\u0105kami 1 (NIP: 9691165552, REGON: 273701863, KRS: 0000003476). Kontakt z administratorem danych osobowych jest mo\u017cliwy pod adresem biuro@gppb.eu <\/span><span style=\"font-weight: 400;\"><br \/><\/span><span style=\"font-weight: 400;\"><br \/><\/span><b>W jakim celu i na jakiej podstawie przetwarzane s\u0105 Twoje dane osobowe?<\/b><b><br \/><br \/><\/b><\/p>\n<ul>\n<li style=\"font-weight: 400;\" aria-level=\"1\"><span style=\"font-weight: 400;\">Wykonanie umowy, czyli Tw\u00f3j udzia\u0142 w GPPB<\/span><\/li>\n<li style=\"font-weight: 400;\" aria-level=\"1\"><span style=\"font-weight: 400;\">\u015awiadczenie us\u0142ug drog\u0105 elektroniczn\u0105<\/span><\/li>\n<li style=\"font-weight: 400;\" aria-level=\"1\"><span style=\"font-weight: 400;\">Przygotowanie numer\u00f3w startowych<\/span><\/li>\n<li style=\"font-weight: 400;\" aria-level=\"1\"><span style=\"font-weight: 400;\">Opracowanie wynik\u00f3w<\/span><\/li>\n<li style=\"font-weight: 400;\" aria-level=\"1\"><span style=\"font-weight: 400;\">Wydanie nagr\u00f3d<\/span><\/li>\n<li style=\"font-weight: 400;\" aria-level=\"1\"><span style=\"font-weight: 400;\">Publikowanie og\u00f3lnodost\u0119pnych list startowych oraz wynik\u00f3w<\/span><\/li>\n<li style=\"font-weight: 400;\" aria-level=\"1\"><span style=\"font-weight: 400;\">Dostarczanie us\u0142ug p\u0142atniczych<\/span><\/li>\n<li style=\"font-weight: 400;\" aria-level=\"1\"><span style=\"font-weight: 400;\">Przesy\u0142anie informacji organizacyjnych (email \/ SMS)<\/span><\/li>\n<li style=\"font-weight: 400;\" aria-level=\"1\"><span style=\"font-weight: 400;\">Obs\u0142uga zg\u0142osze\u0144 i korespondencji kt\u00f3re do nas kierujesz<\/span><\/li>\n<li style=\"font-weight: 400;\" aria-level=\"1\"><span style=\"font-weight: 400;\">Umo\u017cliwienie kontaktu z Tob\u0105 naszym sponsorom<\/span><\/li>\n<li style=\"font-weight: 400;\" aria-level=\"1\"><span style=\"font-weight: 400;\">Wykonanie obowi\u0105zk\u00f3w prawnych w celach podatkowych i rachunkowych<\/span><\/li>\n<li style=\"font-weight: 400;\" aria-level=\"1\"><span style=\"font-weight: 400;\">W celach wynikaj\u0105cych z prawnie uzasadnionych interes\u00f3w naszego Stowarzyszenia<\/span><\/li>\n<li style=\"font-weight: 400;\" aria-level=\"1\"><span style=\"font-weight: 400;\">Przeciwdzia\u0142anie oszustwom i nadu\u017cyciom<\/span><\/li>\n<li style=\"font-weight: 400;\" aria-level=\"1\"><span style=\"font-weight: 400;\">Przesy\u0142anie informacji marketingowych (email \/ SMS) na podstawie Twojej zgody<\/span><\/li>\n<\/ul>\n<p>\u00a0<\/p>\n<p><b>Czy musisz podawa\u0107 dane osobowe?<\/b><span style=\"font-weight: 400;\"><br \/><\/span><span style=\"font-weight: 400;\"><br \/><\/span><span style=\"font-weight: 400;\">Podanie danych osobowych jest niezb\u0119dne do Twojego udzia\u0142u w zawodach.<\/span><span style=\"font-weight: 400;\"><br \/><\/span><span style=\"font-weight: 400;\">Niepodanie danych osobowych uniemo\u017cliwia zawarcie umowy i udzia\u0142 w GPPB. <\/span><span style=\"font-weight: 400;\"><br \/><\/span><span style=\"font-weight: 400;\"><br \/><\/span><b>Jak d\u0142ugo b\u0119d\u0105 przetwarzane Twoje dane osobowe?<\/b><b><br \/><\/b><span style=\"font-weight: 400;\"><br \/><\/span><span style=\"font-weight: 400;\">Twoje dane b\u0119d\u0105 przetwarzane w okresie korzystania ze strony gppb.eu oraz udzia\u0142u w zawodach GPPB na kt\u00f3re zapiszesz si\u0119.<\/span><span style=\"font-weight: 400;\"><br \/><\/span><span style=\"font-weight: 400;\">Po zako\u0144czeniu tego okresu, Twoje dane b\u0119d\u0105 nadal przechowywane w celach wynikaj\u0105cych z przepis\u00f3w prawa (szczeg\u00f3lnie podatkowych i rachunkowych) a tak\u017ce przeciwdzia\u0142ania oszustwom i nadu\u017cyciom oraz dochodzenia ewentualnych roszcze\u0144 wynikaj\u0105cych z zawartej umowy.<\/span><span style=\"font-weight: 400;\"><br \/><\/span><span style=\"font-weight: 400;\">Cz\u0119\u015b\u0107 Twoich danych (szczeg\u00f3lnie te, kt\u00f3re znajduj\u0105 si\u0119 w wynikach biegu) mog\u0105 by\u0107 przetwarzane tak\u017ce po tym terminie w celach statystycznych i archiwalnych.<br \/><\/span><\/p>\n<p><b>Kto b\u0119dzie odbiorc\u0105 danych osobowych?<\/b><span style=\"font-weight: 400;\"><br \/><\/span><span style=\"font-weight: 400;\"><br \/><\/span><span style=\"font-weight: 400;\">Twoje dane osobowe b\u0119d\u0105 ujawniane pracownikom, wsp\u00f3\u0142pracownikom oraz podwykonawcom Administratora w zakresie niezb\u0119dnym dla realizacji wcze\u015bniej wymienionych cel\u00f3w przetwarzania danych osobowych.<\/span><span style=\"font-weight: 400;\"><br \/><\/span><span style=\"font-weight: 400;\">Listy startowe i wyniki, zawieraj\u0105ce podstawowe dane osobowe, b\u0119d\u0105 og\u00f3lnodost\u0119pne, w tym b\u0119d\u0105 publikowane na stronie internetowej biegu. <\/span><span style=\"font-weight: 400;\"><br \/><\/span><span style=\"font-weight: 400;\"><br \/><\/span><b>Jakie prawa przys\u0142uguj\u0105 Tobie z tytu\u0142u przetwarzania Twoich danych osobowych?<\/b><b><br \/><\/b><span style=\"font-weight: 400;\"><br \/><\/span><span style=\"font-weight: 400;\">Masz prawo do wniesienia \u017c\u0105dania: dost\u0119pu do Twoich danych osobowych, ich sprostowania, ich usuni\u0119cia oraz ograniczenia ich przetwarzania. Ponadto masz prawo do wniesienia sprzeciwu wobec ich przetwarzania oraz do ich przenoszenia.<\/span><span style=\"font-weight: 400;\"><br \/><\/span><span style=\"font-weight: 400;\">Dodatkowo, w odniesieniu do przetwarzania, kt\u00f3re odbywa si\u0119 na podstawie Twojej zgody \u2013 masz prawo do jej cofni\u0119cia w dowolnym momencie. <\/span><span style=\"font-weight: 400;\"><br \/><\/span><span style=\"font-weight: 400;\"><br \/><\/span><b>Do kogo mo\u017cesz wnie\u015b\u0107 skarg\u0119 na spos\u00f3b przetwarzania Twoich danych osobowych?<\/b><b><br \/><\/b><span style=\"font-weight: 400;\"><br \/><\/span><span style=\"font-weight: 400;\">Skarg\u0119 mo\u017cesz wnie\u015b\u0107 do organu nadzorczego: Prezesa Urz\u0119du Ochrony Danych Osobowych, ul. Stawki 2, 00-193 Warszawa.<\/span><\/p>\t\t\t\t\t\t\t\t<\/div>\n\t\t\t\t<\/div>\n\t\t\t\t\t<\/div>\n\t\t<\/div>\n\t\t\t\t\t<\/div>\n\t\t<\/section>\n\t\t\t\t<\/div>\n\t\t","protected":false},"excerpt":{"rendered":"<p>Za\u0142\u0105cznik nr 1 doRegulaminu Gliwickiej Parkowej Prowokacji Biegowej 2026 KLAUZULA INFORMACYJNA RODO Kto jest administratorem Twoich danych osobowych?Administratorem Twoich danych osobowych jest Stowarzyszenie Rozwoju Czechowic z siedzib\u0105 w Gliwicach przy ul. Nad \u0141\u0105kami 1 (NIP: 9691165552, REGON: 273701863, KRS: 0000003476). Kontakt z administratorem danych osobowych jest mo\u017cliwy pod adresem biuro@gppb.eu W jakim celu i na [&hellip;]<\/p>\n","protected":false},"author":1,"featured_media":0,"parent":0,"menu_order":0,"comment_status":"closed","ping_status":"closed","template":"","meta":{"site-sidebar-layout":"default","site-content-layout":"","ast-site-content-layout":"default","site-content-style":"default","site-sidebar-style":"default","ast-global-header-display":"","ast-banner-title-visibility":"","ast-main-header-display":"","ast-hfb-above-header-display":"","ast-hfb-below-header-display":"","ast-hfb-mobile-header-display":"","site-post-title":"","ast-breadcrumbs-content":"","ast-featured-img":"","footer-sml-layout":"","ast-disable-related-posts":"","theme-transparent-header-meta":"","adv-header-id-meta":"","stick-header-meta":"","header-above-stick-meta":"","header-main-stick-meta":"","header-below-stick-meta":"","astra-migrate-meta-layouts":"set","ast-page-background-enabled":"default","ast-page-background-meta":{"desktop":{"background-color":"var(--ast-global-color-4)","background-image":"","background-repeat":"repeat","background-position":"center center","background-size":"auto","background-attachment":"scroll","background-type":"","background-media":"","overlay-type":"","overlay-color":"","overlay-gradient":""},"tablet":{"background-color":"","background-image":"","background-repeat":"repeat","background-position":"center center","background-size":"auto","background-attachment":"scroll","background-type":"","background-media":"","overlay-type":"","overlay-color":"","overlay-gradient":""},"mobile":{"background-color":"","background-image":"","background-repeat":"repeat","background-position":"center center","background-size":"auto","background-attachment":"scroll","background-type":"","background-media":"","overlay-type":"","overlay-color":"","overlay-gradient":""}},"ast-content-background-meta":{"desktop":{"background-color":"var(--ast-global-color-5)","background-image":"","background-repeat":"repeat","background-position":"center center","background-size":"auto","background-attachment":"scroll","background-type":"","background-media":"","overlay-type":"","overlay-color":"","overlay-gradient":""},"tablet":{"background-color":"var(--ast-global-color-5)","background-image":"","background-repeat":"repeat","background-position":"center center","background-size":"auto","background-attachment":"scroll","background-type":"","background-media":"","overlay-type":"","overlay-color":"","overlay-gradient":""},"mobile":{"background-color":"var(--ast-global-color-5)","background-image":"","background-repeat":"repeat","background-position":"center center","background-size":"auto","background-attachment":"scroll","background-type":"","background-media":"","overlay-type":"","overlay-color":"","overlay-gradient":""}},"footnotes":""},"class_list":["post-2349","page","type-page","status-publish","hentry"],"_links":{"self":[{"href":"https:\/\/gppb.eu\/index.php\/wp-json\/wp\/v2\/pages\/2349","targetHints":{"allow":["GET"]}}],"collection":[{"href":"https:\/\/gppb.eu\/index.php\/wp-json\/wp\/v2\/pages"}],"about":[{"href":"https:\/\/gppb.eu\/index.php\/wp-json\/wp\/v2\/types\/page"}],"author":[{"embeddable":true,"href":"https:\/\/gppb.eu\/index.php\/wp-json\/wp\/v2\/users\/1"}],"replies":[{"embeddable":true,"href":"https:\/\/gppb.eu\/index.php\/wp-json\/wp\/v2\/comments?post=2349"}],"version-history":[{"count":4,"href":"https:\/\/gppb.eu\/index.php\/wp-json\/wp\/v2\/pages\/2349\/revisions"}],"predecessor-version":[{"id":3502,"href":"https:\/\/gppb.eu\/index.php\/wp-json\/wp\/v2\/pages\/2349\/revisions\/3502"}],"wp:attachment":[{"href":"https:\/\/gppb.eu\/index.php\/wp-json\/wp\/v2\/media?parent=2349"}],"curies":[{"name":"wp","href":"https:\/\/api.w.org\/{rel}","templated":true}]}}