{"id":2361,"date":"2024-12-19T21:52:07","date_gmt":"2024-12-19T20:52:07","guid":{"rendered":"https:\/\/gppb.eu\/?page_id=2361"},"modified":"2024-12-19T21:52:07","modified_gmt":"2024-12-19T20:52:07","slug":"gppb-2025-oplaty","status":"publish","type":"page","link":"https:\/\/gppb.eu\/index.php\/gppb-2025-oplaty\/","title":{"rendered":"GPPB 2025 Op\u0142aty"},"content":{"rendered":"\n<p>Op\u0142aty za start w zawodach GPPB w roku 2025 mo\u017cna wnosi\u0107:<\/p>\n\n\n\n<ul class=\"wp-block-list\">\n<li>przez\u00a0\u00a0<a href=\"https:\/\/zrzutka.pl\/2tysp9\" target=\"_blank\" rel=\"noreferrer noopener\"><strong>Zrzutka.pl<\/strong><\/a><strong>\u00a0 -preferujemy<\/strong><\/li>\n\n\n\n<li>przez \u00a0\u00a0<strong><a href=\"https:\/\/my.raceresult.com\/321113\/participants\" target=\"_blank\" rel=\"noreferrer noopener\">T-pay\u00a0<\/a><\/strong><\/li>\n<\/ul>\n\n\n\n<p><strong>w sytuacjach wyj\u0105tkowych, w biurze zawod\u00f3w:<\/strong><\/p>\n\n\n\n<ul class=\"wp-block-list\">\n<li>got\u00f3wk\u0105<\/li>\n\n\n\n<li>telefonem z NFC<\/li>\n<\/ul>\n\n\n\n<p><\/p>\n","protected":false},"excerpt":{"rendered":"<p>Op\u0142aty za start w zawodach GPPB w roku 2025 mo\u017cna wnosi\u0107: w sytuacjach wyj\u0105tkowych, w biurze zawod\u00f3w:<\/p>\n","protected":false},"author":1,"featured_media":0,"parent":0,"menu_order":0,"comment_status":"closed","ping_status":"closed","template":"","meta":{"site-sidebar-layout":"default","site-content-layout":"","ast-site-content-layout":"default","site-content-style":"default","site-sidebar-style":"default","ast-global-header-display":"","ast-banner-title-visibility":"","ast-main-header-display":"","ast-hfb-above-header-display":"","ast-hfb-below-header-display":"","ast-hfb-mobile-header-display":"","site-post-title":"","ast-breadcrumbs-content":"","ast-featured-img":"","footer-sml-layout":"","ast-disable-related-posts":"","theme-transparent-header-meta":"","adv-header-id-meta":"","stick-header-meta":"","header-above-stick-meta":"","header-main-stick-meta":"","header-below-stick-meta":"","astra-migrate-meta-layouts":"set","ast-page-background-enabled":"default","ast-page-background-meta":{"desktop":{"background-color":"var(--ast-global-color-4)","background-image":"","background-repeat":"repeat","background-position":"center center","background-size":"auto","background-attachment":"scroll","background-type":"","background-media":"","overlay-type":"","overlay-color":"","overlay-gradient":""},"tablet":{"background-color":"","background-image":"","background-repeat":"repeat","background-position":"center center","background-size":"auto","background-attachment":"scroll","background-type":"","background-media":"","overlay-type":"","overlay-color":"","overlay-gradient":""},"mobile":{"background-color":"","background-image":"","background-repeat":"repeat","background-position":"center center","background-size":"auto","background-attachment":"scroll","background-type":"","background-media":"","overlay-type":"","overlay-color":"","overlay-gradient":""}},"ast-content-background-meta":{"desktop":{"background-color":"var(--ast-global-color-5)","background-image":"","background-repeat":"repeat","background-position":"center center","background-size":"auto","background-attachment":"scroll","background-type":"","background-media":"","overlay-type":"","overlay-color":"","overlay-gradient":""},"tablet":{"background-color":"var(--ast-global-color-5)","background-image":"","background-repeat":"repeat","background-position":"center center","background-size":"auto","background-attachment":"scroll","background-type":"","background-media":"","overlay-type":"","overlay-color":"","overlay-gradient":""},"mobile":{"background-color":"var(--ast-global-color-5)","background-image":"","background-repeat":"repeat","background-position":"center center","background-size":"auto","background-attachment":"scroll","background-type":"","background-media":"","overlay-type":"","overlay-color":"","overlay-gradient":""}},"footnotes":""},"class_list":["post-2361","page","type-page","status-publish","hentry"],"_links":{"self":[{"href":"https:\/\/gppb.eu\/index.php\/wp-json\/wp\/v2\/pages\/2361","targetHints":{"allow":["GET"]}}],"collection":[{"href":"https:\/\/gppb.eu\/index.php\/wp-json\/wp\/v2\/pages"}],"about":[{"href":"https:\/\/gppb.eu\/index.php\/wp-json\/wp\/v2\/types\/page"}],"author":[{"embeddable":true,"href":"https:\/\/gppb.eu\/index.php\/wp-json\/wp\/v2\/users\/1"}],"replies":[{"embeddable":true,"href":"https:\/\/gppb.eu\/index.php\/wp-json\/wp\/v2\/comments?post=2361"}],"version-history":[{"count":1,"href":"https:\/\/gppb.eu\/index.php\/wp-json\/wp\/v2\/pages\/2361\/revisions"}],"predecessor-version":[{"id":2362,"href":"https:\/\/gppb.eu\/index.php\/wp-json\/wp\/v2\/pages\/2361\/revisions\/2362"}],"wp:attachment":[{"href":"https:\/\/gppb.eu\/index.php\/wp-json\/wp\/v2\/media?parent=2361"}],"curies":[{"name":"wp","href":"https:\/\/api.w.org\/{rel}","templated":true}]}}