{"id":2476,"date":"2024-12-21T20:35:42","date_gmt":"2024-12-21T19:35:42","guid":{"rendered":"https:\/\/gppb.eu\/?page_id=2476"},"modified":"2025-01-12T21:49:27","modified_gmt":"2025-01-12T20:49:27","slug":"elementor-2476","status":"publish","type":"page","link":"https:\/\/gppb.eu\/index.php\/elementor-2476\/","title":{"rendered":"Bal Zwyci\u0119zc\u00f3w 2024"},"content":{"rendered":"\t\t<div data-elementor-type=\"wp-page\" data-elementor-id=\"2476\" class=\"elementor elementor-2476\">\n\t\t\t\t\t\t<section class=\"elementor-section elementor-top-section elementor-element elementor-element-8be5e4e elementor-section-boxed elementor-section-height-default elementor-section-height-default\" data-id=\"8be5e4e\" data-element_type=\"section\" data-e-type=\"section\">\n\t\t\t\t\t\t<div class=\"elementor-container elementor-column-gap-default\">\n\t\t\t\t\t<div class=\"elementor-column elementor-col-100 elementor-top-column elementor-element elementor-element-67bcc09\" data-id=\"67bcc09\" data-element_type=\"column\" data-e-type=\"column\">\n\t\t\t<div class=\"elementor-widget-wrap elementor-element-populated\">\n\t\t\t\t\t\t<div class=\"elementor-element elementor-element-7a1161c elementor-widget elementor-widget-heading\" data-id=\"7a1161c\" data-element_type=\"widget\" data-e-type=\"widget\" data-widget_type=\"heading.default\">\n\t\t\t\t<div class=\"elementor-widget-container\">\n\t\t\t\t\t<h2 class=\"elementor-heading-title elementor-size-default\">Bal Zwyci\u0119zc\u00f3w GPPB 2024<\/h2>\t\t\t\t<\/div>\n\t\t\t\t<\/div>\n\t\t\t\t\t<\/div>\n\t\t<\/div>\n\t\t\t\t\t<\/div>\n\t\t<\/section>\n\t\t\t\t<section class=\"elementor-section elementor-top-section elementor-element elementor-element-577f13f elementor-section-boxed elementor-section-height-default elementor-section-height-default\" data-id=\"577f13f\" data-element_type=\"section\" data-e-type=\"section\">\n\t\t\t\t\t\t<div class=\"elementor-container elementor-column-gap-default\">\n\t\t\t\t\t<div class=\"elementor-column elementor-col-50 elementor-top-column elementor-element elementor-element-e28ae34\" data-id=\"e28ae34\" data-element_type=\"column\" data-e-type=\"column\">\n\t\t\t<div class=\"elementor-widget-wrap\">\n\t\t\t\t\t\t\t<\/div>\n\t\t<\/div>\n\t\t\t\t<div class=\"elementor-column elementor-col-50 elementor-top-column elementor-element elementor-element-feab608\" data-id=\"feab608\" data-element_type=\"column\" data-e-type=\"column\">\n\t\t\t<div class=\"elementor-widget-wrap\">\n\t\t\t\t\t\t\t<\/div>\n\t\t<\/div>\n\t\t\t\t\t<\/div>\n\t\t<\/section>\n\t\t\t\t<section class=\"elementor-section elementor-top-section elementor-element elementor-element-118c5d9 elementor-section-boxed elementor-section-height-default elementor-section-height-default\" data-id=\"118c5d9\" data-element_type=\"section\" data-e-type=\"section\">\n\t\t\t\t\t\t<div class=\"elementor-container elementor-column-gap-default\">\n\t\t\t\t\t<div class=\"elementor-column elementor-col-33 elementor-top-column elementor-element elementor-element-e826f7f\" data-id=\"e826f7f\" data-element_type=\"column\" data-e-type=\"column\">\n\t\t\t<div class=\"elementor-widget-wrap elementor-element-populated\">\n\t\t\t\t\t\t<div class=\"elementor-element elementor-element-3313999 elementor-widget elementor-widget-image\" data-id=\"3313999\" data-element_type=\"widget\" data-e-type=\"widget\" data-widget_type=\"image.default\">\n\t\t\t\t<div class=\"elementor-widget-container\">\n\t\t\t\t\t\t\t\t\t\t\t\t<figure class=\"wp-caption\">\n\t\t\t\t\t\t\t\t\t\t\t<a href=\"https:\/\/photos.app.goo.gl\/XW696FpBbFLHCXDD6\" target=\"_blank\">\n\t\t\t\t\t\t\t<img fetchpriority=\"high\" decoding=\"async\" width=\"300\" height=\"200\" src=\"https:\/\/gppb.eu\/wp-content\/uploads\/2025\/01\/IMG_0141-300x200.jpg\" class=\"attachment-medium size-medium wp-image-2513\" alt=\"\" srcset=\"https:\/\/gppb.eu\/wp-content\/uploads\/2025\/01\/IMG_0141-300x200.jpg 300w, https:\/\/gppb.eu\/wp-content\/uploads\/2025\/01\/IMG_0141-1024x683.jpg 1024w, https:\/\/gppb.eu\/wp-content\/uploads\/2025\/01\/IMG_0141-768x512.jpg 768w, https:\/\/gppb.eu\/wp-content\/uploads\/2025\/01\/IMG_0141-1536x1024.jpg 1536w, https:\/\/gppb.eu\/wp-content\/uploads\/2025\/01\/IMG_0141-24x16.jpg 24w, https:\/\/gppb.eu\/wp-content\/uploads\/2025\/01\/IMG_0141-36x24.jpg 36w, https:\/\/gppb.eu\/wp-content\/uploads\/2025\/01\/IMG_0141-48x32.jpg 48w, https:\/\/gppb.eu\/wp-content\/uploads\/2025\/01\/IMG_0141.jpg 2048w\" sizes=\"(max-width: 300px) 100vw, 300px\" \/>\t\t\t\t\t\t\t\t<\/a>\n\t\t\t\t\t\t\t\t\t\t\t<figcaption class=\"widget-image-caption wp-caption-text\">Foto: Janusz Dada\u015b<\/figcaption>\n\t\t\t\t\t\t\t\t\t\t<\/figure>\n\t\t\t\t\t\t\t\t\t<\/div>\n\t\t\t\t<\/div>\n\t\t\t\t\t<\/div>\n\t\t<\/div>\n\t\t\t\t<div class=\"elementor-column elementor-col-33 elementor-top-column elementor-element elementor-element-c033143\" data-id=\"c033143\" data-element_type=\"column\" data-e-type=\"column\">\n\t\t\t<div class=\"elementor-widget-wrap elementor-element-populated\">\n\t\t\t\t\t\t<div class=\"elementor-element elementor-element-ba78ce9 elementor-widget elementor-widget-image\" data-id=\"ba78ce9\" data-element_type=\"widget\" data-e-type=\"widget\" data-widget_type=\"image.default\">\n\t\t\t\t<div class=\"elementor-widget-container\">\n\t\t\t\t\t\t\t\t\t\t\t\t<figure class=\"wp-caption\">\n\t\t\t\t\t\t\t\t\t\t\t<a href=\"https:\/\/photos.app.goo.gl\/eqoK4fm9Cim38YkT6\" target=\"_blank\">\n\t\t\t\t\t\t\t<img decoding=\"async\" width=\"300\" height=\"200\" src=\"https:\/\/gppb.eu\/wp-content\/uploads\/2025\/01\/8N5A2279-300x200.jpg\" class=\"attachment-medium size-medium wp-image-2518\" alt=\"\" srcset=\"https:\/\/gppb.eu\/wp-content\/uploads\/2025\/01\/8N5A2279-300x200.jpg 300w, https:\/\/gppb.eu\/wp-content\/uploads\/2025\/01\/8N5A2279-1024x683.jpg 1024w, https:\/\/gppb.eu\/wp-content\/uploads\/2025\/01\/8N5A2279-768x512.jpg 768w, https:\/\/gppb.eu\/wp-content\/uploads\/2025\/01\/8N5A2279-1536x1024.jpg 1536w, https:\/\/gppb.eu\/wp-content\/uploads\/2025\/01\/8N5A2279-24x16.jpg 24w, https:\/\/gppb.eu\/wp-content\/uploads\/2025\/01\/8N5A2279-36x24.jpg 36w, https:\/\/gppb.eu\/wp-content\/uploads\/2025\/01\/8N5A2279-48x32.jpg 48w, https:\/\/gppb.eu\/wp-content\/uploads\/2025\/01\/8N5A2279.jpg 2048w\" sizes=\"(max-width: 300px) 100vw, 300px\" \/>\t\t\t\t\t\t\t\t<\/a>\n\t\t\t\t\t\t\t\t\t\t\t<figcaption class=\"widget-image-caption wp-caption-text\">Foto: Dominik B\u0142aszczyk<\/figcaption>\n\t\t\t\t\t\t\t\t\t\t<\/figure>\n\t\t\t\t\t\t\t\t\t<\/div>\n\t\t\t\t<\/div>\n\t\t\t\t\t<\/div>\n\t\t<\/div>\n\t\t\t\t<div class=\"elementor-column elementor-col-33 elementor-top-column elementor-element elementor-element-14b878d\" data-id=\"14b878d\" data-element_type=\"column\" data-e-type=\"column\">\n\t\t\t<div class=\"elementor-widget-wrap elementor-element-populated\">\n\t\t\t\t\t\t<div class=\"elementor-element elementor-element-06e5015 elementor-widget elementor-widget-image\" data-id=\"06e5015\" data-element_type=\"widget\" data-e-type=\"widget\" data-widget_type=\"image.default\">\n\t\t\t\t<div class=\"elementor-widget-container\">\n\t\t\t\t\t\t\t\t\t\t\t\t<figure class=\"wp-caption\">\n\t\t\t\t\t\t\t\t\t\t\t<a href=\"https:\/\/photos.app.goo.gl\/4Wb4nVJ8LXAjT7Y58\" target=\"_blank\">\n\t\t\t\t\t\t\t<img decoding=\"async\" width=\"300\" height=\"225\" src=\"https:\/\/gppb.eu\/wp-content\/uploads\/2025\/01\/Rysiu-300x225.jpeg\" class=\"attachment-medium size-medium wp-image-2531\" alt=\"\" srcset=\"https:\/\/gppb.eu\/wp-content\/uploads\/2025\/01\/Rysiu-300x225.jpeg 300w, https:\/\/gppb.eu\/wp-content\/uploads\/2025\/01\/Rysiu-1024x768.jpeg 1024w, https:\/\/gppb.eu\/wp-content\/uploads\/2025\/01\/Rysiu-768x576.jpeg 768w, https:\/\/gppb.eu\/wp-content\/uploads\/2025\/01\/Rysiu-1536x1152.jpeg 1536w, https:\/\/gppb.eu\/wp-content\/uploads\/2025\/01\/Rysiu-24x18.jpeg 24w, https:\/\/gppb.eu\/wp-content\/uploads\/2025\/01\/Rysiu-36x27.jpeg 36w, https:\/\/gppb.eu\/wp-content\/uploads\/2025\/01\/Rysiu-48x36.jpeg 48w, https:\/\/gppb.eu\/wp-content\/uploads\/2025\/01\/Rysiu.jpeg 2048w\" sizes=\"(max-width: 300px) 100vw, 300px\" \/>\t\t\t\t\t\t\t\t<\/a>\n\t\t\t\t\t\t\t\t\t\t\t<figcaption class=\"widget-image-caption wp-caption-text\">Foto: Ryszard Run<\/figcaption>\n\t\t\t\t\t\t\t\t\t\t<\/figure>\n\t\t\t\t\t\t\t\t\t<\/div>\n\t\t\t\t<\/div>\n\t\t\t\t\t<\/div>\n\t\t<\/div>\n\t\t\t\t\t<\/div>\n\t\t<\/section>\n\t\t\t\t<section class=\"elementor-section elementor-top-section elementor-element elementor-element-221a556 elementor-section-boxed elementor-section-height-default elementor-section-height-default\" data-id=\"221a556\" data-element_type=\"section\" data-e-type=\"section\">\n\t\t\t\t\t\t<div class=\"elementor-container elementor-column-gap-default\">\n\t\t\t\t\t<div class=\"elementor-column elementor-col-100 elementor-top-column elementor-element elementor-element-4dc6e14\" data-id=\"4dc6e14\" data-element_type=\"column\" data-e-type=\"column\">\n\t\t\t<div class=\"elementor-widget-wrap elementor-element-populated\">\n\t\t\t\t\t\t<div class=\"elementor-element elementor-element-d5462eb elementor-widget elementor-widget-image\" data-id=\"d5462eb\" data-element_type=\"widget\" data-e-type=\"widget\" data-widget_type=\"image.default\">\n\t\t\t\t<div class=\"elementor-widget-container\">\n\t\t\t\t\t\t\t\t\t\t\t\t\t\t\t<img loading=\"lazy\" decoding=\"async\" width=\"726\" height=\"1024\" src=\"https:\/\/gppb.eu\/wp-content\/uploads\/2024\/12\/Ulotka-GPPB-2025-strona002-726x1024.jpg\" class=\"attachment-large size-large wp-image-2478\" alt=\"\" srcset=\"https:\/\/gppb.eu\/wp-content\/uploads\/2024\/12\/Ulotka-GPPB-2025-strona002-726x1024.jpg 726w, https:\/\/gppb.eu\/wp-content\/uploads\/2024\/12\/Ulotka-GPPB-2025-strona002-213x300.jpg 213w, https:\/\/gppb.eu\/wp-content\/uploads\/2024\/12\/Ulotka-GPPB-2025-strona002-768x1083.jpg 768w, https:\/\/gppb.eu\/wp-content\/uploads\/2024\/12\/Ulotka-GPPB-2025-strona002-1090x1536.jpg 1090w, https:\/\/gppb.eu\/wp-content\/uploads\/2024\/12\/Ulotka-GPPB-2025-strona002-17x24.jpg 17w, https:\/\/gppb.eu\/wp-content\/uploads\/2024\/12\/Ulotka-GPPB-2025-strona002-26x36.jpg 26w, https:\/\/gppb.eu\/wp-content\/uploads\/2024\/12\/Ulotka-GPPB-2025-strona002-34x48.jpg 34w, https:\/\/gppb.eu\/wp-content\/uploads\/2024\/12\/Ulotka-GPPB-2025-strona002.jpg 1240w\" sizes=\"(max-width: 726px) 100vw, 726px\" \/>\t\t\t\t\t\t\t\t\t\t\t\t\t\t\t<\/div>\n\t\t\t\t<\/div>\n\t\t\t\t\t<\/div>\n\t\t<\/div>\n\t\t\t\t\t<\/div>\n\t\t<\/section>\n\t\t\t\t<section class=\"elementor-section elementor-top-section elementor-element elementor-element-1228f3b elementor-section-boxed elementor-section-height-default elementor-section-height-default\" data-id=\"1228f3b\" data-element_type=\"section\" data-e-type=\"section\">\n\t\t\t\t\t\t<div class=\"elementor-container elementor-column-gap-default\">\n\t\t\t\t\t<div class=\"elementor-column elementor-col-100 elementor-top-column elementor-element elementor-element-aaf866b\" data-id=\"aaf866b\" data-element_type=\"column\" data-e-type=\"column\">\n\t\t\t<div class=\"elementor-widget-wrap elementor-element-populated\">\n\t\t\t\t\t\t<div class=\"elementor-element elementor-element-127010e elementor-widget elementor-widget-heading\" data-id=\"127010e\" data-element_type=\"widget\" data-e-type=\"widget\" data-widget_type=\"heading.default\">\n\t\t\t\t<div class=\"elementor-widget-container\">\n\t\t\t\t\t<h2 class=\"elementor-heading-title elementor-size-default\"><a href=\"https:\/\/maps.app.goo.gl\/UcvkrAtjNRsid7r8A\" target=\"_blank\">Lokalizacja hali<\/a><\/h2>\t\t\t\t<\/div>\n\t\t\t\t<\/div>\n\t\t\t\t\t<\/div>\n\t\t<\/div>\n\t\t\t\t\t<\/div>\n\t\t<\/section>\n\t\t\t\t<\/div>\n\t\t","protected":false},"excerpt":{"rendered":"<p>Bal Zwyci\u0119zc\u00f3w GPPB 2024 Foto: Janusz Dada\u015b Foto: Dominik B\u0142aszczyk Foto: Ryszard Run Lokalizacja hali<\/p>\n","protected":false},"author":1,"featured_media":0,"parent":0,"menu_order":0,"comment_status":"closed","ping_status":"closed","template":"","meta":{"site-sidebar-layout":"no-sidebar","site-content-layout":"page-builder","ast-site-content-layout":"full-width-container","site-content-style":"default","site-sidebar-style":"default","ast-global-header-display":"","ast-banner-title-visibility":"","ast-main-header-display":"","ast-hfb-above-header-display":"","ast-hfb-below-header-display":"","ast-hfb-mobile-header-display":"","site-post-title":"disabled","ast-breadcrumbs-content":"","ast-featured-img":"disabled","footer-sml-layout":"","ast-disable-related-posts":"","theme-transparent-header-meta":"","adv-header-id-meta":"","stick-header-meta":"","header-above-stick-meta":"","header-main-stick-meta":"","header-below-stick-meta":"","astra-migrate-meta-layouts":"set","ast-page-background-enabled":"default","ast-page-background-meta":{"desktop":{"background-color":"var(--ast-global-color-4)","background-image":"","background-repeat":"repeat","background-position":"center center","background-size":"auto","background-attachment":"scroll","background-type":"","background-media":"","overlay-type":"","overlay-color":"","overlay-gradient":""},"tablet":{"background-color":"","background-image":"","background-repeat":"repeat","background-position":"center center","background-size":"auto","background-attachment":"scroll","background-type":"","background-media":"","overlay-type":"","overlay-color":"","overlay-gradient":""},"mobile":{"background-color":"","background-image":"","background-repeat":"repeat","background-position":"center center","background-size":"auto","background-attachment":"scroll","background-type":"","background-media":"","overlay-type":"","overlay-color":"","overlay-gradient":""}},"ast-content-background-meta":{"desktop":{"background-color":"var(--ast-global-color-5)","background-image":"","background-repeat":"repeat","background-position":"center center","background-size":"auto","background-attachment":"scroll","background-type":"","background-media":"","overlay-type":"","overlay-color":"","overlay-gradient":""},"tablet":{"background-color":"var(--ast-global-color-5)","background-image":"","background-repeat":"repeat","background-position":"center center","background-size":"auto","background-attachment":"scroll","background-type":"","background-media":"","overlay-type":"","overlay-color":"","overlay-gradient":""},"mobile":{"background-color":"var(--ast-global-color-5)","background-image":"","background-repeat":"repeat","background-position":"center center","background-size":"auto","background-attachment":"scroll","background-type":"","background-media":"","overlay-type":"","overlay-color":"","overlay-gradient":""}},"footnotes":""},"class_list":["post-2476","page","type-page","status-publish","hentry"],"_links":{"self":[{"href":"https:\/\/gppb.eu\/index.php\/wp-json\/wp\/v2\/pages\/2476","targetHints":{"allow":["GET"]}}],"collection":[{"href":"https:\/\/gppb.eu\/index.php\/wp-json\/wp\/v2\/pages"}],"about":[{"href":"https:\/\/gppb.eu\/index.php\/wp-json\/wp\/v2\/types\/page"}],"author":[{"embeddable":true,"href":"https:\/\/gppb.eu\/index.php\/wp-json\/wp\/v2\/users\/1"}],"replies":[{"embeddable":true,"href":"https:\/\/gppb.eu\/index.php\/wp-json\/wp\/v2\/comments?post=2476"}],"version-history":[{"count":31,"href":"https:\/\/gppb.eu\/index.php\/wp-json\/wp\/v2\/pages\/2476\/revisions"}],"predecessor-version":[{"id":2540,"href":"https:\/\/gppb.eu\/index.php\/wp-json\/wp\/v2\/pages\/2476\/revisions\/2540"}],"wp:attachment":[{"href":"https:\/\/gppb.eu\/index.php\/wp-json\/wp\/v2\/media?parent=2476"}],"curies":[{"name":"wp","href":"https:\/\/api.w.org\/{rel}","templated":true}]}}