{"id":3334,"date":"2025-12-21T20:04:53","date_gmt":"2025-12-21T19:04:53","guid":{"rendered":"https:\/\/gppb.eu\/?page_id=3334"},"modified":"2026-01-03T12:12:24","modified_gmt":"2026-01-03T11:12:24","slug":"statuetki-gppb-2025","status":"publish","type":"page","link":"https:\/\/gppb.eu\/index.php\/statuetki-gppb-2025\/","title":{"rendered":"Statuetki GPPB 2025"},"content":{"rendered":"<br \/>\n<style>\n    .container {\n  display: flex;\n  gap: 20px;\n  justify-content: center;\n  align-items: flex-start; \/* <--- TO JEST KLUCZOWE *\/\n  flex-wrap: wrap;\n}\n    table {\n      border-collapse: collapse;\n      width: 250px;\n      margin: 10px 0;\n      font-size: 14px;\n    }\n    th, td {\n      border: 1px solid #888;\n      padding: 6px 10px;\n      text-align: left;\n    }\n    th {\n      background-color: #add;\n    }\n    tr:nth-child(even) td {\n      background-color: #f0f6f6;\n    }\n    caption {\n      font-weight: bold;\n      margin-bottom: 6px;\n    }\n  <\/style>\n<div class=\"container\">\n<table>\n<caption>12 start\u00f3w \u2013 z\u0142ota<\/caption>\n<thead>\n<tr>\n<th>Nazwisko<\/th>\n<th>Imi\u0119<\/th>\n<\/tr>\n<\/thead>\n<tbody>\n<tr>\n<td>Adamowska<\/td>\n<td>Julka<\/td>\n<\/tr>\n<tr>\n<td>Adamowska<\/td>\n<td>Kasia<\/td>\n<\/tr>\n<tr>\n<td>Adamowska<\/td>\n<td>Zofia<\/td>\n<\/tr>\n<tr>\n<td>Adamowski<\/td>\n<td>Jacek<\/td>\n<\/tr>\n<tr>\n<td>Augu\u015bcik<\/td>\n<td>El\u017cbieta<\/td>\n<\/tr>\n<tr>\n<td>Banduch<\/td>\n<td>Izabela<\/td>\n<\/tr>\n<tr>\n<td>Basara<\/td>\n<td>Ryszard<\/td>\n<\/tr>\n<tr>\n<td>B\u0105k<\/td>\n<td>Maria<\/td>\n<\/tr>\n<tr>\n<td>Bentkowski<\/td>\n<td>Leslaw<\/td>\n<\/tr>\n<tr>\n<td>Bielanik<\/td>\n<td>Barbara<\/td>\n<\/tr>\n<tr>\n<td>Bielanik<\/td>\n<td>Natalia<\/td>\n<\/tr>\n<tr>\n<td>B\u00f6hm<\/td>\n<td>Anna<\/td>\n<\/tr>\n<tr>\n<td>Bradel<\/td>\n<td>Barbara<\/td>\n<\/tr>\n<tr>\n<td>Bradel<\/td>\n<td>Mateusz<\/td>\n<\/tr>\n<tr>\n<td>Bradel<\/td>\n<td>Megan<\/td>\n<\/tr>\n<tr>\n<td>Bregu\u0142a<\/td>\n<td>Ewa<\/td>\n<\/tr>\n<tr>\n<td>Broll<\/td>\n<td>Anna<\/td>\n<\/tr>\n<tr>\n<td>Ch\u0119ci\u0144ska<\/td>\n<td>Agnieszka<\/td>\n<\/tr>\n<tr>\n<td>Ch\u0119ci\u0144ski<\/td>\n<td>Tomasz<\/td>\n<\/tr>\n<tr>\n<td>Ch\u0119ci\u0144ski<\/td>\n<td>Tomasz Jr<\/td>\n<\/tr>\n<tr>\n<td>Chmelik<\/td>\n<td>Marysia<\/td>\n<\/tr>\n<tr>\n<td>Chodun<\/td>\n<td>Hanna<\/td>\n<\/tr>\n<tr>\n<td>Cyprys<\/td>\n<td>Gra\u017cyna<\/td>\n<\/tr>\n<tr>\n<td>Czekalska<\/td>\n<td>Blanka<\/td>\n<\/tr>\n<tr>\n<td>Czekalski<\/td>\n<td>Piotr<\/td>\n<\/tr>\n<tr>\n<td>Czenczek<\/td>\n<td>Jan<\/td>\n<\/tr>\n<tr>\n<td>Czenczek<\/td>\n<td>Magdalena<\/td>\n<\/tr>\n<tr>\n<td>Czupry\u0144ski<\/td>\n<td>Sebastian<\/td>\n<\/tr>\n<tr>\n<td>Czy\u017c<\/td>\n<td>Marek<\/td>\n<\/tr>\n<tr>\n<td>Dada\u015b<\/td>\n<td>El\u017cbieta<\/td>\n<\/tr>\n<tr>\n<td>Dada\u015b<\/td>\n<td>Janusz<\/td>\n<\/tr>\n<tr>\n<td>Dolata<\/td>\n<td>Alicja<\/td>\n<\/tr>\n<tr>\n<td>Dolata<\/td>\n<td>Katarzyna<\/td>\n<\/tr>\n<tr>\n<td>Dolata<\/td>\n<td>Micha\u0142<\/td>\n<\/tr>\n<tr>\n<td>Domaradzka<\/td>\n<td>Karolina<\/td>\n<\/tr>\n<tr>\n<td>Dudziak<\/td>\n<td>Sebastian<\/td>\n<\/tr>\n<tr>\n<td>Dworski<\/td>\n<td>Marek<\/td>\n<\/tr>\n<tr>\n<td>Dyrcz<\/td>\n<td>Anna<\/td>\n<\/tr>\n<tr>\n<td>Dyrcz<\/td>\n<td>Katarzyna<\/td>\n<\/tr>\n<tr>\n<td>Dyrcz<\/td>\n<td>Natalia<\/td>\n<\/tr>\n<tr>\n<td>Dy\u015b<\/td>\n<td>Adam<\/td>\n<\/tr>\n<tr>\n<td>Dy\u015b<\/td>\n<td>Mariusz<\/td>\n<\/tr>\n<tr>\n<td>Dziewi\u0105tka<\/td>\n<td>Andrzej<\/td>\n<\/tr>\n<tr>\n<td>Fr\u0105c<\/td>\n<td>El\u017cbieta<\/td>\n<\/tr>\n<tr>\n<td>Gab\u0142o\u0144ski<\/td>\n<td>Pawe\u0142<\/td>\n<\/tr>\n<tr>\n<td>G\u00f3recka-Wr\u00f3bel<\/td>\n<td>Jolanta<\/td>\n<\/tr>\n<tr>\n<td>G\u00f3rniak<\/td>\n<td>Patryk<\/td>\n<\/tr>\n<tr>\n<td>Gr\u0105bczewski<\/td>\n<td>Marcin<\/td>\n<\/tr>\n<tr>\n<td>Hasik<\/td>\n<td>Grzegorz<\/td>\n<\/tr>\n<tr>\n<td>Hasik<\/td>\n<td>Zofia<\/td>\n<\/tr>\n<tr>\n<td>Hupka<\/td>\n<td>Leon<\/td>\n<\/tr>\n<tr>\n<td>Januszczak<\/td>\n<td>Ewa<\/td>\n<\/tr>\n<tr>\n<td>Jarnot<\/td>\n<td>Ania<\/td>\n<\/tr>\n<tr>\n<td>Jurczuk<\/td>\n<td>Karolina<\/td>\n<\/tr>\n<tr>\n<td>Kacperski<\/td>\n<td>Kacper<\/td>\n<\/tr>\n<tr>\n<td>Ka\u0142a<\/td>\n<td>Nero I Rolo<\/td>\n<\/tr>\n<tr>\n<td>Kawecka<\/td>\n<td>Aneta<\/td>\n<\/tr>\n<tr>\n<td>Kawecki<\/td>\n<td>Dariusz<\/td>\n<\/tr>\n<tr>\n<td>Kidawa<\/td>\n<td>Marian<\/td>\n<\/tr>\n<tr>\n<td>K\u0142ysz<\/td>\n<td>Maria<\/td>\n<\/tr>\n<tr>\n<td>K\u0142ysz<\/td>\n<td>Wojciech<\/td>\n<\/tr>\n<tr>\n<td>Kochanek<\/td>\n<td>Aleksandra<\/td>\n<\/tr>\n<tr>\n<td>Kochanek<\/td>\n<td>Jaros\u0142aw<\/td>\n<\/tr>\n<tr>\n<td>Kononowicz Vel Siemionowicz<\/td>\n<td>Malwa<\/td>\n<\/tr>\n<tr>\n<td>Kopszak<\/td>\n<td>Lidia<\/td>\n<\/tr>\n<tr>\n<td>Kopszak<\/td>\n<td>Zbigniew<\/td>\n<\/tr>\n<tr>\n<td>Kotowska<\/td>\n<td>Karolina<\/td>\n<\/tr>\n<tr>\n<td>Krakowczyk<\/td>\n<td>Adam<\/td>\n<\/tr>\n<tr>\n<td>Krakowczyk<\/td>\n<td>Justyna<\/td>\n<\/tr>\n<tr>\n<td>Krawiec<\/td>\n<td>Agnieszka<\/td>\n<\/tr>\n<tr>\n<td>Krochmal<\/td>\n<td>Adam<\/td>\n<\/tr>\n<tr>\n<td>Kr\u00f3l<\/td>\n<td>Joanna<\/td>\n<\/tr>\n<tr>\n<td>Kr\u00f3l<\/td>\n<td>Tomasz<\/td>\n<\/tr>\n<tr>\n<td>Kuchta-Skalec<\/td>\n<td>Agnieszka<\/td>\n<\/tr>\n<tr>\n<td>Ku\u015b<\/td>\n<td>Agnieszka<\/td>\n<\/tr>\n<tr>\n<td>Lauer<\/td>\n<td>Andrzej<\/td>\n<\/tr>\n<tr>\n<td>Lesiecka<\/td>\n<td>Zofia<\/td>\n<\/tr>\n<tr>\n<td>Lesiecki<\/td>\n<td>Dariusz<\/td>\n<\/tr>\n<tr>\n<td>Lesiecki<\/td>\n<td>Piotr<\/td>\n<\/tr>\n<tr>\n<td>Lesiecki<\/td>\n<td>Tomasz<\/td>\n<\/tr>\n<tr>\n<td>Le\u015bniewska<\/td>\n<td>Ewa<\/td>\n<\/tr>\n<tr>\n<td>Lewandowska<\/td>\n<td>Anna<\/td>\n<\/tr>\n<tr>\n<td>Libor<\/td>\n<td>Dariusz<\/td>\n<\/tr>\n<tr>\n<td>Libor<\/td>\n<td>Katarzyna<\/td>\n<\/tr>\n<tr>\n<td>\u0141apszy\u0144ska<\/td>\n<td>Magdalena<\/td>\n<\/tr>\n<tr>\n<td>Maciejewski<\/td>\n<td>Wies\u0142aw<\/td>\n<\/tr>\n<tr>\n<td>Majewska<\/td>\n<td>Gizela<\/td>\n<\/tr>\n<tr>\n<td>Mansfeld<\/td>\n<td>Dorota<\/td>\n<\/tr>\n<tr>\n<td>Marzec<\/td>\n<td>Janina<\/td>\n<\/tr>\n<tr>\n<td>Matuszny<\/td>\n<td>Katarzyna<\/td>\n<\/tr>\n<tr>\n<td>Mazurek<\/td>\n<td>Bo\u017cena<\/td>\n<\/tr>\n<tr>\n<td>Mielczarek<\/td>\n<td>Micha\u0142<\/td>\n<\/tr>\n<tr>\n<td>Mrozowski<\/td>\n<td>Wojciech<\/td>\n<\/tr>\n<tr>\n<td>Niewiadomska<\/td>\n<td>Kornelia<\/td>\n<\/tr>\n<tr>\n<td>Niewiadomski<\/td>\n<td>Marek<\/td>\n<\/tr>\n<tr>\n<td>Nyga<\/td>\n<td>Juliusz<\/td>\n<\/tr>\n<tr>\n<td>Obwios\u0142o<\/td>\n<td>Joanna<\/td>\n<\/tr>\n<tr>\n<td>Ochman<\/td>\n<td>Pawe\u0142<\/td>\n<\/tr>\n<tr>\n<td>Osowska<\/td>\n<td>Katarzyna<\/td>\n<\/tr>\n<tr>\n<td>Ossera<\/td>\n<td>Joanna<\/td>\n<\/tr>\n<tr>\n<td>Ostrowska<\/td>\n<td>Justyna<\/td>\n<\/tr>\n<tr>\n<td>Owczarek<\/td>\n<td>Marcin<\/td>\n<\/tr>\n<tr>\n<td>Pankiewicz<\/td>\n<td>Katarzyna<\/td>\n<\/tr>\n<tr>\n<td>Pasternak<\/td>\n<td>Anna<\/td>\n<\/tr>\n<tr>\n<td>Pasternak<\/td>\n<td>Zbigniew<\/td>\n<\/tr>\n<tr>\n<td>Paszek<\/td>\n<td>Bart\u0142omiej<\/td>\n<\/tr>\n<tr>\n<td>Paszek<\/td>\n<td>Katarzyna<\/td>\n<\/tr>\n<tr>\n<td>Paul<\/td>\n<td>Viola<\/td>\n<\/tr>\n<tr>\n<td>Pawliszak<\/td>\n<td>Arlena<\/td>\n<\/tr>\n<tr>\n<td>Pawliszak<\/td>\n<td>Krzysztof<\/td>\n<\/tr>\n<tr>\n<td>Pelc<\/td>\n<td>Czes\u0142aw<\/td>\n<\/tr>\n<tr>\n<td>Pi\u0105tek<\/td>\n<td>Julia<\/td>\n<\/tr>\n<tr>\n<td>Pietrysiak<\/td>\n<td>Stefan<\/td>\n<\/tr>\n<tr>\n<td>Planeta<\/td>\n<td>Krystian<\/td>\n<\/tr>\n<tr>\n<td>P\u0142aczek<\/td>\n<td>El\u017cbieta<\/td>\n<\/tr>\n<tr>\n<td>P\u0142aczek<\/td>\n<td>Julian<\/td>\n<\/tr>\n<tr>\n<td>Pogoda<\/td>\n<td>Agnieszka<\/td>\n<\/tr>\n<tr>\n<td>Pogoda<\/td>\n<td>Kinga<\/td>\n<\/tr>\n<tr>\n<td>Pogoda<\/td>\n<td>Micha\u0142<\/td>\n<\/tr>\n<tr>\n<td>Pogoda<\/td>\n<td>Rozalia<\/td>\n<\/tr>\n<tr>\n<td>Polczyk<\/td>\n<td>Adam<\/td>\n<\/tr>\n<tr>\n<td>Popio\u0142ek<\/td>\n<td>Krysia<\/td>\n<\/tr>\n<tr>\n<td>Rajs<\/td>\n<td>Ewelina<\/td>\n<\/tr>\n<tr>\n<td>Razowska<\/td>\n<td>Karolina<\/td>\n<\/tr>\n<tr>\n<td>Razowski<\/td>\n<td>Szymon<\/td>\n<\/tr>\n<tr>\n<td>Rosi\u0144ska<\/td>\n<td>Joanna<\/td>\n<\/tr>\n<tr>\n<td>Rutkowska<\/td>\n<td>Alicja<\/td>\n<\/tr>\n<tr>\n<td>Semik<\/td>\n<td>Jakub<\/td>\n<\/tr>\n<tr>\n<td>Siekierka<\/td>\n<td>Janusz<\/td>\n<\/tr>\n<tr>\n<td>Siekierka<\/td>\n<td>Karolina<\/td>\n<\/tr>\n<tr>\n<td>Skalec<\/td>\n<td>Damian<\/td>\n<\/tr>\n<tr>\n<td>Skorupa<\/td>\n<td>Jola<\/td>\n<\/tr>\n<tr>\n<td>Skorupka<\/td>\n<td>Bernadeta<\/td>\n<\/tr>\n<tr>\n<td>Skulski Tomasz<\/td>\n<td>Skula<\/td>\n<\/tr>\n<tr>\n<td>S\u0142aw\u0119cka-Hasik<\/td>\n<td>Ma\u0142gorzata<\/td>\n<\/tr>\n<tr>\n<td>Sobczak<\/td>\n<td>Kaja<\/td>\n<\/tr>\n<tr>\n<td>Sobczyk<\/td>\n<td>Dawid<\/td>\n<\/tr>\n<tr>\n<td>Starostka<\/td>\n<td>Anna<\/td>\n<\/tr>\n<tr>\n<td>Starzyk<\/td>\n<td>Oliwia<\/td>\n<\/tr>\n<tr>\n<td>Stawska<\/td>\n<td>Joanna<\/td>\n<\/tr>\n<tr>\n<td>Szabli\u0144ska<\/td>\n<td>Marzena<\/td>\n<\/tr>\n<tr>\n<td>Szandar<\/td>\n<td>Jadwiga<\/td>\n<\/tr>\n<tr>\n<td>Szkamruk<\/td>\n<td>Gosia<\/td>\n<\/tr>\n<tr>\n<td>Szych<\/td>\n<td>Sylwia<\/td>\n<\/tr>\n<tr>\n<td>Szymos<\/td>\n<td>Damian<\/td>\n<\/tr>\n<tr>\n<td>Szymura<\/td>\n<td>Grzegorz<\/td>\n<\/tr>\n<tr>\n<td>Szymura<\/td>\n<td>Mirela<\/td>\n<\/tr>\n<tr>\n<td>\u015aliwak<\/td>\n<td>Bo\u017cena<\/td>\n<\/tr>\n<tr>\n<td>Telby\u0142o<\/td>\n<td>Diana<\/td>\n<\/tr>\n<tr>\n<td>Tkocz<\/td>\n<td>Adam<\/td>\n<\/tr>\n<tr>\n<td>Tomaszewska<\/td>\n<td>Izabela<\/td>\n<\/tr>\n<tr>\n<td>Urba\u0144ski<\/td>\n<td>Jakub<\/td>\n<\/tr>\n<tr>\n<td>Uszy\u0144ski<\/td>\n<td>Grzegorz<\/td>\n<\/tr>\n<tr>\n<td>Walterski<\/td>\n<td>Tomasz<\/td>\n<\/tr>\n<tr>\n<td>Wanecki<\/td>\n<td>Karol<\/td>\n<\/tr>\n<tr>\n<td>Wawrzak<\/td>\n<td>Ryszard<\/td>\n<\/tr>\n<tr>\n<td>Wieczorek<\/td>\n<td>Iwona<\/td>\n<\/tr>\n<tr>\n<td>Wi\u015bniewska<\/td>\n<td>Marzanna<\/td>\n<\/tr>\n<tr>\n<td>Wi\u015bniewski<\/td>\n<td>S\u0142awomir<\/td>\n<\/tr>\n<tr>\n<td>Wojakowska`<\/td>\n<td>Katarzyna<\/td>\n<\/tr>\n<tr>\n<td>Wola\u0144ska<\/td>\n<td>Magdalena<\/td>\n<\/tr>\n<tr>\n<td>W\u00f3jcik<\/td>\n<td>J\u00f3zefa<\/td>\n<\/tr>\n<tr>\n<td>Zegartowski<\/td>\n<td>Grzegorz<\/td>\n<\/tr>\n<tr>\n<td>Zegartowski<\/td>\n<td>Micha\u0142<\/td>\n<\/tr>\n<tr>\n<td>Zi\u0119ba<\/td>\n<td>Franciszek<\/td>\n<\/tr>\n<tr>\n<td>Zimny<\/td>\n<td>Urszula<\/td>\n<\/tr>\n<tr>\n<td>\u017burowski<\/td>\n<td>Daniel<\/td>\n<\/tr>\n<\/tbody>\n<\/table>\n<table>\n<caption>10 lub 11 start\u00f3w \u2013 srebrna<\/caption>\n<thead>\n<tr>\n<th>Nazwisko<\/th>\n<th>Imi\u0119<\/th>\n<\/tr>\n<\/thead>\n<tbody>\n<tr>\n<td>Antoniewicz<\/td>\n<td>Alicja<\/td>\n<\/tr>\n<tr>\n<td>Babula<\/td>\n<td>Przemys\u0142aw<\/td>\n<\/tr>\n<tr>\n<td>Badora<\/td>\n<td>Maciej<\/td>\n<\/tr>\n<tr>\n<td>Badura<\/td>\n<td>Alicja<\/td>\n<\/tr>\n<tr>\n<td>Boba<\/td>\n<td>Marek<\/td>\n<\/tr>\n<tr>\n<td>Bogacz<\/td>\n<td>Jagoda<\/td>\n<\/tr>\n<tr>\n<td>B\u00f6hm<\/td>\n<td>Klaudiusz<\/td>\n<\/tr>\n<tr>\n<td>Bojdo<\/td>\n<td>Magdalena<\/td>\n<\/tr>\n<tr>\n<td>Bradel<\/td>\n<td>Micha\u0142<\/td>\n<\/tr>\n<tr>\n<td>Brzozowska<\/td>\n<td>Katarzyna<\/td>\n<\/tr>\n<tr>\n<td>Chmelik<\/td>\n<td>Jakub<\/td>\n<\/tr>\n<tr>\n<td>Chmielewski<\/td>\n<td>Mirek<\/td>\n<\/tr>\n<tr>\n<td>Chmielewski<\/td>\n<td>Radek<\/td>\n<\/tr>\n<tr>\n<td>D\u0105browska<\/td>\n<td>Joanna<\/td>\n<\/tr>\n<tr>\n<td>Delewska<\/td>\n<td>Dorota<\/td>\n<\/tr>\n<tr>\n<td>Delewski<\/td>\n<td>Dariusz<\/td>\n<\/tr>\n<tr>\n<td>Doli\u0144ska<\/td>\n<td>Joanna<\/td>\n<\/tr>\n<tr>\n<td>Domaradzka<\/td>\n<td>Mirella<\/td>\n<\/tr>\n<tr>\n<td>Drewniany<\/td>\n<td>Jesika<\/td>\n<\/tr>\n<tr>\n<td>Drewniany<\/td>\n<td>Patryk<\/td>\n<\/tr>\n<tr>\n<td>Drewniany<\/td>\n<td>Zuzanna<\/td>\n<\/tr>\n<tr>\n<td>Drynda<\/td>\n<td>Franciszek<\/td>\n<\/tr>\n<tr>\n<td>Frydel<\/td>\n<td>Barbara<\/td>\n<\/tr>\n<tr>\n<td>Frydel<\/td>\n<td>\u0141ukasz<\/td>\n<\/tr>\n<tr>\n<td>Gdula<\/td>\n<td>Teodozja<\/td>\n<\/tr>\n<tr>\n<td>G\u0142uc<\/td>\n<td>Renata<\/td>\n<\/tr>\n<tr>\n<td>G\u00f3recki<\/td>\n<td>Adam<\/td>\n<\/tr>\n<tr>\n<td>Grajkowski<\/td>\n<td>Micha\u0142<\/td>\n<\/tr>\n<tr>\n<td>Gr\u0105bczewski<\/td>\n<td>Maksymilian<\/td>\n<\/tr>\n<tr>\n<td>Grzywacz-Sobczy\u0144ska<\/td>\n<td>Iwona<\/td>\n<\/tr>\n<tr>\n<td>Haiduga<\/td>\n<td>Weronika<\/td>\n<\/tr>\n<tr>\n<td>Janicka<\/td>\n<td>Gra\u017cyna<\/td>\n<\/tr>\n<tr>\n<td>Kaniewski<\/td>\n<td>Jan<\/td>\n<\/tr>\n<tr>\n<td>Krzysztof<\/td>\n<td>Tomasz<\/td>\n<\/tr>\n<tr>\n<td>Kubica-Badora<\/td>\n<td>Rozalia<\/td>\n<\/tr>\n<tr>\n<td>Kubisiewicz-Boba<\/td>\n<td>Ewa<\/td>\n<\/tr>\n<tr>\n<td>Lauer<\/td>\n<td>Aleksandra<\/td>\n<\/tr>\n<tr>\n<td>Le\u017cak<\/td>\n<td>Kamila<\/td>\n<\/tr>\n<tr>\n<td>Liberacka<\/td>\n<td>Agnieszka<\/td>\n<\/tr>\n<tr>\n<td>Liszka<\/td>\n<td>Ilona<\/td>\n<\/tr>\n<tr>\n<td>\u0141\u0119cki<\/td>\n<td>Bartosz<\/td>\n<\/tr>\n<tr>\n<td>\u0141\u0119cki<\/td>\n<td>B\u0142a\u017cej<\/td>\n<\/tr>\n<tr>\n<td>Markowski<\/td>\n<td>Wiktor<\/td>\n<\/tr>\n<tr>\n<td>Matukin-Pakuszy\u0144ska<\/td>\n<td>Anna<\/td>\n<\/tr>\n<tr>\n<td>Mazurkiewicz<\/td>\n<td>Micha\u0142<\/td>\n<\/tr>\n<tr>\n<td>Niewiadomska<\/td>\n<td>Iwona<\/td>\n<\/tr>\n<tr>\n<td>Plich<\/td>\n<td>Magdalena<\/td>\n<\/tr>\n<tr>\n<td>Popiel<\/td>\n<td>Czes\u0142aw<\/td>\n<\/tr>\n<tr>\n<td>Posmyk<\/td>\n<td>Aleksandra<\/td>\n<\/tr>\n<tr>\n<td>Pucha\u0142a<\/td>\n<td>Dariusz<\/td>\n<\/tr>\n<tr>\n<td>Pucy\u0144ska<\/td>\n<td>Aleksandra<\/td>\n<\/tr>\n<tr>\n<td>Raw\u0142uszewicz<\/td>\n<td>Waldemar<\/td>\n<\/tr>\n<tr>\n<td>Reiter<\/td>\n<td>Dominika<\/td>\n<\/tr>\n<tr>\n<td>Reiter<\/td>\n<td>Hanna<\/td>\n<\/tr>\n<tr>\n<td>Rojek<\/td>\n<td>Micha\u0142<\/td>\n<\/tr>\n<tr>\n<td>Rudzi\u0144ski<\/td>\n<td>Karol<\/td>\n<\/tr>\n<tr>\n<td>Rudzi\u0144ski<\/td>\n<td>Mi\u0142osz<\/td>\n<\/tr>\n<tr>\n<td>Rzepka<\/td>\n<td>Ma\u0142gorzata<\/td>\n<\/tr>\n<tr>\n<td>Rzepka<\/td>\n<td>Tomasz<\/td>\n<\/tr>\n<tr>\n<td>Siewers<\/td>\n<td>Miros\u0142aw<\/td>\n<\/tr>\n<tr>\n<td>Starostka<\/td>\n<td>Mariusz<\/td>\n<\/tr>\n<tr>\n<td>Szczepkowska<\/td>\n<td>Katarzyna<\/td>\n<\/tr>\n<tr>\n<td>Szkamruk<\/td>\n<td>Alicja<\/td>\n<\/tr>\n<tr>\n<td>Sztohryn<\/td>\n<td>Anna<\/td>\n<\/tr>\n<tr>\n<td>Wojakowski<\/td>\n<td>Krzysztof<\/td>\n<\/tr>\n<tr>\n<td>Wojnowska-Rudzi\u0144ska<\/td>\n<td>Ewa<\/td>\n<\/tr>\n<tr>\n<td>Wojtukiewicz<\/td>\n<td>Artur<\/td>\n<\/tr>\n<tr>\n<td>Zagaja<\/td>\n<td>Janusz<\/td>\n<\/tr>\n<tr>\n<td>Zawadzki<\/td>\n<td>Zygmunt<\/td>\n<\/tr>\n<tr>\n<td>Zegartowski<\/td>\n<td>Pawel<\/td>\n<\/tr>\n<tr>\n<td>Zieli\u0144ski<\/td>\n<td>Grzegorz<\/td>\n<\/tr>\n<tr>\n<td>Abrahamczyk<\/td>\n<td>Natalia<\/td>\n<\/tr>\n<tr>\n<td>Babczuk<\/td>\n<td>Katarzyna<\/td>\n<\/tr>\n<tr>\n<td>Bujak<\/td>\n<td>Ewelina<\/td>\n<\/tr>\n<tr>\n<td>Burzy\u0144ska<\/td>\n<td>Jadwiga<\/td>\n<\/tr>\n<tr>\n<td>Chmelik<\/td>\n<td>Katarzyna<\/td>\n<\/tr>\n<tr>\n<td>Ciak<\/td>\n<td>Hania<\/td>\n<\/tr>\n<tr>\n<td>Ciak<\/td>\n<td>Przemek<\/td>\n<\/tr>\n<tr>\n<td>Cofalik<\/td>\n<td>Paulina<\/td>\n<\/tr>\n<tr>\n<td>Czarnecka<\/td>\n<td>Hanna<\/td>\n<\/tr>\n<tr>\n<td>Dobosz<\/td>\n<td>Krzysztof<\/td>\n<\/tr>\n<tr>\n<td>Drzewiecki<\/td>\n<td>S\u0142awomir<\/td>\n<\/tr>\n<tr>\n<td>Dusi\u0144ski<\/td>\n<td>Adam<\/td>\n<\/tr>\n<tr>\n<td>Dyrcz<\/td>\n<td>Pawe\u0142<\/td>\n<\/tr>\n<tr>\n<td>Folwarczny<\/td>\n<td>Katarzyna<\/td>\n<\/tr>\n<tr>\n<td>Fr\u0105c<\/td>\n<td>Dariusz<\/td>\n<\/tr>\n<tr>\n<td>Jania<\/td>\n<td>Alina<\/td>\n<\/tr>\n<tr>\n<td>Je\u017cewski<\/td>\n<td>Adam<\/td>\n<\/tr>\n<tr>\n<td>Kaczmarek<\/td>\n<td>Bogus\u0142aw<\/td>\n<\/tr>\n<tr>\n<td>Kaczmarek<\/td>\n<td>Dominik<\/td>\n<\/tr>\n<tr>\n<td>Kauffmann<\/td>\n<td>Ewa<\/td>\n<\/tr>\n<tr>\n<td>Kocyan-Chmielewska<\/td>\n<td>Anna<\/td>\n<\/tr>\n<tr>\n<td>Koszielny<\/td>\n<td>Jakub<\/td>\n<\/tr>\n<tr>\n<td>Kowalczyk<\/td>\n<td>Agnieszka<\/td>\n<\/tr>\n<tr>\n<td>Ku\u015b<\/td>\n<td>Marysia<\/td>\n<\/tr>\n<tr>\n<td>Lauer<\/td>\n<td>Daria<\/td>\n<\/tr>\n<tr>\n<td>Lesiecka<\/td>\n<td>Anna<\/td>\n<\/tr>\n<tr>\n<td>Le\u015bnik<\/td>\n<td>Antoni<\/td>\n<\/tr>\n<tr>\n<td>\u0141ukomski<\/td>\n<td>Tomek<\/td>\n<\/tr>\n<tr>\n<td>Majer<\/td>\n<td>Marzena<\/td>\n<\/tr>\n<tr>\n<td>Majsnerowska<\/td>\n<td>Ewelina<\/td>\n<\/tr>\n<tr>\n<td>Makowski<\/td>\n<td>Grzegorz<\/td>\n<\/tr>\n<tr>\n<td>Markowski<\/td>\n<td>Kamil<\/td>\n<\/tr>\n<tr>\n<td>Migda\u0142<\/td>\n<td>Adam<\/td>\n<\/tr>\n<tr>\n<td>Migda\u0142<\/td>\n<td>Iwona<\/td>\n<\/tr>\n<tr>\n<td>Musio\u0142<\/td>\n<td>\u0141ukasz<\/td>\n<\/tr>\n<tr>\n<td>Neumann<\/td>\n<td>Adam<\/td>\n<\/tr>\n<tr>\n<td>Neumann<\/td>\n<td>Jolanta<\/td>\n<\/tr>\n<tr>\n<td>Ochman<\/td>\n<td>Aleksandra<\/td>\n<\/tr>\n<tr>\n<td>Przyby\u0142a<\/td>\n<td>Krystian<\/td>\n<\/tr>\n<tr>\n<td>Rybarz<\/td>\n<td>Janusz<\/td>\n<\/tr>\n<tr>\n<td>Sarre<\/td>\n<td>Joanna<\/td>\n<\/tr>\n<tr>\n<td>Skucze\u0144<\/td>\n<td>Aneta<\/td>\n<\/tr>\n<tr>\n<td>Spaleniak<\/td>\n<td>Anna<\/td>\n<\/tr>\n<tr>\n<td>Stalmach<\/td>\n<td>Damian<\/td>\n<\/tr>\n<tr>\n<td>Szabat<\/td>\n<td>Monika<\/td>\n<\/tr>\n<tr>\n<td>Szajnowska<\/td>\n<td>Krystyna<\/td>\n<\/tr>\n<tr>\n<td>Szumska<\/td>\n<td>Anna<\/td>\n<\/tr>\n<tr>\n<td>Szymos<\/td>\n<td>Ilona<\/td>\n<\/tr>\n<tr>\n<td>Tomasik<\/td>\n<td>Michalina<\/td>\n<\/tr>\n<tr>\n<td>Trojanowska<\/td>\n<td>Ma\u0142gorzata<\/td>\n<\/tr>\n<tr>\n<td>Walnik<\/td>\n<td>Krzysztof<\/td>\n<\/tr>\n<tr>\n<td>Zakli\u0144ska<\/td>\n<td>Katarzyna<\/td>\n<\/tr>\n<tr>\n<td>Ziarnik<\/td>\n<td>Helena<\/td>\n<\/tr>\n<tr>\n<td>Zubek<\/td>\n<td>Anna<\/td>\n<\/tr>\n<tr>\n<td>\u017burawski<\/td>\n<td>Dawid<\/td>\n<\/tr>\n<tr>\n<td>\u017burawski<\/td>\n<td>Lucjan<\/td>\n<\/tr>\n<\/tbody>\n<\/table>\n<table>\n<caption>9 start\u00f3w \u2013 br\u0105zowa<\/caption>\n<thead>\n<tr>\n<th>Nazwisko<\/th>\n<th>Imi\u0119<\/th>\n<\/tr>\n<\/thead>\n<tbody>\n<tr>\n<td>Badora<\/td>\n<td>Piotr<\/td>\n<\/tr>\n<tr>\n<td>Barczewska<\/td>\n<td>Monika<\/td>\n<\/tr>\n<tr>\n<td>Basiura<\/td>\n<td>Barbara<\/td>\n<\/tr>\n<tr>\n<td>Bem\u015b<\/td>\n<td>Emilia<\/td>\n<\/tr>\n<tr>\n<td>Cegie\u0142ka<\/td>\n<td>Urszula<\/td>\n<\/tr>\n<tr>\n<td>Chmielowski<\/td>\n<td>Ignacy<\/td>\n<\/tr>\n<tr>\n<td>Ciak<\/td>\n<td>Jadzia<\/td>\n<\/tr>\n<tr>\n<td>Cyran-Polnik<\/td>\n<td>Anna<\/td>\n<\/tr>\n<tr>\n<td>Czy\u017c<\/td>\n<td>Wojciech<\/td>\n<\/tr>\n<tr>\n<td>D\u0105browska<\/td>\n<td>Ela<\/td>\n<\/tr>\n<tr>\n<td>D\u0105browski<\/td>\n<td>Krzysztof<\/td>\n<\/tr>\n<tr>\n<td>Dusi\u0144ska<\/td>\n<td>Justyna<\/td>\n<\/tr>\n<tr>\n<td>Dygo\u0144<\/td>\n<td>Gosia<\/td>\n<\/tr>\n<tr>\n<td>Frydel<\/td>\n<td>Aleksandra<\/td>\n<\/tr>\n<tr>\n<td>Frydel<\/td>\n<td>Julia<\/td>\n<\/tr>\n<tr>\n<td>Gac\u0142awska<\/td>\n<td>Regina<\/td>\n<\/tr>\n<tr>\n<td>Kapa\u0142ka<\/td>\n<td>Alicja<\/td>\n<\/tr>\n<tr>\n<td>Kapa\u0142ka<\/td>\n<td>Maria<\/td>\n<\/tr>\n<tr>\n<td>Kapa\u0142ka<\/td>\n<td>Patrycja<\/td>\n<\/tr>\n<tr>\n<td>Kapa\u0142ka<\/td>\n<td>Tomasz<\/td>\n<\/tr>\n<tr>\n<td>Karbownik<\/td>\n<td>Mariola<\/td>\n<\/tr>\n<tr>\n<td>Kidawa<\/td>\n<td>Bo\u017cena<\/td>\n<\/tr>\n<tr>\n<td>Koplin<\/td>\n<td>Zosia<\/td>\n<\/tr>\n<tr>\n<td>Kowalski<\/td>\n<td>Robert<\/td>\n<\/tr>\n<tr>\n<td>Kuchta<\/td>\n<td>Katarzyna<\/td>\n<\/tr>\n<tr>\n<td>Kuchta<\/td>\n<td>Maria<\/td>\n<\/tr>\n<tr>\n<td>Kwa\u015bniak<\/td>\n<td>El\u017cbieta<\/td>\n<\/tr>\n<tr>\n<td>Kwa\u015bniak<\/td>\n<td>Mateusz<\/td>\n<\/tr>\n<tr>\n<td>Kwiatkowski<\/td>\n<td>Stanis\u0142aw<\/td>\n<\/tr>\n<tr>\n<td>Le\u015bniak<\/td>\n<td>Krzysztof<\/td>\n<\/tr>\n<tr>\n<td>Libera<\/td>\n<td>Szymon<\/td>\n<\/tr>\n<tr>\n<td>\u0141opacz<\/td>\n<td>Andrzej<\/td>\n<\/tr>\n<tr>\n<td>Machnowska<\/td>\n<td>Marta<\/td>\n<\/tr>\n<tr>\n<td>Machnowska<\/td>\n<td>Ola<\/td>\n<\/tr>\n<tr>\n<td>Machnowski<\/td>\n<td>Wojciech<\/td>\n<\/tr>\n<tr>\n<td>Malicka<\/td>\n<td>R\u00f3\u017ca<\/td>\n<\/tr>\n<tr>\n<td>Ma\u0142kowska<\/td>\n<td>Beata<\/td>\n<\/tr>\n<tr>\n<td>Ma\u0142kowski<\/td>\n<td>Tomasz<\/td>\n<\/tr>\n<tr>\n<td>Marondel<\/td>\n<td>Jan<\/td>\n<\/tr>\n<tr>\n<td>Marondel<\/td>\n<td>Katarzyna<\/td>\n<\/tr>\n<tr>\n<td>Matuszny<\/td>\n<td>Marcin<\/td>\n<\/tr>\n<tr>\n<td>Mokrosz<\/td>\n<td>Andrzej<\/td>\n<\/tr>\n<tr>\n<td>Niewiadomska<\/td>\n<td>Patrycja<\/td>\n<\/tr>\n<tr>\n<td>Odoszewska<\/td>\n<td>Basia<\/td>\n<\/tr>\n<tr>\n<td>Odoszewski<\/td>\n<td>Roman<\/td>\n<\/tr>\n<tr>\n<td>Olszewska Pietrysiak<\/td>\n<td>Bo\u017cena<\/td>\n<\/tr>\n<tr>\n<td>Orlik-Szwec<\/td>\n<td>Milena<\/td>\n<\/tr>\n<tr>\n<td>Ostrowska<\/td>\n<td>Hanna Ma\u0142gorzata<\/td>\n<\/tr>\n<tr>\n<td>Ostrowski<\/td>\n<td>Przemys\u0142aw<\/td>\n<\/tr>\n<tr>\n<td>Pieczka<\/td>\n<td>Ewelina<\/td>\n<\/tr>\n<tr>\n<td>Polewka<\/td>\n<td>Beata<\/td>\n<\/tr>\n<tr>\n<td>Polewka<\/td>\n<td>Tomasz<\/td>\n<\/tr>\n<tr>\n<td>Polywka-Bu\u0142awa<\/td>\n<td>Katarzyna<\/td>\n<\/tr>\n<tr>\n<td>Przybylska<\/td>\n<td>Karolina<\/td>\n<\/tr>\n<tr>\n<td>Przybylski<\/td>\n<td>Mariusz<\/td>\n<\/tr>\n<tr>\n<td>Raczy\u0144ski<\/td>\n<td>Ryszard<\/td>\n<\/tr>\n<tr>\n<td>Rajpert<\/td>\n<td>El\u017cbieta<\/td>\n<\/tr>\n<tr>\n<td>Rutkowski<\/td>\n<td>Micha\u0142<\/td>\n<\/tr>\n<tr>\n<td>Rybarz<\/td>\n<td>Ewa<\/td>\n<\/tr>\n<tr>\n<td>Siemie\u0144czuk<\/td>\n<td>Lilianna<\/td>\n<\/tr>\n<tr>\n<td>Sieradzka<\/td>\n<td>Marta<\/td>\n<\/tr>\n<tr>\n<td>Sitko<\/td>\n<td>Dagmara<\/td>\n<\/tr>\n<tr>\n<td>Szczerba<\/td>\n<td>Katarzyna<\/td>\n<\/tr>\n<tr>\n<td>Szkamruk<\/td>\n<td>Zuzanna<\/td>\n<\/tr>\n<tr>\n<td>Trzepiz\u00f3r<\/td>\n<td>Daria<\/td>\n<\/tr>\n<tr>\n<td>Uliasz<\/td>\n<td>Krzysztof<\/td>\n<\/tr>\n<tr>\n<td>Uliasz<\/td>\n<td>Tymoteusz<\/td>\n<\/tr>\n<tr>\n<td>Winiarska<\/td>\n<td>Jolanta<\/td>\n<\/tr>\n<tr>\n<td>Wi\u015bniewski<\/td>\n<td>Tomasz<\/td>\n<\/tr>\n<tr>\n<td>Wittchen<\/td>\n<td>Ewa<\/td>\n<\/tr>\n<tr>\n<td>Wojtukiewicz<\/td>\n<td>Justyna<\/td>\n<\/tr>\n<tr>\n<td>Wr\u00f3bel<\/td>\n<td>Filip<\/td>\n<\/tr>\n<\/tbody>\n<\/table>\n<\/div>\n","protected":false},"excerpt":{"rendered":"<p>12 start\u00f3w \u2013 z\u0142ota Nazwisko Imi\u0119 Adamowska Julka Adamowska Kasia Adamowska Zofia Adamowski Jacek Augu\u015bcik El\u017cbieta Banduch Izabela Basara Ryszard B\u0105k Maria Bentkowski Leslaw Bielanik Barbara Bielanik Natalia B\u00f6hm Anna Bradel Barbara Bradel Mateusz Bradel Megan Bregu\u0142a Ewa Broll Anna Ch\u0119ci\u0144ska Agnieszka Ch\u0119ci\u0144ski Tomasz Ch\u0119ci\u0144ski Tomasz Jr Chmelik Marysia Chodun Hanna Cyprys Gra\u017cyna Czekalska Blanka [&hellip;]<\/p>\n","protected":false},"author":2,"featured_media":0,"parent":0,"menu_order":0,"comment_status":"closed","ping_status":"closed","template":"","meta":{"site-sidebar-layout":"default","site-content-layout":"","ast-site-content-layout":"default","site-content-style":"default","site-sidebar-style":"default","ast-global-header-display":"","ast-banner-title-visibility":"","ast-main-header-display":"","ast-hfb-above-header-display":"","ast-hfb-below-header-display":"","ast-hfb-mobile-header-display":"","site-post-title":"","ast-breadcrumbs-content":"","ast-featured-img":"","footer-sml-layout":"","ast-disable-related-posts":"","theme-transparent-header-meta":"","adv-header-id-meta":"","stick-header-meta":"","header-above-stick-meta":"","header-main-stick-meta":"","header-below-stick-meta":"","astra-migrate-meta-layouts":"set","ast-page-background-enabled":"default","ast-page-background-meta":{"desktop":{"background-color":"var(--ast-global-color-4)","background-image":"","background-repeat":"repeat","background-position":"center center","background-size":"auto","background-attachment":"scroll","background-type":"","background-media":"","overlay-type":"","overlay-color":"","overlay-opacity":"","overlay-gradient":""},"tablet":{"background-color":"","background-image":"","background-repeat":"repeat","background-position":"center center","background-size":"auto","background-attachment":"scroll","background-type":"","background-media":"","overlay-type":"","overlay-color":"","overlay-opacity":"","overlay-gradient":""},"mobile":{"background-color":"","background-image":"","background-repeat":"repeat","background-position":"center center","background-size":"auto","background-attachment":"scroll","background-type":"","background-media":"","overlay-type":"","overlay-color":"","overlay-opacity":"","overlay-gradient":""}},"ast-content-background-meta":{"desktop":{"background-color":"var(--ast-global-color-5)","background-image":"","background-repeat":"repeat","background-position":"center center","background-size":"auto","background-attachment":"scroll","background-type":"","background-media":"","overlay-type":"","overlay-color":"","overlay-opacity":"","overlay-gradient":""},"tablet":{"background-color":"var(--ast-global-color-5)","background-image":"","background-repeat":"repeat","background-position":"center center","background-size":"auto","background-attachment":"scroll","background-type":"","background-media":"","overlay-type":"","overlay-color":"","overlay-opacity":"","overlay-gradient":""},"mobile":{"background-color":"var(--ast-global-color-5)","background-image":"","background-repeat":"repeat","background-position":"center center","background-size":"auto","background-attachment":"scroll","background-type":"","background-media":"","overlay-type":"","overlay-color":"","overlay-opacity":"","overlay-gradient":""}},"footnotes":""},"class_list":["post-3334","page","type-page","status-publish","hentry"],"_links":{"self":[{"href":"https:\/\/gppb.eu\/index.php\/wp-json\/wp\/v2\/pages\/3334","targetHints":{"allow":["GET"]}}],"collection":[{"href":"https:\/\/gppb.eu\/index.php\/wp-json\/wp\/v2\/pages"}],"about":[{"href":"https:\/\/gppb.eu\/index.php\/wp-json\/wp\/v2\/types\/page"}],"author":[{"embeddable":true,"href":"https:\/\/gppb.eu\/index.php\/wp-json\/wp\/v2\/users\/2"}],"replies":[{"embeddable":true,"href":"https:\/\/gppb.eu\/index.php\/wp-json\/wp\/v2\/comments?post=3334"}],"version-history":[{"count":15,"href":"https:\/\/gppb.eu\/index.php\/wp-json\/wp\/v2\/pages\/3334\/revisions"}],"predecessor-version":[{"id":3470,"href":"https:\/\/gppb.eu\/index.php\/wp-json\/wp\/v2\/pages\/3334\/revisions\/3470"}],"wp:attachment":[{"href":"https:\/\/gppb.eu\/index.php\/wp-json\/wp\/v2\/media?parent=3334"}],"curies":[{"name":"wp","href":"https:\/\/api.w.org\/{rel}","templated":true}]}}