{"id":3444,"date":"2026-01-01T07:40:04","date_gmt":"2026-01-01T06:40:04","guid":{"rendered":"https:\/\/gppb.eu\/?page_id=3444"},"modified":"2026-01-01T08:08:16","modified_gmt":"2026-01-01T07:08:16","slug":"najwazniejsze-informacje-2026","status":"publish","type":"page","link":"https:\/\/gppb.eu\/index.php\/najwazniejsze-informacje-2026\/","title":{"rendered":"Najwa\u017cniejsze informacje 2026"},"content":{"rendered":"\t\t<div data-elementor-type=\"wp-page\" data-elementor-id=\"3444\" class=\"elementor elementor-3444\">\n\t\t\t\t\t\t<section class=\"elementor-section elementor-top-section elementor-element elementor-element-f94a498 elementor-section-boxed elementor-section-height-default elementor-section-height-default\" data-id=\"f94a498\" data-element_type=\"section\" data-e-type=\"section\">\n\t\t\t\t\t\t<div class=\"elementor-container elementor-column-gap-default\">\n\t\t\t\t\t<div class=\"elementor-column elementor-col-100 elementor-top-column elementor-element elementor-element-19e0e46\" data-id=\"19e0e46\" data-element_type=\"column\" data-e-type=\"column\">\n\t\t\t<div class=\"elementor-widget-wrap elementor-element-populated\">\n\t\t\t\t\t\t<div class=\"elementor-element elementor-element-bba7dcc elementor-widget elementor-widget-text-editor\" data-id=\"bba7dcc\" data-element_type=\"widget\" data-e-type=\"widget\" data-widget_type=\"text-editor.default\">\n\t\t\t\t<div class=\"elementor-widget-container\">\n\t\t\t\t\t\t\t\t\t<p style=\"text-align: left;\"><strong>ZAPISY I OP\u0141ATY<\/strong><\/p><p>Zapisy s\u0105 prowadzone internetowo na stronie:<br \/><a href=\"https:\/\/my.raceresult.com\/377264\/registration\" target=\"_blank\" rel=\"noopener\">https:\/\/my.raceresult.com\/274115\/registration<\/a><\/p><p>zapisujemy si\u0119 tylko raz na ca\u0142y rok<\/p><p>op\u0142ata za ka\u017cdy start:<br \/>15 z\u0142 -roczniki 2007-2026<br \/>20 z\u0142 \u2013roczniki 1927-1956<br \/>35 z\u0142 -roczniki 1957-2006<\/p><p>Uwaga: op\u0142aty mog\u0105 si\u0119 zmieni\u0107 w trakcie roku z powodu inflacji!<\/p><p>Op\u0142aty s\u0105 przyjmowane tylko internetowo po klikni\u0119ciu na numer startowy zawodnika: <a href=\"https:\/\/my.raceresult.com\/377264\/participants\" target=\"_blank\" rel=\"noopener\">https:\/\/my.raceresult.com<\/a><br \/>oraz na stronie <a href=\"https:\/\/zrzutka.pl\/n324s7\">Zrzutka.pl<\/a><\/p><p>Mo\u017cna op\u0142aci\u0107 kilka start\u00f3w z g\u00f3ry; niewykorzystane op\u0142aty przechodz\u0105 na kolejny miesi\u0105c a\u017c do grudnia; dopiero po zawodach grudniowych niewykorzystane op\u0142aty przepadaj\u0105 i zostan\u0105 zagospodarowane na cele organizacyjne GPPB.<\/p><p>Numery startowe s\u0105 na ca\u0142y rok -po ka\u017cdych zawodach w parku nale\u017cy je odda\u0107 do biura zawod\u00f3w.<\/p><p>Za e-Prowokacj\u0119 op\u0142ata wynosi jak za zawody w parku<\/p><p>Przy zmianie konkurencji (z biegu na Nordic Walking lub odwrotnie) nale\u017cy z\u0142o\u017cy\u0107 nowe zg\u0142oszenie i pobra\u0107 nowy numer startowy.<\/p><p><a href=\"https:\/\/gppb.eu\/index.php\/elementor-3429\/\">Terminy zawod\u00f3w<\/a><\/p><p>CO JESZCZE TRZEBA WIEDZIE\u0106?<\/p><ul><li>dystans: od 1 do 5 okr\u0105\u017ce\u0144 po 4219,5 m ka\u017cde okr\u0105\u017cenie, czyli od 1\/10 do 1\/2 maratonu<\/li><li>konkurencje: bieg i Nordic Walking, a w e-Prowokacji dowolna aktywno\u015b\u0107<\/li><li>limit czasowy: 3 godziny dla ka\u017cdej z konkurencji, e-Prowokacja bez limitu<\/li><li>klasyfikacja \u201ewytrwali\u201d \u2013wed\u0142ug ilo\u015bci start\u00f3w, mo\u017cna \u0142\u0105czy\u0107 konkurencje (np. 3x bieg + 6 razy NW)<\/li><\/ul><p>Kategorie wiekowe:<\/p><p>kat. 01 (2017-2026)<br \/>kat. 10 (2007-2016)<br \/>kat. 20 (1997-2006)<br \/>kat. 30 (1987-1996)<br \/>kat. 40 (1977-1986)<br \/>kat. 50 (1967-1976)<br \/>kat. 60 (1957-1966)<br \/>kat. 70 (1947-1956)<br \/>kat. 80 (1937-1946)<br \/>kat. 90 (1927-1936)<\/p><p>Statuetka b\u0119dzie wr\u0119czana za co najmniej 9 start\u00f3w na dowolnym dystansie, mo\u017cna \u0142\u0105czy\u0107 konkurencje.<\/p><p>Ka\u017cdy zawodnik ma osobist\u0105 stron\u0119 internetow\u0105 ze wszystkimi swoimi wynikami z sezonu i z dyplomem do samodzielnego wydruku z ka\u017cdych zawod\u00f3w i na koniec cyklu -mo\u017cna j\u0105 zobaczy\u0107 po klikni\u0119ciu na nazwisko zawodnika w tabeli wynik\u00f3w na stronie: <a href=\"https:\/\/my.raceresult.com\/377264\/participants\" target=\"_blank\" rel=\"noopener\">https:\/\/my.raceresult.com\/377264\/participants<\/a><\/p><p>Po zawodach nale\u017cy odda\u0107 numer startowy w Biurze Zawod\u00f3w i odebra\u0107:<\/p><ul><li>nap\u00f3j, kie\u0142bas\u0119 lub banana, w zale\u017cno\u015bci od warunk\u00f3w atmosferycznych i epidemicznych<\/li><li>batonik -losowanie nagr\u00f3d (wygrywa batonik czarny lub zielony), je\u015bli przepisy sanitarne pozwol\u0105<\/li><\/ul><p>Organizatorem zawod\u00f3w jest AKMB P\u0119dziwiatr Gliwice<\/p><p>szefem zawod\u00f3w jest Tomasz Starzyk, e-mail: biuro@gppb.eu<\/p><p>Regulamin zawod\u00f3w w parku<\/p><p>Regulamin e-Prowokacji<\/p><p>RODO<\/p><p>I na koniec przypominamy zawo\u0142anie naszych zawod\u00f3w:<br \/>\u201eDaj si\u0119 sprowokowa\u0107 do walki z lenistwem!\u201d<\/p>\t\t\t\t\t\t\t\t<\/div>\n\t\t\t\t<\/div>\n\t\t\t\t\t<\/div>\n\t\t<\/div>\n\t\t\t\t\t<\/div>\n\t\t<\/section>\n\t\t\t\t<\/div>\n\t\t","protected":false},"excerpt":{"rendered":"<p>ZAPISY I OP\u0141ATY Zapisy s\u0105 prowadzone internetowo na stronie:https:\/\/my.raceresult.com\/274115\/registration zapisujemy si\u0119 tylko raz na ca\u0142y rok op\u0142ata za ka\u017cdy start:15 z\u0142 -roczniki 2007-202620 z\u0142 \u2013roczniki 1927-195635 z\u0142 -roczniki 1957-2006 Uwaga: op\u0142aty mog\u0105 si\u0119 zmieni\u0107 w trakcie roku z powodu inflacji! Op\u0142aty s\u0105 przyjmowane tylko internetowo po klikni\u0119ciu na numer startowy zawodnika: https:\/\/my.raceresult.comoraz na stronie Zrzutka.pl [&hellip;]<\/p>\n","protected":false},"author":1,"featured_media":0,"parent":0,"menu_order":0,"comment_status":"closed","ping_status":"closed","template":"","meta":{"site-sidebar-layout":"no-sidebar","site-content-layout":"page-builder","ast-site-content-layout":"full-width-container","site-content-style":"default","site-sidebar-style":"default","ast-global-header-display":"","ast-banner-title-visibility":"","ast-main-header-display":"","ast-hfb-above-header-display":"","ast-hfb-below-header-display":"","ast-hfb-mobile-header-display":"","site-post-title":"","ast-breadcrumbs-content":"","ast-featured-img":"disabled","footer-sml-layout":"","ast-disable-related-posts":"","theme-transparent-header-meta":"","adv-header-id-meta":"","stick-header-meta":"","header-above-stick-meta":"","header-main-stick-meta":"","header-below-stick-meta":"","astra-migrate-meta-layouts":"set","ast-page-background-enabled":"default","ast-page-background-meta":{"desktop":{"background-color":"var(--ast-global-color-4)","background-image":"","background-repeat":"repeat","background-position":"center center","background-size":"auto","background-attachment":"scroll","background-type":"","background-media":"","overlay-type":"","overlay-color":"","overlay-opacity":"","overlay-gradient":""},"tablet":{"background-color":"","background-image":"","background-repeat":"repeat","background-position":"center center","background-size":"auto","background-attachment":"scroll","background-type":"","background-media":"","overlay-type":"","overlay-color":"","overlay-opacity":"","overlay-gradient":""},"mobile":{"background-color":"","background-image":"","background-repeat":"repeat","background-position":"center center","background-size":"auto","background-attachment":"scroll","background-type":"","background-media":"","overlay-type":"","overlay-color":"","overlay-opacity":"","overlay-gradient":""}},"ast-content-background-meta":{"desktop":{"background-color":"var(--ast-global-color-5)","background-image":"","background-repeat":"repeat","background-position":"center center","background-size":"auto","background-attachment":"scroll","background-type":"","background-media":"","overlay-type":"","overlay-color":"","overlay-opacity":"","overlay-gradient":""},"tablet":{"background-color":"var(--ast-global-color-5)","background-image":"","background-repeat":"repeat","background-position":"center center","background-size":"auto","background-attachment":"scroll","background-type":"","background-media":"","overlay-type":"","overlay-color":"","overlay-opacity":"","overlay-gradient":""},"mobile":{"background-color":"var(--ast-global-color-5)","background-image":"","background-repeat":"repeat","background-position":"center center","background-size":"auto","background-attachment":"scroll","background-type":"","background-media":"","overlay-type":"","overlay-color":"","overlay-opacity":"","overlay-gradient":""}},"footnotes":""},"class_list":["post-3444","page","type-page","status-publish","hentry"],"_links":{"self":[{"href":"https:\/\/gppb.eu\/index.php\/wp-json\/wp\/v2\/pages\/3444","targetHints":{"allow":["GET"]}}],"collection":[{"href":"https:\/\/gppb.eu\/index.php\/wp-json\/wp\/v2\/pages"}],"about":[{"href":"https:\/\/gppb.eu\/index.php\/wp-json\/wp\/v2\/types\/page"}],"author":[{"embeddable":true,"href":"https:\/\/gppb.eu\/index.php\/wp-json\/wp\/v2\/users\/1"}],"replies":[{"embeddable":true,"href":"https:\/\/gppb.eu\/index.php\/wp-json\/wp\/v2\/comments?post=3444"}],"version-history":[{"count":5,"href":"https:\/\/gppb.eu\/index.php\/wp-json\/wp\/v2\/pages\/3444\/revisions"}],"predecessor-version":[{"id":3451,"href":"https:\/\/gppb.eu\/index.php\/wp-json\/wp\/v2\/pages\/3444\/revisions\/3451"}],"wp:attachment":[{"href":"https:\/\/gppb.eu\/index.php\/wp-json\/wp\/v2\/media?parent=3444"}],"curies":[{"name":"wp","href":"https:\/\/api.w.org\/{rel}","templated":true}]}}