{"id":3482,"date":"2026-01-06T09:33:07","date_gmt":"2026-01-06T08:33:07","guid":{"rendered":"https:\/\/gppb.eu\/?page_id=3482"},"modified":"2026-01-06T09:34:50","modified_gmt":"2026-01-06T08:34:50","slug":"elementor-strona-3482","status":"publish","type":"page","link":"https:\/\/gppb.eu\/index.php\/elementor-strona-3482\/","title":{"rendered":"GPPB 2026 -regulamin zawod\u00f3w w parku"},"content":{"rendered":"\t\t<div data-elementor-type=\"wp-page\" data-elementor-id=\"3482\" class=\"elementor elementor-3482\">\n\t\t\t\t\t\t<section class=\"elementor-section elementor-top-section elementor-element elementor-element-1484e4e elementor-section-boxed elementor-section-height-default elementor-section-height-default\" data-id=\"1484e4e\" data-element_type=\"section\" data-e-type=\"section\">\n\t\t\t\t\t\t<div class=\"elementor-container elementor-column-gap-default\">\n\t\t\t\t\t<div class=\"elementor-column elementor-col-100 elementor-top-column elementor-element elementor-element-c8e32c3\" data-id=\"c8e32c3\" data-element_type=\"column\" data-e-type=\"column\">\n\t\t\t<div class=\"elementor-widget-wrap elementor-element-populated\">\n\t\t\t\t\t\t<div class=\"elementor-element elementor-element-e96d41f elementor-widget elementor-widget-text-editor\" data-id=\"e96d41f\" data-element_type=\"widget\" data-e-type=\"widget\" data-widget_type=\"text-editor.default\">\n\t\t\t\t<div class=\"elementor-widget-container\">\n\t\t\t\t\t\t\t\t\t<p><br \/><br \/><\/p><p style=\"text-align: center;\"><i><span style=\"font-weight: 400;\">Gliwicka<\/span><\/i><i><span style=\"font-weight: 400;\"> Parkowa <\/span><\/i><i><span style=\"font-weight: 400;\">Prowokacja<\/span><\/i><i><span style=\"font-weight: 400;\"> Biegowa<\/span><\/i><\/p><p style=\"text-align: center;\"><b>REGULAMIN ZAWOD\u00d3W WIRTUALNYCH<\/b><\/p><p style=\"text-align: center;\"><b>sezon XIII- 2026<\/b><\/p><p>\u00a0<\/p><ol><li><b> ORGANIZATOR<\/b><\/li><\/ol><ol><li style=\"font-weight: 400;\" aria-level=\"1\"><span style=\"font-weight: 400;\">Organizatorem zawod\u00f3w sportowych pod nazw\u0105 <\/span><b>Gliwickiej Parkowej e-Prowokacji Biegowej<\/b><span style=\"font-weight: 400;\"> jest Amatorski Klub Mi\u0142o\u015bnik\u00f3w Biegania \u201eP\u0119dziwiatr\u201d Gliwice dzia\u0142aj\u0105cy przy Stowarzyszeniu Rozwoju Czechowic w Gliwicach. Dane organizatora znajduj\u0105 si\u0119 na stronie\u00a0internetowej <\/span><a href=\"http:\/\/www.pedziwiatr.gliwice.pl\"><span style=\"font-weight: 400;\">www.pedziwiatr.gliwice.pl<\/span><\/a> <span style=\"font-weight: 400;\">oraz <\/span><a href=\"http:\/\/www.czechowicer.eu\"><span style=\"font-weight: 400;\">www.czechowicer.eu<\/span><\/a><\/li><li style=\"font-weight: 400;\" aria-level=\"1\"><span style=\"font-weight: 400;\">Oficjaln\u0105 stron\u0105 internetow\u0105 zawod\u00f3w jest <\/span><a href=\"http:\/\/www.gppb.eu\"><span style=\"font-weight: 400;\">www.gppb.eu<\/span><\/a><\/li><li style=\"font-weight: 400;\" aria-level=\"1\"><span style=\"font-weight: 400;\">Szeryfem cyklu zawod\u00f3w jest Andrzej Szelka, e-mail: biuro@gppb.eu<\/span><\/li><\/ol><ol><li><b> CEL<\/b><\/li><\/ol><p><span style=\"font-weight: 400;\">Gliwicka Parkowa e-Prowokacja Biegowa organizowana jest w celu utrzymania ci\u0105g\u0142o\u015bci zawod\u00f3w GPPB. Has\u0142em imprezy jest:<\/span><\/p><p><b><i>&#8222;Daj si\u0119 sprowokowa\u0107 do walki z lenistwem!&#8221;<\/i><\/b><i><span style=\"font-weight: 400;\">.<\/span><\/i><\/p><p><b>III. KONKURENCJE<\/b><\/p><ol><li style=\"font-weight: 400;\" aria-level=\"1\"><span style=\"font-weight: 400;\">Bieg (r\u00f3wnie\u017c na bie\u017cni)<\/span><\/li><li style=\"font-weight: 400;\" aria-level=\"1\"><span style=\"font-weight: 400;\">Nordic Walking<\/span><\/li><li style=\"font-weight: 400;\" aria-level=\"1\"><span style=\"font-weight: 400;\">Inne &#8211; orbitrek, gimnastyka, jazda na rowerze, joga, p\u0142ywanie, taniec i ka\u017cda inna aktywno\u015b\u0107 ruchowa<\/span><span style=\"font-weight: 400;\"><br \/><br \/><\/span><\/li><\/ol><ol><li><b>TERMIN I MIEJSCE<\/b><\/li><\/ol><ol><li style=\"font-weight: 400;\" aria-level=\"1\"><span style=\"font-weight: 400;\">Cykl sk\u0142ada si\u0119 z 12 zawod\u00f3w, kt\u00f3re odbywa\u0107 si\u0119 b\u0119d\u0105 w 2026 roku, raz w miesi\u0105cu, w sobot\u0119, w dniach:<\/span><ol><li style=\"font-weight: 400;\" aria-level=\"2\"><span style=\"font-weight: 400;\">31 stycznia<\/span><\/li><li style=\"font-weight: 400;\" aria-level=\"2\"><span style=\"font-weight: 400;\">28 lutego<\/span><\/li><li style=\"font-weight: 400;\" aria-level=\"2\"><span style=\"font-weight: 400;\">28 marca<\/span><\/li><li style=\"font-weight: 400;\" aria-level=\"2\"><span style=\"font-weight: 400;\">25 kwietnia<\/span><\/li><li style=\"font-weight: 400;\" aria-level=\"2\"><span style=\"font-weight: 400;\">30 maja<\/span><\/li><li style=\"font-weight: 400;\" aria-level=\"2\"><span style=\"font-weight: 400;\">27 czerwca<\/span><\/li><li style=\"font-weight: 400;\" aria-level=\"2\"><span style=\"font-weight: 400;\">25 lipca<\/span><\/li><li style=\"font-weight: 400;\" aria-level=\"2\"><span style=\"font-weight: 400;\">29 sierpnia<\/span><\/li><li style=\"font-weight: 400;\" aria-level=\"2\"><span style=\"font-weight: 400;\">26 wrze\u015bnia<\/span><\/li><li style=\"font-weight: 400;\" aria-level=\"2\"><span style=\"font-weight: 400;\">31 pa\u017adziernika<\/span><\/li><li style=\"font-weight: 400;\" aria-level=\"2\"><span style=\"font-weight: 400;\">28 listopada<\/span><\/li><li style=\"font-weight: 400;\" aria-level=\"2\"><span style=\"font-weight: 400;\">12 grudnia<\/span><\/li><\/ol><\/li><\/ol><p>\u00a0<\/p><ol><li style=\"font-weight: 400;\" aria-level=\"1\"><span style=\"font-weight: 400;\">Ka\u017cdy zawodnik sam wybiera bezpieczne miejsce do przeprowadzenia zawod\u00f3w. Mo\u017ce to by\u0107 teren na zewn\u0105trz lub w pomieszczeniu.<\/span><\/li><li style=\"font-weight: 400;\" aria-level=\"1\"><span style=\"font-weight: 400;\">W terminie zawod\u00f3w mo\u017cna startowa\u0107 tylko raz, zaliczany b\u0119dzie ostatni z podanych wynik\u00f3w.<\/span><span style=\"font-weight: 400;\"><br \/><br \/><\/span><\/li><\/ol><ol><li><b> UCZESTNICTWO<\/b><\/li><\/ol><ol><li style=\"font-weight: 400;\" aria-level=\"1\"><span style=\"font-weight: 400;\">Zawody s\u0105 og\u00f3lnodost\u0119pne.<\/span><\/li><li style=\"font-weight: 400;\" aria-level=\"1\"><span style=\"font-weight: 400;\">e-zawody s\u0105 cz\u0119\u015bci\u0105 GPPB<\/span><\/li><li style=\"font-weight: 400;\" aria-level=\"1\"><span style=\"font-weight: 400;\">Zapisy na zawody b\u0119d\u0105 przyjmowane przez Internet (ca\u0142y rok). Zawodnicy zapisani na tradycyjne zawody GPPB nie zapisuj\u0105 si\u0119 ponownie na e-Prowokacj\u0119.<\/span><\/li><li style=\"font-weight: 400;\" aria-level=\"1\"><b>Zapisy obowi\u0105zuj\u0105 tylko podczas pierwszego startu w sezonie <\/b><span style=\"font-weight: 400;\">\u00a0i dla jednej konkurencji.<\/span><\/li><li style=\"font-weight: 400;\" aria-level=\"1\"><span style=\"font-weight: 400;\">Dystans zawod\u00f3w: od 1 do 5 okr\u0105\u017ce\u0144, czyli:<\/span><ol><li style=\"font-weight: 400;\" aria-level=\"2\"><span style=\"font-weight: 400;\">1 okr\u0105\u017cenie to:<\/span><ol><li style=\"font-weight: 400;\" aria-level=\"3\"><span style=\"font-weight: 400;\">dystans od 4,2 km do 8,4 km (bieg lub NW)<\/span><\/li><li style=\"font-weight: 400;\" aria-level=\"3\"><span style=\"font-weight: 400;\">lub czas \u0107wiczenia od 30 do 59 minut (inne konkurencje)<\/span><\/li><\/ol><\/li><li style=\"font-weight: 400;\" aria-level=\"2\"><span style=\"font-weight: 400;\">2 okr\u0105\u017cenia to:<\/span><ol><li style=\"font-weight: 400;\" aria-level=\"3\"><span style=\"font-weight: 400;\">dystans od 8,5 km do 12,6 km (bieg lub NW)<\/span><\/li><li style=\"font-weight: 400;\" aria-level=\"3\"><span style=\"font-weight: 400;\">lub czas \u0107wiczenia od 60 do 89 minut (inne konkurencje)<\/span><\/li><\/ol><\/li><li style=\"font-weight: 400;\" aria-level=\"2\"><span style=\"font-weight: 400;\">3 okr\u0105\u017cenia to:<\/span><ol><li style=\"font-weight: 400;\" aria-level=\"3\"><span style=\"font-weight: 400;\">dystans od 12,7 km do 16,8 km (bieg lub NW)<\/span><\/li><li style=\"font-weight: 400;\" aria-level=\"3\"><span style=\"font-weight: 400;\">lub czas \u0107wiczenia od 90 do 119 minut (inne konkurencje)<\/span><\/li><\/ol><\/li><li style=\"font-weight: 400;\" aria-level=\"2\"><span style=\"font-weight: 400;\">4 okr\u0105\u017cenia to:<\/span><ol><li style=\"font-weight: 400;\" aria-level=\"3\"><span style=\"font-weight: 400;\">dystans od 16,9 km do 21,0 km (bieg lub NW)<\/span><\/li><li style=\"font-weight: 400;\" aria-level=\"3\"><span style=\"font-weight: 400;\">lub czas \u0107wiczenia od 120 do 149 minut (inne konkurencje)<\/span><\/li><\/ol><\/li><li style=\"font-weight: 400;\" aria-level=\"2\"><span style=\"font-weight: 400;\">5 okr\u0105\u017ce\u0144 to:<\/span><ol><li style=\"font-weight: 400;\" aria-level=\"3\"><span style=\"font-weight: 400;\">dystans powy\u017cej 21,0 km (bieg lub NW)<\/span><\/li><li style=\"font-weight: 400;\" aria-level=\"3\"><span style=\"font-weight: 400;\">lub czas \u0107wiczenia powy\u017cej 149 minut (inne konkurencje)<\/span><\/li><\/ol><\/li><\/ol><\/li><\/ol><p>\u00a0<\/p><ol><li style=\"font-weight: 400;\" aria-level=\"1\"><span style=\"font-weight: 400;\">Limit czasowy: brak.<\/span><\/li><li style=\"font-weight: 400;\" aria-level=\"1\"><span style=\"font-weight: 400;\">Okr\u0105\u017cenia z konkurencji innych ni\u017c bieg i NW b\u0119d\u0105 dopisywane do konkurencji, kt\u00f3r\u0105 poda\u0142 zawodnik przy rejestracji (bieg lub NW).<\/span><\/li><li style=\"font-weight: 400;\" aria-level=\"1\"><span style=\"font-weight: 400;\">Ka\u017cdy zawodnik samodzielnie podaje sw\u00f3j wynik (czas lub dystans) w <\/span><a href=\"https:\/\/docs.google.com\/forms\/d\/e\/1FAIpQLScMuZuuegrm-QDss-obG1s7vwadKY5jvhKCze7BBYwa9c7xiQ\/closedform\"><span style=\"font-weight: 400;\">FORMULARZ<\/span><\/a><span style=\"font-weight: 400;\">u, wynik nale\u017cy poda\u0107 do najbli\u017cszej niedzieli nast\u0119puj\u0105cej po terminie zawod\u00f3w, do godziny 24:00.<\/span><\/li><li style=\"font-weight: 400;\" aria-level=\"1\"><span style=\"font-weight: 400;\">Mo\u017cna przes\u0142a\u0107 zdj\u0119cia z e-Prowokacji do albumu, ale nie jest to konieczne do zaliczenia startu.<\/span><\/li><\/ol><p>\u00a0<\/p><ol><li><b> BEZPIECZE\u0143STWO<\/b><\/li><\/ol><ol><li style=\"font-weight: 400;\" aria-level=\"1\"><span style=\"font-weight: 400;\">Ka\u017cdy zawodnik jest odpowiedzialny osobi\u015bcie za bezpieczne i zgodne z zasadami epidemiologicznymi przeprowadzenie swojego startu w e-zawodach.<\/span><\/li><li style=\"font-weight: 400;\" aria-level=\"1\"><span style=\"font-weight: 400;\">Osoby b\u0119d\u0105ce w trakcie kwarantanny nie mog\u0105 opuszcza\u0107 miejsca kwarantanny.<\/span><\/li><\/ol><p><b>VII. KLASYFIKACJE<\/b><\/p><ol><li style=\"font-weight: 400;\" aria-level=\"1\"><span style=\"font-weight: 400;\">Nie b\u0119d\u0105 prowadzone klasyfikacje zwi\u0105zane z pomiarem czasu.<\/span><\/li><li style=\"font-weight: 400;\" aria-level=\"1\"><span style=\"font-weight: 400;\">Start w e-Prowokacji b\u0119dzie zaliczany tylko do klasyfikacji <\/span><b>WYTRWALI<\/b><span style=\"font-weight: 400;\">\u00a0-bez wzgl\u0119du na wiek, p\u0142e\u0107 i konkurencj\u0119, w kt\u00f3rej kolejno\u015b\u0107 ustalana b\u0119dzie na podstawie liczby zaliczonych zawod\u00f3w we wszystkich konkurencjach (sumuj\u0105 si\u0119 starty w biegu, Nordic Walking i innych konkurencjach)<\/span><\/li><li style=\"font-weight: 400;\" aria-level=\"1\"><span style=\"font-weight: 400;\">Wyniki ka\u017cdych zawod\u00f3w oraz ca\u0142ego cyklu b\u0119d\u0105 zamieszczane na stronie internetowej <\/span><span style=\"font-weight: 400;\">www.gppb.eu<\/span><span style=\"font-weight: 400;\">.<\/span><\/li><li style=\"font-weight: 400;\" aria-level=\"1\"><span style=\"font-weight: 400;\">Starty w e-Prowokacji sumuj\u0105 si\u0119 ze startami w parku.<\/span><span style=\"font-weight: 400;\"><br \/><br \/><\/span><\/li><\/ol><p><b>VIII. OP\u0141ATY<\/b><\/p><ol><li style=\"font-weight: 400;\" aria-level=\"1\"><span style=\"font-weight: 400;\">Op\u0142ata startowa w ka\u017cdych e-zawodach, niezale\u017cnie od konkurencji, wynosi:<\/span><ol><li style=\"font-weight: 400;\" aria-level=\"2\"><span style=\"font-weight: 400;\">je\u015bli zawody w parku nie s\u0105 przeprowadzane:<\/span><ol><li style=\"font-weight: 400;\" aria-level=\"3\"><span style=\"font-weight: 400;\">wszyscy zawodnicy: 10 z\u0142 za ka\u017cdy e-start<\/span><\/li><\/ol><\/li><li style=\"font-weight: 400;\" aria-level=\"2\"><span style=\"font-weight: 400;\">je\u015bli zawody w parku s\u0105 przeprowadzane:<\/span><ol><li style=\"font-weight: 400;\" aria-level=\"3\"><span style=\"font-weight: 400;\">zawodnicy z rocznik\u00f3w 2007-2026: 15 z\u0142 za ka\u017cdy e-start<\/span><\/li><li style=\"font-weight: 400;\" aria-level=\"3\"><span style=\"font-weight: 400;\">zawodnicy z rocznik\u00f3w 1927-1956: 20 z\u0142 za ka\u017cdy e-start<\/span><\/li><li style=\"font-weight: 400;\" aria-level=\"3\"><span style=\"font-weight: 400;\">zawodnicy z rocznik\u00f3w 1957-2006: 35 z\u0142 za ka\u017cdy e-start<\/span><\/li><\/ol><\/li><li style=\"font-weight: 400;\" aria-level=\"2\"><span style=\"font-weight: 400;\">op\u0142aty b\u0119d\u0105 przyjmowane tylko przelewem; mo\u017cna op\u0142aca\u0107 awansem dowoln\u0105 ilo\u015b\u0107 start\u00f3w.<\/span><\/li><li style=\"font-weight: 400;\" aria-level=\"2\"><span style=\"font-weight: 400;\">op\u0142aty niewykorzystane przechodz\u0105 na kolejne zawody a\u017c do grudnia w\u0142\u0105cznie<\/span><\/li><li style=\"font-weight: 400;\" aria-level=\"2\"><span style=\"font-weight: 400;\">niewykorzystane w 2026 roku nadp\u0142aty nie podlegaj\u0105 zwrotowi, ani przeniesieniu na kolejny rok.<\/span><\/li><\/ol><\/li><li style=\"font-weight: 400;\" aria-level=\"1\"><span style=\"font-weight: 400;\">Op\u0142aty mog\u0105 si\u0119 zmieni\u0107 w trakcie roku, np. z powodu inflacji.<\/span><\/li><li style=\"font-weight: 400;\" aria-level=\"1\"><span style=\"font-weight: 400;\">Reklamacje op\u0142at i rozwi\u0105zywanie problem\u00f3w z p\u0142atno\u015bci\u0105 internetow\u0105 nale\u017cy zg\u0142asza\u0107 pisemnie na adres oplaty@gppb.eu<\/span><span style=\"font-weight: 400;\"><br \/><br \/><\/span><\/li><\/ol><ol><li><b> NAGRODY<\/b><\/li><\/ol><ol><li style=\"font-weight: 400;\" aria-level=\"1\"><span style=\"font-weight: 400;\">Zawodnicy, kt\u00f3rzy uko\u0144cz\u0105 przynajmniej<\/span><b> 1<\/b><span style=\"font-weight: 400;\"> zawody cyklu otrzymaj\u0105 mo\u017cliwo\u015b\u0107 samodzielnego wydruku dyplomu ze strony internetowej.<\/span><\/li><li style=\"font-weight: 400;\" aria-level=\"1\"><span style=\"font-weight: 400;\">Zawodnicy, kt\u00f3rzy uko\u0144cz\u0105 przynajmniej <\/span><b>9 <\/b><span style=\"font-weight: 400;\">zawod\u00f3w cyklu otrzymaj\u0105 mo\u017cliwo\u015b\u0107 wydruku dyplomu i statuetk\u0119.<\/span><\/li><li style=\"font-weight: 400;\" aria-level=\"1\"><span style=\"font-weight: 400;\">Zawodnicy, kt\u00f3rzy uko\u0144cz\u0105 wszystkie <\/span><b>12<\/b><span style=\"font-weight: 400;\"> odcink\u00f3w cyklu otrzymaj\u0105 mo\u017cliwo\u015b\u0107 wydruku dyplomu, statuetk\u0119 i upominek.<\/span><\/li><li style=\"font-weight: 400;\" aria-level=\"1\"><span style=\"font-weight: 400;\">Nagrody b\u0119d\u0105 wr\u0119czane na Balu Zwyci\u0119zc\u00f3w. Nagrody mo\u017cna b\u0119dzie odebra\u0107 r\u00f3wnie\u017c w innym terminie i miejscu, po uzgodnieniu z organizatorem GPPB.<\/span><\/li><li style=\"font-weight: 400;\" aria-level=\"1\"><span style=\"font-weight: 400;\">Organizator zastrzega sobie prawo do ustanowienia dodatkowych nagr\u00f3d na ustalonych przez siebie warunkach.<\/span><\/li><\/ol><p>\u00a0<\/p><ol><li><b> BAL ZWYCI\u0118ZC\u00d3W<\/b><\/li><\/ol><ol><li style=\"font-weight: 400;\" aria-level=\"1\"><span style=\"font-weight: 400;\">Termin i miejsce balu zostan\u0105 podane w p\u00f3\u017aniejszym terminie.<\/span><\/li><li style=\"font-weight: 400;\" aria-level=\"1\"><span style=\"font-weight: 400;\">W balu mog\u0105 bezp\u0142atnie wzi\u0105\u0107 udzia\u0142 wszyscy uczestnicy cyklu zawod\u00f3w Gliwicka Parkowa Prowokacja Biegowa wraz z jedn\u0105 osob\u0105 towarzysz\u0105c\u0105.<\/span><\/li><li style=\"font-weight: 400;\" aria-level=\"1\"><span style=\"font-weight: 400;\">Organizator zapewnia uczestnikom balu:<\/span><ol><li style=\"font-weight: 400;\" aria-level=\"2\"><span style=\"font-weight: 400;\">obecno\u015b\u0107 przy<\/span> <span style=\"font-weight: 400;\">wr\u0119czaniu statuetek i nagr\u00f3d<\/span><\/li><li style=\"font-weight: 400;\" aria-level=\"2\"><span style=\"font-weight: 400;\">kaw\u0119, herbat\u0119<\/span><\/li><li style=\"font-weight: 400;\" aria-level=\"2\"><span style=\"font-weight: 400;\">dyskotek\u0119 przy muzyce na \u017cywo<\/span><\/li><li style=\"font-weight: 400;\" aria-level=\"2\"><span style=\"font-weight: 400;\">inne atrakcje w miar\u0119 hojno\u015bci sponsor\u00f3w<\/span><\/li><\/ol><\/li><li style=\"font-weight: 400;\" aria-level=\"1\"><span style=\"font-weight: 400;\">Inne napoje i potrawy uczestnicy balu organizuj\u0105 we w\u0142asnym zakresie.<\/span><\/li><li style=\"font-weight: 400;\" aria-level=\"1\"><span style=\"font-weight: 400;\">Bal Zwyci\u0119zc\u00f3w mo\u017ce zosta\u0107 odwo\u0142any ze wzgl\u0119du na przepisy epidemiologiczne lub z innych wa\u017cnych przyczyn.<\/span><\/li><\/ol><p>\u00a0<\/p><ol><li><b> OCHRONA DANYCH OSOBOWYCH<\/b><\/li><\/ol><ol><li style=\"font-weight: 400;\" aria-level=\"1\"><span style=\"font-weight: 400;\">Dane osobowe uczestnik\u00f3w b\u0119d\u0105 przetwarzane zgodnie z obowi\u0105zuj\u0105cymi przepisami, w szczeg\u00f3lno\u015bci z Rozporz\u0105dzeniem Parlamentu Europejskiego i Rady (UE) 2016\/679 z dnia 27 kwietnia 2016 r. w sprawie ochrony os\u00f3b fizycznych w zwi\u0105zku z przetwarzaniem danych osobowych i w sprawie swobodnego przep\u0142ywu takich danych oraz uchylenia dyrektywy 95\/46\/WE (og\u00f3lne rozporz\u0105dzenie o ochronie danych).<\/span><\/li><li style=\"font-weight: 400;\" aria-level=\"1\"><span style=\"font-weight: 400;\">Przetwarzanie danych, o kt\u00f3rym mowa w punkcie XII. 1. obejmuje r\u00f3wnie\u017c publikacj\u0119: imienia, nazwiska, roku urodzenia, nazwy miejscowo\u015bci i nazwy klubu.<\/span><\/li><li style=\"font-weight: 400;\" aria-level=\"1\"><span style=\"font-weight: 400;\">Szczeg\u00f3\u0142owe informacje dotycz\u0105ce przetwarzania danych osobowych zawarte s\u0105 w za\u0142\u0105czniku numer 1 do niniejszego regulaminu.<\/span><\/li><\/ol><p>\u00a0<\/p><p><b>XII. POSTANOWIENIA KO\u0143COWE<\/b><\/p><ol><li style=\"font-weight: 400;\" aria-level=\"1\"><span style=\"font-weight: 400;\">Zawodnicy bior\u0105 udzia\u0142 w zawodach na w\u0142asn\u0105 odpowiedzialno\u015b\u0107. Zg\u0142oszenie do zawod\u00f3w jest jednoznaczne z o\u015bwiadczeniem o stanie zdrowia pozwalaj\u0105cym na udzia\u0142 w tych\u017ce zawodach.<\/span><\/li><li style=\"font-weight: 400;\" aria-level=\"1\"><span style=\"font-weight: 400;\">Zg\u0142oszenie do zawod\u00f3w oznacza wyra\u017cenie zgody na przetwarzanie danych osobowych podanych w formularzu rejestracyjnym dla potrzeb realizacji procesu rejestracji, prezentacji list startowych i wynik\u00f3w zawod\u00f3w oraz do wykorzystania wizerunku dla potrzeb zwi\u0105zanych z organizacj\u0105 i promocj\u0105 imprezy zgodnie z ustaw\u0105 z dnia 28 sierpnia 1997 r. o ochronie danych osobowych (tekst jednolity: Dz. U. z 2002 r. Nr 101 poz. 926 z p\u00f3\u017an. zm.). Podanie danych osobowych jest dobrowolne, ale r\u00f3wnie\u017c niezb\u0119dne do udzia\u0142u w zawodach, a ka\u017cdy zawodnik ma prawo dost\u0119pu do tre\u015bci swoich danych oraz \u017c\u0105dania ich poprawienia.<\/span><\/li><li style=\"font-weight: 400;\" aria-level=\"1\"><span style=\"font-weight: 400;\">Zawody b\u0119d\u0105 odbywa\u0142y si\u0119 bez wzgl\u0119du na warunki atmosferyczne. W szczeg\u00f3lnych przypadkach zawody mog\u0105 zosta\u0107 odwo\u0142ane lub prze\u0142o\u017cone ze wzgl\u0119du na bezpiecze\u0144stwo uczestnik\u00f3w.<\/span><\/li><li style=\"font-weight: 400;\" aria-level=\"1\"><span style=\"font-weight: 400;\">Gliwicka Parkowa Prowokacja Biegowa jest imprez\u0105 ubezpieczon\u0105 na zasadach og\u00f3lnych. Ubezpieczenie indywidualne na wypadek kontuzji lub innego nieszcz\u0119\u015bliwego zdarzenia, kt\u00f3re mo\u017ce sta\u0107 si\u0119 udzia\u0142em zawodnika w czasi<\/span><span style=\"font-weight: 400;\">e zawod\u00f3w<\/span><span style=\"font-weight: 400;\"> wymaga osobnej polisy wykupionej indywidualnie przez uczestnika.<\/span><\/li><li style=\"font-weight: 400;\" aria-level=\"1\"><span style=\"font-weight: 400;\">Reklamacje mo\u017cna sk\u0142ada\u0107, w nieprzekraczalnym terminie 7 dni od og\u0142oszenia wynik\u00f3w zawod\u00f3w, na r\u0119ce szefa zawod\u00f3w:<\/span><ol><li style=\"font-weight: 400;\" aria-level=\"2\"><span style=\"font-weight: 400;\">e-mailem: biuro@gppb.eu<\/span><\/li><li style=\"font-weight: 400;\" aria-level=\"2\"><span style=\"font-weight: 400;\">jako wiadomo\u015b\u0107 na Facebooku.<\/span><\/li><li style=\"font-weight: 400;\" aria-level=\"2\"><span style=\"font-weight: 400;\">jako wiadomo\u015b\u0107 na stronie rejestracyjnej<\/span><\/li><\/ol><\/li><li style=\"font-weight: 400;\" aria-level=\"1\"><span style=\"font-weight: 400;\">Wi\u0105\u017c\u0105ca i ostateczna interpretacja niniejszego regulaminu przys\u0142uguje wy\u0142\u0105cznie organizatorowi Gliwickiej Parkowej Prowokacji Biegowej.<\/span><span style=\"font-weight: 400;\"><br \/><br \/><\/span><\/li><\/ol><p><span style=\"font-weight: 400;\">Gliwice, 31 grudnia 2025 r.<br \/><\/span><span style=\"font-weight: 400;\">Tomasz Starzyk<br \/><\/span><span style=\"font-weight: 400;\">koordynator<br \/><\/span><b>Gliwickiej<\/b> <b>Parkowej<\/b><b> Prowokacji<\/b> <b>Biegowej<\/b><\/p><p>\u00a0<\/p>\t\t\t\t\t\t\t\t<\/div>\n\t\t\t\t<\/div>\n\t\t\t\t\t<\/div>\n\t\t<\/div>\n\t\t\t\t\t<\/div>\n\t\t<\/section>\n\t\t\t\t<\/div>\n\t\t","protected":false},"excerpt":{"rendered":"<p>Gliwicka Parkowa Prowokacja Biegowa REGULAMIN ZAWOD\u00d3W WIRTUALNYCH sezon XIII- 2026 \u00a0 ORGANIZATOR Organizatorem zawod\u00f3w sportowych pod nazw\u0105 Gliwickiej Parkowej e-Prowokacji Biegowej jest Amatorski Klub Mi\u0142o\u015bnik\u00f3w Biegania \u201eP\u0119dziwiatr\u201d Gliwice dzia\u0142aj\u0105cy przy Stowarzyszeniu Rozwoju Czechowic w Gliwicach. Dane organizatora znajduj\u0105 si\u0119 na stronie\u00a0internetowej www.pedziwiatr.gliwice.pl oraz www.czechowicer.eu Oficjaln\u0105 stron\u0105 internetow\u0105 zawod\u00f3w jest www.gppb.eu Szeryfem cyklu zawod\u00f3w jest Andrzej [&hellip;]<\/p>\n","protected":false},"author":1,"featured_media":0,"parent":0,"menu_order":0,"comment_status":"closed","ping_status":"closed","template":"","meta":{"site-sidebar-layout":"no-sidebar","site-content-layout":"page-builder","ast-site-content-layout":"full-width-container","site-content-style":"default","site-sidebar-style":"default","ast-global-header-display":"","ast-banner-title-visibility":"","ast-main-header-display":"","ast-hfb-above-header-display":"","ast-hfb-below-header-display":"","ast-hfb-mobile-header-display":"","site-post-title":"","ast-breadcrumbs-content":"","ast-featured-img":"disabled","footer-sml-layout":"","ast-disable-related-posts":"","theme-transparent-header-meta":"","adv-header-id-meta":"","stick-header-meta":"","header-above-stick-meta":"","header-main-stick-meta":"","header-below-stick-meta":"","astra-migrate-meta-layouts":"default","ast-page-background-enabled":"default","ast-page-background-meta":{"desktop":{"background-color":"var(--ast-global-color-4)","background-image":"","background-repeat":"repeat","background-position":"center center","background-size":"auto","background-attachment":"scroll","background-type":"","background-media":"","overlay-type":"","overlay-color":"","overlay-opacity":"","overlay-gradient":""},"tablet":{"background-color":"","background-image":"","background-repeat":"repeat","background-position":"center center","background-size":"auto","background-attachment":"scroll","background-type":"","background-media":"","overlay-type":"","overlay-color":"","overlay-opacity":"","overlay-gradient":""},"mobile":{"background-color":"","background-image":"","background-repeat":"repeat","background-position":"center center","background-size":"auto","background-attachment":"scroll","background-type":"","background-media":"","overlay-type":"","overlay-color":"","overlay-opacity":"","overlay-gradient":""}},"ast-content-background-meta":{"desktop":{"background-color":"var(--ast-global-color-5)","background-image":"","background-repeat":"repeat","background-position":"center center","background-size":"auto","background-attachment":"scroll","background-type":"","background-media":"","overlay-type":"","overlay-color":"","overlay-opacity":"","overlay-gradient":""},"tablet":{"background-color":"var(--ast-global-color-5)","background-image":"","background-repeat":"repeat","background-position":"center center","background-size":"auto","background-attachment":"scroll","background-type":"","background-media":"","overlay-type":"","overlay-color":"","overlay-opacity":"","overlay-gradient":""},"mobile":{"background-color":"var(--ast-global-color-5)","background-image":"","background-repeat":"repeat","background-position":"center center","background-size":"auto","background-attachment":"scroll","background-type":"","background-media":"","overlay-type":"","overlay-color":"","overlay-opacity":"","overlay-gradient":""}},"footnotes":""},"class_list":["post-3482","page","type-page","status-publish","hentry"],"_links":{"self":[{"href":"https:\/\/gppb.eu\/index.php\/wp-json\/wp\/v2\/pages\/3482","targetHints":{"allow":["GET"]}}],"collection":[{"href":"https:\/\/gppb.eu\/index.php\/wp-json\/wp\/v2\/pages"}],"about":[{"href":"https:\/\/gppb.eu\/index.php\/wp-json\/wp\/v2\/types\/page"}],"author":[{"embeddable":true,"href":"https:\/\/gppb.eu\/index.php\/wp-json\/wp\/v2\/users\/1"}],"replies":[{"embeddable":true,"href":"https:\/\/gppb.eu\/index.php\/wp-json\/wp\/v2\/comments?post=3482"}],"version-history":[{"count":8,"href":"https:\/\/gppb.eu\/index.php\/wp-json\/wp\/v2\/pages\/3482\/revisions"}],"predecessor-version":[{"id":3490,"href":"https:\/\/gppb.eu\/index.php\/wp-json\/wp\/v2\/pages\/3482\/revisions\/3490"}],"wp:attachment":[{"href":"https:\/\/gppb.eu\/index.php\/wp-json\/wp\/v2\/media?parent=3482"}],"curies":[{"name":"wp","href":"https:\/\/api.w.org\/{rel}","templated":true}]}}