{"id":3504,"date":"2026-01-06T10:01:40","date_gmt":"2026-01-06T09:01:40","guid":{"rendered":"https:\/\/gppb.eu\/?page_id=3504"},"modified":"2026-01-06T10:23:59","modified_gmt":"2026-01-06T09:23:59","slug":"gppb-2026-oplaty","status":"publish","type":"page","link":"https:\/\/gppb.eu\/index.php\/gppb-2026-oplaty\/","title":{"rendered":"GPPB 2026 -op\u0142aty"},"content":{"rendered":"\t\t<div data-elementor-type=\"wp-page\" data-elementor-id=\"3504\" class=\"elementor elementor-3504\">\n\t\t\t\t\t\t<section class=\"elementor-section elementor-top-section elementor-element elementor-element-048bdf5 elementor-section-boxed elementor-section-height-default elementor-section-height-default\" data-id=\"048bdf5\" data-element_type=\"section\" data-e-type=\"section\">\n\t\t\t\t\t\t<div class=\"elementor-container elementor-column-gap-default\">\n\t\t\t\t\t<div class=\"elementor-column elementor-col-100 elementor-top-column elementor-element elementor-element-d0f0384\" data-id=\"d0f0384\" data-element_type=\"column\" data-e-type=\"column\">\n\t\t\t<div class=\"elementor-widget-wrap elementor-element-populated\">\n\t\t\t\t\t\t<div class=\"elementor-element elementor-element-576c421 elementor-widget elementor-widget-text-editor\" data-id=\"576c421\" data-element_type=\"widget\" data-e-type=\"widget\" data-widget_type=\"text-editor.default\">\n\t\t\t\t<div class=\"elementor-widget-container\">\n\t\t\t\t\t\t\t\t\t<header class=\"entry-header \"><h1 class=\"entry-title\"><span style=\"font-size: 16px;\">Op\u0142aty za start w zawodach GPPB w roku 2026 mo\u017cna wnosi\u0107:<\/span><\/h1><\/header><div class=\"entry-content clear\" data-ast-blocks-layout=\"true\"><ul class=\"wp-block-list\"><li>za pojedynczy start przez \u00a0 <strong><a href=\"https:\/\/my.raceresult.com\/377264\/participants\" target=\"_blank\" rel=\"noopener\">T-pay<\/a>\u00a0<\/strong><\/li><li>za kilka start\u00f3w przez\u00a0 <a href=\"https:\/\/zrzutka.pl\/n324s7\" target=\"_blank\" rel=\"noopener\"><strong>Zrzutka.pl<\/strong><\/a><strong> \u00a0<\/strong><\/li><li>za ca\u0142y rok + bezp\u0142atna koszulka <strong><a href=\"https:\/\/zrzutka.pl\/n324s7#offers\" target=\"_blank\" rel=\"noopener\">Zrzutka.pl<\/a><\/strong><\/li><\/ul><p><strong>w sytuacjach wyj\u0105tkowych, w biurze zawod\u00f3w:<\/strong><\/p><ul class=\"wp-block-list\"><li>got\u00f3wk\u0105<\/li><li>BLIKiem<\/li><\/ul><\/div>\t\t\t\t\t\t\t\t<\/div>\n\t\t\t\t<\/div>\n\t\t\t\t\t<\/div>\n\t\t<\/div>\n\t\t\t\t\t<\/div>\n\t\t<\/section>\n\t\t\t\t<\/div>\n\t\t","protected":false},"excerpt":{"rendered":"<p>Op\u0142aty za start w zawodach GPPB w roku 2026 mo\u017cna wnosi\u0107: za pojedynczy start przez \u00a0 T-pay\u00a0 za kilka start\u00f3w przez\u00a0 Zrzutka.pl \u00a0 za ca\u0142y rok + bezp\u0142atna koszulka Zrzutka.pl w sytuacjach wyj\u0105tkowych, w biurze zawod\u00f3w: got\u00f3wk\u0105 BLIKiem<\/p>\n","protected":false},"author":1,"featured_media":0,"parent":0,"menu_order":0,"comment_status":"closed","ping_status":"closed","template":"","meta":{"site-sidebar-layout":"no-sidebar","site-content-layout":"page-builder","ast-site-content-layout":"full-width-container","site-content-style":"default","site-sidebar-style":"default","ast-global-header-display":"","ast-banner-title-visibility":"","ast-main-header-display":"","ast-hfb-above-header-display":"","ast-hfb-below-header-display":"","ast-hfb-mobile-header-display":"","site-post-title":"","ast-breadcrumbs-content":"","ast-featured-img":"disabled","footer-sml-layout":"","ast-disable-related-posts":"","theme-transparent-header-meta":"","adv-header-id-meta":"","stick-header-meta":"","header-above-stick-meta":"","header-main-stick-meta":"","header-below-stick-meta":"","astra-migrate-meta-layouts":"set","ast-page-background-enabled":"default","ast-page-background-meta":{"desktop":{"background-color":"var(--ast-global-color-4)","background-image":"","background-repeat":"repeat","background-position":"center center","background-size":"auto","background-attachment":"scroll","background-type":"","background-media":"","overlay-type":"","overlay-color":"","overlay-opacity":"","overlay-gradient":""},"tablet":{"background-color":"","background-image":"","background-repeat":"repeat","background-position":"center center","background-size":"auto","background-attachment":"scroll","background-type":"","background-media":"","overlay-type":"","overlay-color":"","overlay-opacity":"","overlay-gradient":""},"mobile":{"background-color":"","background-image":"","background-repeat":"repeat","background-position":"center center","background-size":"auto","background-attachment":"scroll","background-type":"","background-media":"","overlay-type":"","overlay-color":"","overlay-opacity":"","overlay-gradient":""}},"ast-content-background-meta":{"desktop":{"background-color":"var(--ast-global-color-5)","background-image":"","background-repeat":"repeat","background-position":"center center","background-size":"auto","background-attachment":"scroll","background-type":"","background-media":"","overlay-type":"","overlay-color":"","overlay-opacity":"","overlay-gradient":""},"tablet":{"background-color":"var(--ast-global-color-5)","background-image":"","background-repeat":"repeat","background-position":"center center","background-size":"auto","background-attachment":"scroll","background-type":"","background-media":"","overlay-type":"","overlay-color":"","overlay-opacity":"","overlay-gradient":""},"mobile":{"background-color":"var(--ast-global-color-5)","background-image":"","background-repeat":"repeat","background-position":"center center","background-size":"auto","background-attachment":"scroll","background-type":"","background-media":"","overlay-type":"","overlay-color":"","overlay-opacity":"","overlay-gradient":""}},"footnotes":""},"class_list":["post-3504","page","type-page","status-publish","hentry"],"_links":{"self":[{"href":"https:\/\/gppb.eu\/index.php\/wp-json\/wp\/v2\/pages\/3504","targetHints":{"allow":["GET"]}}],"collection":[{"href":"https:\/\/gppb.eu\/index.php\/wp-json\/wp\/v2\/pages"}],"about":[{"href":"https:\/\/gppb.eu\/index.php\/wp-json\/wp\/v2\/types\/page"}],"author":[{"embeddable":true,"href":"https:\/\/gppb.eu\/index.php\/wp-json\/wp\/v2\/users\/1"}],"replies":[{"embeddable":true,"href":"https:\/\/gppb.eu\/index.php\/wp-json\/wp\/v2\/comments?post=3504"}],"version-history":[{"count":10,"href":"https:\/\/gppb.eu\/index.php\/wp-json\/wp\/v2\/pages\/3504\/revisions"}],"predecessor-version":[{"id":3530,"href":"https:\/\/gppb.eu\/index.php\/wp-json\/wp\/v2\/pages\/3504\/revisions\/3530"}],"wp:attachment":[{"href":"https:\/\/gppb.eu\/index.php\/wp-json\/wp\/v2\/media?parent=3504"}],"curies":[{"name":"wp","href":"https:\/\/api.w.org\/{rel}","templated":true}]}}