{"id":3550,"date":"2026-01-12T13:48:43","date_gmt":"2026-01-12T12:48:43","guid":{"rendered":"https:\/\/gppb.eu\/?page_id=3550"},"modified":"2026-01-12T21:06:34","modified_gmt":"2026-01-12T20:06:34","slug":"7-maraton-regulamin","status":"publish","type":"page","link":"https:\/\/gppb.eu\/index.php\/7-maraton-regulamin\/","title":{"rendered":"7 Maraton -regulamin"},"content":{"rendered":"\t\t<div data-elementor-type=\"wp-page\" data-elementor-id=\"3550\" class=\"elementor elementor-3550\">\n\t\t\t\t\t\t<section class=\"elementor-section elementor-top-section elementor-element elementor-element-135c033 elementor-section-boxed elementor-section-height-default elementor-section-height-default\" data-id=\"135c033\" data-element_type=\"section\" data-e-type=\"section\">\n\t\t\t\t\t\t<div class=\"elementor-container elementor-column-gap-default\">\n\t\t\t\t\t<div class=\"elementor-column elementor-col-100 elementor-top-column elementor-element elementor-element-5d5a582\" data-id=\"5d5a582\" data-element_type=\"column\" data-e-type=\"column\">\n\t\t\t<div class=\"elementor-widget-wrap elementor-element-populated\">\n\t\t\t\t\t\t<div class=\"elementor-element elementor-element-3914cc4 elementor-widget elementor-widget-text-editor\" data-id=\"3914cc4\" data-element_type=\"widget\" data-e-type=\"widget\" data-widget_type=\"text-editor.default\">\n\t\t\t\t<div class=\"elementor-widget-container\">\n\t\t\t\t\t\t\t\t\t<p style=\"text-align: center;\"><strong>VII Maraton P\u0119dziwiatra<br \/>im. Marka Dworskiego<br \/><br \/><\/strong><strong>REGULAMIN ZAWOD\u00d3W<\/strong><\/p><p><span style=\"text-decoration: underline;\">I. ORGANIZATOR<\/span><br \/>1. Organizatorem zawod\u00f3w sportowych pod nazw\u0105 &#8222;Maraton P\u0119dziwiatra&#8221; jest Amatorski Klub<br \/>Mi\u0142o\u015bnik\u00f3w Biegania P\u0119dziwiatr Gliwice, dzia\u0142aj\u0105cy jako sekcja sportowa Stowarzyszenia<br \/>Rozwoju Czechowic.<br \/>2. Dane organizatora znajduj\u0105 si\u0119 na stronie www.pedziwiatr.gliwice.pl<\/p><p><span style=\"text-decoration: underline;\">II. CEL<\/span><br \/>1. Propagowanie aktywnego sp\u0119dzania wolnego czasu.<br \/>2. Propagowanie amatorskich bieg\u00f3w d\u0142ugodystansowych.<br \/>3. Uczczenie XV rocznicy za\u0142o\u017cenia AKMB P\u0119dziwiatr Gliwice.<\/p><p><span style=\"text-decoration: underline;\">III. KONKURENCJE<\/span><br \/>1. Bieg indywidualny.<br \/>2. Bieg dru\u017cynowy (dru\u017cyny 4 osobowe: dwie kobiety i dw\u00f3ch m\u0119\u017cczyzn; ka\u017cdy cz\u0142onek dru\u017cyny musi<br \/>przebiec pe\u0142ny maraton; start wsp\u00f3lny).<br \/>3. Bieg sztafetowy (sztafeta 4 osobowa: dwie kobiety i dw\u00f3ch m\u0119\u017cczyzn; ka\u017cdy uczestnik sztafety musi<br \/>przebiec co najmniej 2 nast\u0119puj\u0105ce po sobie okr\u0105\u017cenia; start kolejnego zawodnika po przekazaniu<br \/>w strefie zmiany pa\u0142eczki z czipem).<\/p><p><span style=\"text-decoration: underline;\">IV. TERMIN I MIEJSCE<\/span><br \/>1. Zawody odb\u0119d\u0105 si\u0119 w sobot\u0119, 27 czerwca 2026 r.<br \/>2. Start o godzinie 10:00, razem ze startem Gliwickiej Parkowej Prowokacji Biegowej.<br \/>3. Zawody b\u0119d\u0105 rozgrywane na trasie Gliwickiej Parkowej Prowokacji Biegowej (www.gppb.eu) -dukty<br \/>le\u015bne oraz asfalt.<br \/>4. Trasa ma d\u0142ugo\u015b\u0107 42,195 km = 10 okr\u0105\u017ce\u0144 po 4,2195 km ka\u017cde. Trasa nie posiada atestu PZLA i<br \/>b\u0119dzie wy\u0142\u0105czona z ruchu pojazd\u00f3w ale nie b\u0119dzie wy\u0142\u0105czona z ruchu pieszych.<br \/>5. Biuro zawod\u00f3w b\u0119dzie usytuowane na Polanie Edukacyjnej w Lesie Komunalnym obok stadionu<br \/>Piasta -wjazd od ulicy Le\u015bnej, brama B.<br \/>6. Biuro zawod\u00f3w, wsp\u00f3lne dla Maratonu i dla Prowokacji, b\u0119dzie czynne w dniu zawod\u00f3w, od<br \/>godziny 9:00.<\/p><p><span style=\"text-decoration: underline;\">V. PUNKTY OD\u015aWIE\u017bANIA I KONTROLNE<\/span><br \/>1. Punkty nawadniania, b\u0119d\u0105 usytuowane w rejonie startu\/mety oraz w okolicy po\u0142owy trasy<br \/>-dost\u0119pne po ka\u017cdym okr\u0105\u017ceniu.<br \/>2. W rejonie startu\/mety b\u0119dzie punkt od\u017cywczy (banany, \u017cele, od\u017cywki w\u0142asne) -dost\u0119pny po<br \/>ka\u017cdym okr\u0105\u017ceniu.<br \/>3. Zawodnicy mog\u0105 na w\u0142asn\u0105 odpowiedzialno\u015b\u0107 pozostawi\u0107 swoje napoje i od\u017cywki, w<br \/>oznakowanych opakowaniach, na wyznaczonym do tego stole w rejonie mety.<br \/>4. Elektroniczna kontrola czasu b\u0119dzie nast\u0119powa\u0142a na linii startu\/mety.<\/p><p><span style=\"text-decoration: underline;\">VI. UCZESTNICTWO<\/span><br \/>1. Zawody s\u0105 og\u00f3lnodost\u0119pne wy\u0142\u0105cznie dla os\u00f3b pe\u0142noletnich.<br \/>2. Zapisy na zawody b\u0119d\u0105 przyjmowane wy\u0142\u0105cznie przez Internet; nie b\u0119dzie zapis\u00f3w w biurze<br \/>zawod\u00f3w.<br \/>3. Sk\u0142ad osobowy dru\u017cyny oraz sztafety mo\u017cna zmienia\u0107 do 26 czerwca 2026 do godziny 12:00.<br \/>4. Limit uczestnik\u00f3w wynosi 300 os\u00f3b, decyduje kolejno\u015b\u0107 wp\u0142at.<br \/>5. Pierwsze pi\u0119\u0107 okr\u0105\u017ce\u0144 w Maratonie P\u0119dziwiatra jest zaliczane do klasyfikacji \u201ewytrwali\u201d oraz do<br \/>klasyfikacji dru\u017cynowej w Gliwickiej Parkowej Prowokacji Biegowej bez dodatkowej op\u0142aty.<br \/>6. Numer startowy nale\u017cy odebra\u0107 osobi\u015bcie w biurze zawod\u00f3w.<br \/>7. Numer startowy nie podlega zwrotowi -mo\u017cna go po zawodach zatrzyma\u0107.<br \/>8. Decyzje s\u0142u\u017cby medycznej dotycz\u0105ce kontynuowania zawod\u00f3w s\u0105 ostateczne i nieodwo\u0142alne.<br \/>9. Limit czasowy wynosi 6 godzin niezale\u017cnie od konkurencji.<\/p><p><span style=\"text-decoration: underline;\">VII. KLASYFIKACJE<\/span><br \/>1. Klasyfikacja indywidualna open, odr\u0119bnie dla kobiet i m\u0119\u017cczyzn.<br \/>2. Klasyfikacje indywidualne wiekowe: K\/M 20, 30, 40, 50, 60 i 70+<br \/>3. Klasyfikacja dru\u017cynowa.<br \/>4. Klasyfikacja sztafet.<br \/>5. Do klasyfikacji indywidualnych b\u0119d\u0105 zaliczane r\u00f3wnie\u017c rezultaty zawodnik\u00f3w startuj\u0105cych w<br \/>dru\u017cynach, ale nie w sztafecie.<br \/>6. Podstaw\u0105 wszystkich klasyfikacji b\u0119dzie elektroniczny pomiar czasu.<br \/>7. Klasyfikacja zawodnik\u00f3w b\u0119dzie odbywa\u0142a si\u0119 na podstawie czasu rzeczywistego, liczonego od chwili<br \/>przekroczenia linii startu do momentu przekroczenia linii mety (netto).<br \/>8. Wyniki zawod\u00f3w b\u0119d\u0105 zamieszczone na stronie www.gppb.eu.<\/p><p style=\"text-align: left;\"><span style=\"text-decoration: underline;\">VIII. NAGRODY I \u015aWIADCZENIA<\/span><br \/>1. Nagrody i \u015bwiadczenia gwarantuje si\u0119 uczestnikom, kt\u00f3rzy zapisz\u0105 si\u0119 i wnios\u0105 op\u0142at\u0119 startow\u0105 do<br \/>10 czerwca 2026 r. w\u0142\u0105cznie.<\/p><p>1. Ka\u017cdy zawodnik, otrzyma:<br \/>1. imienny numer startowy<br \/>2. medal -na mecie, tylko po uko\u0144czeniu pe\u0142nego dystansu maratonu indywidualnie lub w<br \/>sztafecie<br \/>3. dyplom -do odbioru na kolejnych zawodach Prowokacji lub b\u0119dzie przes\u0142any poczt\u0105<br \/>4. posi\u0142ek.<\/p><p>2. Nagrody -bony do sklepu sportowego:<br \/>1. za miejsca 1-3 w kategoriach wiekowych kobiet i m\u0119\u017cczyzn -100 z\u0142<br \/>2. w kategorii open kobiet i m\u0119\u017cczyzn<br \/>1. za miejsca 3 -400 z\u0142<br \/>2. za miejsca 2 -500 z\u0142<br \/>3. za miejsca 1 -600 z\u0142<br \/>3. najszybsza dru\u017cyna -600 z\u0142<br \/>4. najszybsza sztafeta -600 z\u0142<br \/>5. nagrody indywidualne nie \u0142\u0105cz\u0105 si\u0119 (nagrodzeni open nie dostan\u0105 nagr\u00f3d w kategoriach)<br \/>6. nagrody indywidualne i dru\u017cynowe mog\u0105 si\u0119 \u0142\u0105czy\u0107<\/p><p>3. B\u0119dzie losowanie nagr\u00f3d od sponsor\u00f3w.<br \/>4. Nie przewiduje si\u0119 pakiet\u00f3w startowych.<br \/>5. W rejonie biura zawod\u00f3w b\u0119d\u0105 dost\u0119pne namioty-przebieralnie, depozyt oraz ubikacja.<br \/>6. Nie b\u0119dzie prysznic\u00f3w i umywalni.<\/p><p><span style=\"text-decoration: underline;\">IX. OP\u0141ATY<\/span><br \/>1. Op\u0142ata startowa wynosi:<\/p><p style=\"text-align: left;\">1. start indywidualny<br \/>1. 120 z\u0142 -do 28 lutego 2026 r. w\u0142\u0105cznie<br \/>2. 140 z\u0142 -w dniach 1 marca &#8211; 30 kwietnia 2026 r.<br \/>3. 170 z\u0142 -w dniach 1 maja &#8211; 26 czerwca 2026<br \/>4. 200 z\u0142 -got\u00f3wk\u0105 w dniu zawod\u00f3w w biurze zawod\u00f3w<\/p><p style=\"text-align: left;\">2. dru\u017cyna i sztafeta (4 osoby)<br \/>1. 400 z\u0142 -do 28 lutego 2026 r. w\u0142\u0105cznie<br \/>2. 500 z\u0142 -w dniach 1 marca &#8211; 30 kwietnia 2026 r.<br \/>3. 600 z\u0142 -w dniach 1 maja &#8211; 26 czerwca 2026<br \/>4. 700 z\u0142 -got\u00f3wk\u0105 w dniu zawod\u00f3w w biurze zawod\u00f3w<\/p><p style=\"text-align: left;\">2. Op\u0142aty b\u0119d\u0105 przyjmowane przelewem (informacja na internetowej stronie rejestracyjnej) lub<br \/>got\u00f3wk\u0105 w dniu zawod\u00f3w.<br \/>3. Zawodnikom, kt\u00f3rzy dokonaj\u0105 op\u0142aty przelewem lub got\u00f3wk\u0105 po 10 czerwca 2026 nie gwarantuje<br \/>si\u0119 medalu, dyplomu i innych \u015bwiadcze\u0144 w dniu zawod\u00f3w. Medale i mo\u017cliwe do uzyskania<br \/>\u015bwiadczenia b\u0119d\u0105 przes\u0142ane uczestnikom w p\u00f3\u017aniejszym terminie, je\u015bli wyra\u017c\u0105 takie \u017cyczenie.<br \/>4. Op\u0142ata startowa nie podlega zwrotowi.<\/p><p style=\"text-align: left;\">XI. POSTANOWIENIA KO\u0143COWE<br \/>1. Podczas zawod\u00f3w wszyscy zawodnicy musz\u0105 mie\u0107 numery startowe przymocowane do przedniej<br \/>cz\u0119\u015bci ubra\u0144 startowych. Zas\u0142anianie numeru startowego w cz\u0119\u015bci lub w ca\u0142o\u015bci b\u0105d\u017a jego<br \/>modyfikacja utrudniaj\u0105ca identyfikacj\u0119 zawodnika mo\u017ce spowodowa\u0107 sklasyfikowanie<br \/>uczestnika zawod\u00f3w na ostatnim miejscu lub jego nieklasyfikowanie.<br \/>2. Zawodnicy bior\u0105 udzia\u0142 w zawodach na w\u0142asn\u0105 odpowiedzialno\u015b\u0107. Zg\u0142oszenie do zawod\u00f3w jest<br \/>jednoznaczne z o\u015bwiadczeniem o stanie zdrowia pozwalaj\u0105cym na udzia\u0142 w tych\u017ce zawodach.<br \/>3. Zg\u0142oszenie do zawod\u00f3w oznacza wyra\u017cenie zgody na przetwarzanie danych osobowych podanych w<br \/>formularzu rejestracyjnym dla potrzeb realizacji procesu rejestracji, prezentacji list startowych i<br \/>wynik\u00f3w zawod\u00f3w oraz do wykorzystania wizerunku dla potrzeb zwi\u0105zanych z organizacj\u0105 i<br \/>promocj\u0105 imprezy zgodnie z ustaw\u0105 z dnia 28 sierpnia 1997 r. o ochronie danych osobowych (tekst<br \/>jednolity: Dz. U. z 2002 r. Nr 101 poz. 926 z p\u00f3\u017an. zm.). Podanie danych osobowych jest<br \/>dobrowolne, ale r\u00f3wnie\u017c niezb\u0119dne do udzia\u0142u w zawodach, a ka\u017cdy zawodnik ma prawo dost\u0119pu<br \/>do tre\u015bci swoich danych oraz \u017c\u0105dania ich poprawienia.<br \/>4. Zawody b\u0119d\u0105 odbywa\u0142y si\u0119 bez wzgl\u0119du na warunki atmosferyczne. W szczeg\u00f3lnych przypadkach<br \/>zawody mog\u0105 zosta\u0107 odwo\u0142ane lub prze\u0142o\u017cone ze wzgl\u0119du na bezpiecze\u0144stwo uczestnik\u00f3w.<br \/>5. Maraton P\u0119dziwiatra jest imprez\u0105 ubezpieczon\u0105 na zasadach og\u00f3lnych. Ubezpieczenie<br \/>indywidualne na wypadek kontuzji lub innego nieszcz\u0119\u015bliwego zdarzenia, kt\u00f3re mo\u017ce sta\u0107 si\u0119<br \/>udzia\u0142em zawodnika w czasie zawod\u00f3w wymaga osobnej polisy wykupionej indywidualnie przez<br \/>uczestnika.<br \/>6. Reklamacje mo\u017cna sk\u0142ada\u0107 w biurze zawod\u00f3w, w nieprzekraczalnym terminie 30 minut od<br \/>og\u0142oszenia wynik\u00f3w zawod\u00f3w.<br \/>7. Wi\u0105\u017c\u0105ca i ostateczna interpretacja niniejszego regulaminu przys\u0142uguje wy\u0142\u0105cznie organizatorowi Maratonu P\u0119dziwiatra.<br \/>8. Maraton P\u0119dziwiatra mo\u017ce by\u0107 prze\u0142o\u017cony lub odwo\u0142any ze wzgl\u0119du na przepisy sanitarne.<\/p><p style=\"text-align: left;\">Gliwice, 12 stycznia 2026 r.<\/p>\t\t\t\t\t\t\t\t<\/div>\n\t\t\t\t<\/div>\n\t\t\t\t\t<\/div>\n\t\t<\/div>\n\t\t\t\t\t<\/div>\n\t\t<\/section>\n\t\t\t\t<\/div>\n\t\t","protected":false},"excerpt":{"rendered":"<p>VII Maraton P\u0119dziwiatraim. Marka Dworskiego REGULAMIN ZAWOD\u00d3W I. ORGANIZATOR1. Organizatorem zawod\u00f3w sportowych pod nazw\u0105 &#8222;Maraton P\u0119dziwiatra&#8221; jest Amatorski KlubMi\u0142o\u015bnik\u00f3w Biegania P\u0119dziwiatr Gliwice, dzia\u0142aj\u0105cy jako sekcja sportowa StowarzyszeniaRozwoju Czechowic.2. Dane organizatora znajduj\u0105 si\u0119 na stronie www.pedziwiatr.gliwice.pl II. CEL1. Propagowanie aktywnego sp\u0119dzania wolnego czasu.2. Propagowanie amatorskich bieg\u00f3w d\u0142ugodystansowych.3. Uczczenie XV rocznicy za\u0142o\u017cenia AKMB P\u0119dziwiatr Gliwice. III. KONKURENCJE1. [&hellip;]<\/p>\n","protected":false},"author":1,"featured_media":0,"parent":0,"menu_order":0,"comment_status":"closed","ping_status":"closed","template":"","meta":{"site-sidebar-layout":"no-sidebar","site-content-layout":"page-builder","ast-site-content-layout":"full-width-container","site-content-style":"default","site-sidebar-style":"default","ast-global-header-display":"","ast-banner-title-visibility":"","ast-main-header-display":"","ast-hfb-above-header-display":"","ast-hfb-below-header-display":"","ast-hfb-mobile-header-display":"","site-post-title":"","ast-breadcrumbs-content":"","ast-featured-img":"disabled","footer-sml-layout":"","ast-disable-related-posts":"","theme-transparent-header-meta":"","adv-header-id-meta":"","stick-header-meta":"","header-above-stick-meta":"","header-main-stick-meta":"","header-below-stick-meta":"","astra-migrate-meta-layouts":"set","ast-page-background-enabled":"default","ast-page-background-meta":{"desktop":{"background-color":"var(--ast-global-color-4)","background-image":"","background-repeat":"repeat","background-position":"center center","background-size":"auto","background-attachment":"scroll","background-type":"","background-media":"","overlay-type":"","overlay-color":"","overlay-opacity":"","overlay-gradient":""},"tablet":{"background-color":"","background-image":"","background-repeat":"repeat","background-position":"center center","background-size":"auto","background-attachment":"scroll","background-type":"","background-media":"","overlay-type":"","overlay-color":"","overlay-opacity":"","overlay-gradient":""},"mobile":{"background-color":"","background-image":"","background-repeat":"repeat","background-position":"center center","background-size":"auto","background-attachment":"scroll","background-type":"","background-media":"","overlay-type":"","overlay-color":"","overlay-opacity":"","overlay-gradient":""}},"ast-content-background-meta":{"desktop":{"background-color":"var(--ast-global-color-5)","background-image":"","background-repeat":"repeat","background-position":"center center","background-size":"auto","background-attachment":"scroll","background-type":"","background-media":"","overlay-type":"","overlay-color":"","overlay-opacity":"","overlay-gradient":""},"tablet":{"background-color":"var(--ast-global-color-5)","background-image":"","background-repeat":"repeat","background-position":"center center","background-size":"auto","background-attachment":"scroll","background-type":"","background-media":"","overlay-type":"","overlay-color":"","overlay-opacity":"","overlay-gradient":""},"mobile":{"background-color":"var(--ast-global-color-5)","background-image":"","background-repeat":"repeat","background-position":"center center","background-size":"auto","background-attachment":"scroll","background-type":"","background-media":"","overlay-type":"","overlay-color":"","overlay-opacity":"","overlay-gradient":""}},"footnotes":""},"class_list":["post-3550","page","type-page","status-publish","hentry"],"_links":{"self":[{"href":"https:\/\/gppb.eu\/index.php\/wp-json\/wp\/v2\/pages\/3550","targetHints":{"allow":["GET"]}}],"collection":[{"href":"https:\/\/gppb.eu\/index.php\/wp-json\/wp\/v2\/pages"}],"about":[{"href":"https:\/\/gppb.eu\/index.php\/wp-json\/wp\/v2\/types\/page"}],"author":[{"embeddable":true,"href":"https:\/\/gppb.eu\/index.php\/wp-json\/wp\/v2\/users\/1"}],"replies":[{"embeddable":true,"href":"https:\/\/gppb.eu\/index.php\/wp-json\/wp\/v2\/comments?post=3550"}],"version-history":[{"count":10,"href":"https:\/\/gppb.eu\/index.php\/wp-json\/wp\/v2\/pages\/3550\/revisions"}],"predecessor-version":[{"id":3579,"href":"https:\/\/gppb.eu\/index.php\/wp-json\/wp\/v2\/pages\/3550\/revisions\/3579"}],"wp:attachment":[{"href":"https:\/\/gppb.eu\/index.php\/wp-json\/wp\/v2\/media?parent=3550"}],"curies":[{"name":"wp","href":"https:\/\/api.w.org\/{rel}","templated":true}]}}