{"id":595,"date":"2023-01-07T15:55:52","date_gmt":"2023-01-07T14:55:52","guid":{"rendered":"http:\/\/gppb.eu\/?page_id=595"},"modified":"2023-01-07T16:20:06","modified_gmt":"2023-01-07T15:20:06","slug":"numer-od-julci","status":"publish","type":"page","link":"https:\/\/gppb.eu\/index.php\/numer-od-julci\/","title":{"rendered":"Numer od Julci"},"content":{"rendered":"\t\t<div data-elementor-type=\"wp-page\" data-elementor-id=\"595\" class=\"elementor elementor-595\">\n\t\t\t\t\t\t<section class=\"elementor-section elementor-top-section elementor-element elementor-element-53931c46 elementor-section-boxed elementor-section-height-default elementor-section-height-default\" data-id=\"53931c46\" data-element_type=\"section\" data-e-type=\"section\">\n\t\t\t\t\t\t<div class=\"elementor-container elementor-column-gap-default\">\n\t\t\t\t\t<div class=\"elementor-column elementor-col-100 elementor-top-column elementor-element elementor-element-416bbd72\" data-id=\"416bbd72\" data-element_type=\"column\" data-e-type=\"column\">\n\t\t\t<div class=\"elementor-widget-wrap elementor-element-populated\">\n\t\t\t\t\t\t<div class=\"elementor-element elementor-element-4fad0a1c elementor-widget elementor-widget-text-editor\" data-id=\"4fad0a1c\" data-element_type=\"widget\" data-e-type=\"widget\" data-widget_type=\"text-editor.default\">\n\t\t\t\t<div class=\"elementor-widget-container\">\n\t\t\t\t\t\t\t\t\t\n<p>Mo\u017cna wybra\u0107 konkretny numer startowy na Prowokacji 2023.<br>Wi\u0105\u017ce si\u0119 to dla nas, organizator\u00f3w, z dodatkow\u0105 prac\u0105, wi\u0119c prosimy o odwdzi\u0119czenie si\u0119 i wp\u0142at\u0119 drobnej kwoty na cel charytatywny -na rehabilitacj\u0119 Julki Adamowskiej:<br><a href=\"http:\/\/julia.adamowska.pl\/\" target=\"_blank\" rel=\"noreferrer noopener\">http:\/\/julia.adamowska.pl\/<\/a><\/p>\n\n\n\n<figure class=\"wp-block-image size-full\"><img fetchpriority=\"high\" decoding=\"async\" width=\"315\" height=\"420\" src=\"https:\/\/gppb.eu\/wp-content\/uploads\/2023\/01\/Julka2022.jpg\" alt=\"\" class=\"wp-image-598\" srcset=\"https:\/\/gppb.eu\/wp-content\/uploads\/2023\/01\/Julka2022.jpg 315w, https:\/\/gppb.eu\/wp-content\/uploads\/2023\/01\/Julka2022-225x300.jpg 225w, https:\/\/gppb.eu\/wp-content\/uploads\/2023\/01\/Julka2022-18x24.jpg 18w, https:\/\/gppb.eu\/wp-content\/uploads\/2023\/01\/Julka2022-27x36.jpg 27w, https:\/\/gppb.eu\/wp-content\/uploads\/2023\/01\/Julka2022-36x48.jpg 36w\" sizes=\"(max-width: 315px) 100vw, 315px\" \/><\/figure>\n\n\n\n<p><br>\u017beby otrzyma\u0107 na ca\u0142y rok wymarzony numer startowy nale\u017cy:<\/p>\n\n\n\n<ol class=\"wp-block-list\">\n<li>zarejestrowa\u0107 si\u0119 na GPPB 2023:<br><a href=\"https:\/\/my.raceresult.com\/230377\/registration\" target=\"_blank\" rel=\"noreferrer noopener\">https:\/\/my.raceresult.com\/230377\/registration<\/a><\/li>\n\n\n\n<li>wnie\u015b\u0107 op\u0142at\u0119 za co najmniej jeden start w zawodach<\/li>\n\n\n\n<li>wype\u0142ni\u0107 formularz zam\u00f3wienia numeru, podaj\u0105c kwot\u0119 <strong>deklarowane<mark style=\"background-color:rgba(0, 0, 0, 0)\" class=\"has-inline-color has-ast-global-color-0-color\">j<\/mark><\/strong> darowizny dla Julki:<br><a rel=\"noreferrer noopener\" href=\"https:\/\/forms.gle\/sjcfijwPVaWFndvG8\" target=\"_blank\">https:\/\/forms.gle\/sjcfijwPVaWFndvG8<\/a><br>Zakresy numer\u00f3w do wyboru: <strong>od 2 do 999<\/strong><br>Numery startowe mo\u017cna zamawia\u0107 <strong>do 12 stycznia 2022 r. do godziny 24:00.<\/strong><br>13 stycznia poinformujemy zainteresowanych o przydzielonych numerach i <strong>w\u00f3wczas poprosimy o wp\u0142at\u0119<\/strong> zadeklarowanej darowizny bezpo\u015brednio na konto fundacji.<br>Je\u015bli kilka os\u00f3b wybierze ten sam numer, to zwyci\u0119\u017ca osoba, kt\u00f3ra zadeklarowa\u0142a wy\u017csz\u0105 kwot\u0119 darowizny. Je\u015bli b\u0119d\u0105 osoby z tymi samymi kwotami, to skontaktujemy si\u0119 z nimi i umo\u017cliwimy uaktualnienie kwoty. Zwyci\u0119\u017cy osoba z wy\u017csz\u0105 uaktualnion\u0105 kwot\u0105.<br>Darowizn\u0119 dla Julki zobowi\u0105zany b\u0119dzie wp\u0142aci\u0107 TYLKO zawodnik, kt\u00f3remu przydzielimy wybrany przez niego numer!<br>Numery przydzielone przez organizator\u00f3w w procesie normalnej rejestracji s\u0105 BEZP\u0141ATNE!<br>Oczywi\u015bcie wdzi\u0119czni b\u0119dziemy niezmiernie za ka\u017cd\u0105 dodatkow\u0105 wp\u0142at\u0119 na leczenie i rehabilitacj\u0119 Julki \ud83d\ude42<br>Procedur\u0119 przydzia\u0142u numer\u00f3w prowadzi szef GPPB Andrzej Szelka. W razie niejasno\u015bci prosz\u0119 pyta\u0107 mailem: biuro@gppb.eu<\/li>\n<\/ol>\n\t\t\t\t\t\t\t\t<\/div>\n\t\t\t\t<\/div>\n\t\t\t\t\t<\/div>\n\t\t<\/div>\n\t\t\t\t\t<\/div>\n\t\t<\/section>\n\t\t\t\t<\/div>\n\t\t","protected":false},"excerpt":{"rendered":"<p>Mo\u017cna wybra\u0107 konkretny numer startowy na Prowokacji 2023.Wi\u0105\u017ce si\u0119 to dla nas, organizator\u00f3w, z dodatkow\u0105 prac\u0105, wi\u0119c prosimy o odwdzi\u0119czenie si\u0119 i wp\u0142at\u0119 drobnej kwoty na cel charytatywny -na rehabilitacj\u0119 Julki Adamowskiej:http:\/\/julia.adamowska.pl\/ \u017beby otrzyma\u0107 na ca\u0142y rok wymarzony numer startowy nale\u017cy:<\/p>\n","protected":false},"author":1,"featured_media":0,"parent":0,"menu_order":0,"comment_status":"closed","ping_status":"closed","template":"","meta":{"site-sidebar-layout":"default","site-content-layout":"","ast-site-content-layout":"default","site-content-style":"default","site-sidebar-style":"default","ast-global-header-display":"","ast-banner-title-visibility":"","ast-main-header-display":"","ast-hfb-above-header-display":"","ast-hfb-below-header-display":"","ast-hfb-mobile-header-display":"","site-post-title":"","ast-breadcrumbs-content":"","ast-featured-img":"","footer-sml-layout":"","ast-disable-related-posts":"","theme-transparent-header-meta":"","adv-header-id-meta":"","stick-header-meta":"","header-above-stick-meta":"","header-main-stick-meta":"","header-below-stick-meta":"","astra-migrate-meta-layouts":"default","ast-page-background-enabled":"default","ast-page-background-meta":{"desktop":{"background-color":"var(--ast-global-color-4)","background-image":"","background-repeat":"repeat","background-position":"center center","background-size":"auto","background-attachment":"scroll","background-type":"","background-media":"","overlay-type":"","overlay-color":"","overlay-opacity":"","overlay-gradient":""},"tablet":{"background-color":"","background-image":"","background-repeat":"repeat","background-position":"center center","background-size":"auto","background-attachment":"scroll","background-type":"","background-media":"","overlay-type":"","overlay-color":"","overlay-opacity":"","overlay-gradient":""},"mobile":{"background-color":"","background-image":"","background-repeat":"repeat","background-position":"center center","background-size":"auto","background-attachment":"scroll","background-type":"","background-media":"","overlay-type":"","overlay-color":"","overlay-opacity":"","overlay-gradient":""}},"ast-content-background-meta":{"desktop":{"background-color":"var(--ast-global-color-5)","background-image":"","background-repeat":"repeat","background-position":"center center","background-size":"auto","background-attachment":"scroll","background-type":"","background-media":"","overlay-type":"","overlay-color":"","overlay-opacity":"","overlay-gradient":""},"tablet":{"background-color":"var(--ast-global-color-5)","background-image":"","background-repeat":"repeat","background-position":"center center","background-size":"auto","background-attachment":"scroll","background-type":"","background-media":"","overlay-type":"","overlay-color":"","overlay-opacity":"","overlay-gradient":""},"mobile":{"background-color":"var(--ast-global-color-5)","background-image":"","background-repeat":"repeat","background-position":"center center","background-size":"auto","background-attachment":"scroll","background-type":"","background-media":"","overlay-type":"","overlay-color":"","overlay-opacity":"","overlay-gradient":""}},"footnotes":""},"class_list":["post-595","page","type-page","status-publish","hentry"],"_links":{"self":[{"href":"https:\/\/gppb.eu\/index.php\/wp-json\/wp\/v2\/pages\/595","targetHints":{"allow":["GET"]}}],"collection":[{"href":"https:\/\/gppb.eu\/index.php\/wp-json\/wp\/v2\/pages"}],"about":[{"href":"https:\/\/gppb.eu\/index.php\/wp-json\/wp\/v2\/types\/page"}],"author":[{"embeddable":true,"href":"https:\/\/gppb.eu\/index.php\/wp-json\/wp\/v2\/users\/1"}],"replies":[{"embeddable":true,"href":"https:\/\/gppb.eu\/index.php\/wp-json\/wp\/v2\/comments?post=595"}],"version-history":[{"count":6,"href":"https:\/\/gppb.eu\/index.php\/wp-json\/wp\/v2\/pages\/595\/revisions"}],"predecessor-version":[{"id":615,"href":"https:\/\/gppb.eu\/index.php\/wp-json\/wp\/v2\/pages\/595\/revisions\/615"}],"wp:attachment":[{"href":"https:\/\/gppb.eu\/index.php\/wp-json\/wp\/v2\/media?parent=595"}],"curies":[{"name":"wp","href":"https:\/\/api.w.org\/{rel}","templated":true}]}}